{"id":59,"date":"2019-11-19T09:19:33","date_gmt":"2019-11-19T08:19:33","guid":{"rendered":"http:\/\/lishkatmisjar.com\/?p=59"},"modified":"2021-09-09T13:17:05","modified_gmt":"2021-09-09T11:17:05","slug":"servicios","status":"publish","type":"page","link":"https:\/\/cacobi.com\/es\/servicios\/","title":{"rendered":"Servicios"},"content":{"rendered":"<h1>Servicios<\/h1>\n<h2>Servicios de Activate<\/h2>\n<div>\n<p>El paquete de <strong>servicios de Activate<\/strong> permite proporcionar a nuestros clientes unos servicios b\u00e1sicos a trav\u00e9s del pago de una cuota mensual de 100\u20ac la cual permitir\u00e1 a nuestros clientes tener un f\u00e1cil acceso a:<\/p>\n<ul>\n<li>Visibilidad<\/li>\n<li>Acceso a informaci\u00f3n empresarial<\/li>\n<li>Gesti\u00f3n del proceso de Due Diligence<\/li>\n<li>Ayuda a la b\u00fasqueda de financiaci\u00f3n<\/li>\n<li>Informes de evoluci\u00f3n de mercado y tecnolog\u00edas<\/li>\n<li>B\u00fasqueda y coordinaci\u00f3n de fuentes de cooperaci\u00f3n a nivel local, nacional e internacional<\/li>\n<\/ul>\n<\/div>\n<div>\n<p>    <a class=\"uk-button uk-button-primary\" href=\"#modal-activate\" uk-toggle=\"\" aria-expanded=\"false\">Solicitar m\u00e1s informaci\u00f3n<\/a><\/p>\n<div id=\"modal-activate\" uk-modal>\n<div class=\"uk-modal-dialog uk-modal-body\"><button class=\"uk-modal-close-default\" type=\"button\" uk-close><\/button><div role=\"form\" class=\"wpcf7\" id=\"wpcf7-f1983-o1\" lang=\"es-ES\" dir=\"ltr\">\n<div class=\"screen-reader-response\"><p role=\"status\" aria-live=\"polite\" aria-atomic=\"true\"><\/p> <ul><\/ul><\/div>\n<form action=\"\/es\/wp-json\/wp\/v2\/pages\/59#wpcf7-f1983-o1\" method=\"post\" class=\"wpcf7-form init\" novalidate=\"novalidate\" data-status=\"init\">\n<div style=\"display: none;\">\n<input type=\"hidden\" name=\"_wpcf7\" value=\"1983\" \/>\n<input type=\"hidden\" name=\"_wpcf7_version\" value=\"5.5.6\" \/>\n<input type=\"hidden\" name=\"_wpcf7_locale\" value=\"es_ES\" \/>\n<input type=\"hidden\" name=\"_wpcf7_unit_tag\" value=\"wpcf7-f1983-o1\" \/>\n<input type=\"hidden\" name=\"_wpcf7_container_post\" value=\"0\" \/>\n<input type=\"hidden\" name=\"_wpcf7_posted_data_hash\" value=\"\" \/>\n<\/div>\n<div class=\"uk-grid-small\" uk-grid>\n<div class=\"uk-width-1-1@m\"><span class=\"wpcf7-form-control-wrap nombre\"><input type=\"text\" name=\"nombre\" value=\"\" size=\"40\" class=\"wpcf7-form-control wpcf7-text wpcf7-validates-as-required uk-input\" aria-required=\"true\" aria-invalid=\"false\" placeholder=\"Nombre y apellido *\" \/><\/span><\/div>\n<div class=\"uk-width-1-1@m\"><span class=\"wpcf7-form-control-wrap company\"><input type=\"text\" name=\"company\" value=\"\" size=\"40\" class=\"wpcf7-form-control wpcf7-text wpcf7-validates-as-required uk-input\" aria-required=\"true\" aria-invalid=\"false\" placeholder=\"Empresa *\" \/><\/span><\/div>\n<div class=\"uk-width-1-2@m\"><span class=\"wpcf7-form-control-wrap mail\"><input type=\"email\" name=\"mail\" value=\"\" size=\"40\" class=\"wpcf7-form-control wpcf7-text wpcf7-email wpcf7-validates-as-required wpcf7-validates-as-email uk-input\" aria-required=\"true\" aria-invalid=\"false\" placeholder=\"Correo electr\u00f3nico *\" \/><\/span><\/div>\n<div class=\"uk-width-1-2@m\"><span class=\"wpcf7-form-control-wrap tel\"><input type=\"tel\" name=\"tel-cf7it-national\" value=\"\" class=\"wpcf7-form-control wpcf7-intl-tel wpcf7-intl_tel wpcf7-validates-as-required uk-input\" aria-required=\"true\" aria-invalid=\"false\" placeholder=\"Prefijo + Tel\u00e9fono *\" \/><input type=\"hidden\" name=\"tel\" class=\"wpcf7-intl-tel-full\" \/><input type=\"hidden\" name=\"tel-cf7it-country-name\" class=\"wpcf7-intl-tel-country-name\" \/><input type=\"hidden\" name=\"tel-cf7it-country-code\" class=\"wpcf7-intl-tel-country-code\" \/><input type=\"hidden\" name=\"tel-cf7it-country-iso2\" class=\"wpcf7-intl-tel-country-iso2\" \/><\/span><\/div>\n<div class=\"uk-width-1-1@m\"><span class=\"wpcf7-form-control-wrap mensaje\"><textarea name=\"mensaje\" cols=\"40\" rows=\"6\" class=\"wpcf7-form-control wpcf7-textarea wpcf7-validates-as-required uk-textarea\" aria-required=\"true\" aria-invalid=\"false\" placeholder=\"Mensaje *\"><\/textarea><\/span><\/div>\n<div class=\"uk-width-1-1@m uk-text-left uk-text-muted uk-text-small\"><span><span class=\"wpcf7-form-control-wrap acceptance\"><span class=\"wpcf7-form-control wpcf7-acceptance\"><span class=\"wpcf7-list-item\"><input type=\"checkbox\" name=\"acceptance\" value=\"1\" aria-invalid=\"false\" \/><\/span><\/span><\/span> Acepto el <a target=\"_blank\" rel=\"nofollow\" href=\"\/aviso-legal\/\">aviso legal<\/a> y la <a target=\"_blank\" rel=\"nofollow\" href=\"\/politica-de-privacidad\/\">pol\u00edtica de privacidad<\/a>.<\/span><\/div>\n<div class=\"uk-width-1-1@m\"><input type=\"submit\" value=\"Enviar\" class=\"wpcf7-form-control has-spinner wpcf7-submit uk-button uk-button-primary\" \/><\/div>\n<\/div>\n<div class=\"wpcf7-response-output\" aria-hidden=\"true\"><\/div><\/form><\/div><\/div>\n<\/div>\n<\/div>\n<div>\n<div id=\"button_off\">\n<img decoding=\"async\" src=\"\/wp-content\/uploads\/button_on.png\">\n<\/div>\n<\/div>\n<h2>Servicios de Empower<\/h2>\n<div>\n<p>El <strong>paquete de servicios de Empower<\/strong> permite personalizar y adaptar las necesidades de nuestros\u00a0clientes.<\/p>\n<p>En este servicio el presupuesto est\u00e1 adaptado a cada cliente en base a sus intereses y al\u00a0servicio espec\u00edfico que est\u00e9n buscando.<\/p>\n<p>El servicio busca facilitar el acceso a una red comercial nacional e internacional a aquellos clientes que busquen crecer, expandirse, invertir, innovar, explorar nuevas oportunidades de negocio o busquen otro tipo concreto de servicio comercial, de forma m\u00e1s sencilla, r\u00e1pida y profesional.<\/p>\n<p>Aquellos clientes que ya formen parte de nuestra red de miembros podr\u00e1n beneficiarse de una bonificaci\u00f3n.<\/p>\n<\/div>\n<div>\n<p>    <a class=\"uk-button uk-button-primary\" href=\"#modal-empower\" uk-toggle=\"\" aria-expanded=\"false\">Solicitar m\u00e1s informaci\u00f3n<\/a><\/p>\n<div id=\"modal-empower\" uk-modal>\n<div class=\"uk-modal-dialog uk-modal-body\"><button class=\"uk-modal-close-default\" type=\"button\" uk-close><\/button><br \/>\n    <div role=\"form\" class=\"wpcf7\" id=\"wpcf7-f1985-o2\" lang=\"es-ES\" dir=\"ltr\">\n<div class=\"screen-reader-response\"><p role=\"status\" aria-live=\"polite\" aria-atomic=\"true\"><\/p> <ul><\/ul><\/div>\n<form action=\"\/es\/wp-json\/wp\/v2\/pages\/59#wpcf7-f1985-o2\" method=\"post\" class=\"wpcf7-form init\" novalidate=\"novalidate\" data-status=\"init\">\n<div style=\"display: none;\">\n<input type=\"hidden\" name=\"_wpcf7\" value=\"1985\" \/>\n<input type=\"hidden\" name=\"_wpcf7_version\" value=\"5.5.6\" \/>\n<input type=\"hidden\" name=\"_wpcf7_locale\" value=\"es_ES\" \/>\n<input type=\"hidden\" name=\"_wpcf7_unit_tag\" value=\"wpcf7-f1985-o2\" \/>\n<input type=\"hidden\" name=\"_wpcf7_container_post\" value=\"0\" \/>\n<input type=\"hidden\" name=\"_wpcf7_posted_data_hash\" value=\"\" \/>\n<\/div>\n<div class=\"uk-grid-small\" uk-grid>\n<div class=\"uk-width-1-1@m\"><span class=\"wpcf7-form-control-wrap nombre\"><input type=\"text\" name=\"nombre\" value=\"\" size=\"40\" class=\"wpcf7-form-control wpcf7-text wpcf7-validates-as-required uk-input\" aria-required=\"true\" aria-invalid=\"false\" placeholder=\"Nombre y apellido *\" \/><\/span><\/div>\n<div class=\"uk-width-1-1@m\"><span class=\"wpcf7-form-control-wrap company\"><input type=\"text\" name=\"company\" value=\"\" size=\"40\" class=\"wpcf7-form-control wpcf7-text wpcf7-validates-as-required uk-input\" aria-required=\"true\" aria-invalid=\"false\" placeholder=\"Empresa *\" \/><\/span><\/div>\n<div class=\"uk-width-1-2@m\"><span class=\"wpcf7-form-control-wrap mail\"><input type=\"email\" name=\"mail\" value=\"\" size=\"40\" class=\"wpcf7-form-control wpcf7-text wpcf7-email wpcf7-validates-as-required wpcf7-validates-as-email uk-input\" aria-required=\"true\" aria-invalid=\"false\" placeholder=\"Correo electr\u00f3nico *\" \/><\/span><\/div>\n<div class=\"uk-width-1-2@m\"><span class=\"wpcf7-form-control-wrap tel\"><input type=\"tel\" name=\"tel-cf7it-national\" value=\"\" class=\"wpcf7-form-control wpcf7-intl-tel wpcf7-intl_tel wpcf7-validates-as-required uk-input\" aria-required=\"true\" aria-invalid=\"false\" placeholder=\"Prefijo + Tel\u00e9fono *\" \/><input type=\"hidden\" name=\"tel\" class=\"wpcf7-intl-tel-full\" \/><input type=\"hidden\" name=\"tel-cf7it-country-name\" class=\"wpcf7-intl-tel-country-name\" \/><input type=\"hidden\" name=\"tel-cf7it-country-code\" class=\"wpcf7-intl-tel-country-code\" \/><input type=\"hidden\" name=\"tel-cf7it-country-iso2\" class=\"wpcf7-intl-tel-country-iso2\" \/><\/span><\/div>\n<div class=\"uk-width-1-1@m\"><span class=\"wpcf7-form-control-wrap mensaje\"><textarea name=\"mensaje\" cols=\"40\" rows=\"6\" class=\"wpcf7-form-control wpcf7-textarea wpcf7-validates-as-required uk-textarea\" aria-required=\"true\" aria-invalid=\"false\" placeholder=\"Mensaje *\"><\/textarea><\/span><\/div>\n<div class=\"uk-width-1-1@m uk-text-left uk-text-muted uk-text-small\"><span><span class=\"wpcf7-form-control-wrap acceptance\"><span class=\"wpcf7-form-control wpcf7-acceptance\"><span class=\"wpcf7-list-item\"><input type=\"checkbox\" name=\"acceptance\" value=\"1\" aria-invalid=\"false\" \/><\/span><\/span><\/span> Acepto el <a target=\"_blank\" rel=\"nofollow\" href=\"\/aviso-legal\/\">aviso legal<\/a> y la <a target=\"_blank\" rel=\"nofollow\" href=\"\/politica-de-privacidad\/\">pol\u00edtica de privacidad<\/a>.<\/span><\/div>\n<div class=\"uk-width-1-1@m\"><input type=\"submit\" value=\"Enviar\" class=\"wpcf7-form-control has-spinner wpcf7-submit uk-button uk-button-primary\" \/><\/div>\n<\/div>\n<div class=\"wpcf7-response-output\" aria-hidden=\"true\"><\/div><\/form><\/div><\/div>\n<\/div>\n<\/div>\n<div>\n<div class=\"pila_base\">\n  <img decoding=\"async\" src=\"\/wp-content\/uploads\/pila_slot.png\">\n<\/div>\n<\/div>\n<p><!--more--><br \/>\n<!-- {\"type\":\"layout\",\"children\":[{\"type\":\"section\",\"props\":{\"style\":\"default\",\"width\":\"\",\"vertical_align\":\"middle\",\"title_position\":\"top-left\",\"title_rotation\":\"left\",\"title_breakpoint\":\"xl\",\"image_position\":\"center-center\",\"padding\":\"xlarge\",\"animation\":\"fade\",\"image\":\"wp-content\\\/uploads\\\/photo-1604328698692-f76ea9498e76-scaled.jpg\",\"image_size\":\"cover\",\"class\":\"uk-text-center\",\"media_overlay\":\"rgba(0, 0, 0, 0.5)\",\"header_transparent\":\"light\",\"header_transparent_noplaceholder\":true},\"children\":[{\"type\":\"row\",\"children\":[{\"type\":\"column\",\"props\":{\"image_position\":\"center-center\",\"media_overlay_gradient\":\"\",\"text_color\":\"light\",\"padding\":\"none\",\"image\":\"\",\"width_medium\":\"1-1\"},\"children\":[{\"type\":\"headline\",\"props\":{\"title_element\":\"h1\",\"title_decoration\":\"divider\",\"text_align\":\"center\",\"content\":\"Servicios\",\"class\":\"uk-display-inline-block\"}}]}]}],\"name\":\"header_v1\",\"modified\":\"2021-08-09T09:59:38.498Z\"},{\"type\":\"section\",\"props\":{\"style\":\"default\",\"width\":\"default\",\"vertical_align\":\"middle\",\"title_position\":\"top-left\",\"title_rotation\":\"left\",\"title_breakpoint\":\"xl\",\"image_position\":\"center-center\"},\"children\":[{\"type\":\"row\",\"props\":{\"layout\":\"2-3,1-3\"},\"children\":[{\"type\":\"column\",\"props\":{\"image_position\":\"center-center\",\"media_overlay_gradient\":\"\",\"width_medium\":\"2-3\"},\"children\":[{\"type\":\"headline\",\"props\":{\"title_element\":\"h2\",\"text_align\":\"left\",\"animation\":\"fade\",\"content\":\"Servicios de Activate\",\"class\":\"\",\"title_color\":\"primary\"}},{\"type\":\"text\",\"props\":{\"margin\":\"default\",\"column_breakpoint\":\"m\",\"content\":\"\n\n<p>El paquete de <strong>servicios de Activate<\\\/strong> permite proporcionar a nuestros clientes unos servicios b\\u00e1sicos a trav\\u00e9s del pago de una cuota mensual de 100\\u20ac la cual permitir\\u00e1 a nuestros clientes tener un f\\u00e1cil acceso a:<\\\/p>\\n\n\n<ul>\\n\n\n<li>Visibilidad<\\\/li>\\n\n\n<li>Acceso a informaci\\u00f3n empresarial<\\\/li>\\n\n\n<li>Gesti\\u00f3n del proceso de Due Diligence<\\\/li>\\n\n\n<li>Ayuda a la b\\u00fasqueda de financiaci\\u00f3n<\\\/li>\\n\n\n<li>Informes de evoluci\\u00f3n de mercado y tecnolog\\u00edas<\\\/li>\\n\n\n<li>B\\u00fasqueda y coordinaci\\u00f3n de fuentes de cooperaci\\u00f3n a nivel local, nacional e internacional<\\\/li>\\n<\\\/ul>\"}},{\"type\":\"html\",\"props\":{\"content\":\"<a class=\\\"uk-button uk-button-primary\\\" href=\\\"#modal-activate\\\" uk-toggle=\\\"\\\" aria-expanded=\\\"false\\\">Solicitar m\\u00e1s informaci\\u00f3n<\\\/a>\\n\n\n<div id=\\\"modal-activate\\\" uk-modal>\n\n<div class=\\\"uk-modal-dialog uk-modal-body\\\"><button class=\\\"uk-modal-close-default\\\" type=\\\"button\\\" uk-close><\\\/button>[contact-form-7 id=\\\"1983\\\" title=\\\"Form-Activate\\\"]<\\\/div><\\\/div>\"}}]},{\"type\":\"column\",\"props\":{\"image_position\":\"center-center\",\"media_overlay_gradient\":\"\",\"width_medium\":\"1-3\",\"vertical_align\":\"middle\"},\"children\":[{\"type\":\"html\",\"props\":{\"content\":\"\n\n<div id=\\\"button_off\\\">\\n<img src=\\\"\\\/wp-content\\\/uploads\\\/button_on.png\\\">\\n<\\\/div>\"},\"modified\":\"2021-08-27T11:38:40.712Z\",\"name\":\"brujula\"}]}]}],\"modified\":\"2021-08-09T10:00:23.488Z\",\"name\":\"\"},{\"type\":\"section\",\"props\":{\"style\":\"muted\",\"width\":\"default\",\"vertical_align\":\"middle\",\"title_position\":\"top-left\",\"title_rotation\":\"left\",\"title_breakpoint\":\"xl\",\"image_position\":\"center-center\"},\"children\":[{\"type\":\"row\",\"props\":{\"layout\":\"1-3,2-3\"},\"children\":[{\"type\":\"column\",\"props\":{\"image_position\":\"center-center\",\"media_overlay_gradient\":\"\",\"width_medium\":\"2-3\",\"vertical_align\":\"middle\"},\"children\":[{\"type\":\"headline\",\"props\":{\"title_element\":\"h2\",\"text_align\":\"left\",\"animation\":\"fade\",\"content\":\"Servicios de Empower\",\"class\":\"\",\"title_color\":\"primary\"}},{\"type\":\"text\",\"props\":{\"margin\":\"default\",\"column_breakpoint\":\"m\",\"content\":\"\n\n<p>El <strong>paquete de servicios de Empower<\\\/strong> permite personalizar y adaptar las necesidades de nuestros\\u00a0clientes.<\\\/p>\\n\n\n<p>En este servicio el presupuesto est\\u00e1 adaptado a cada cliente en base a sus intereses y al\\u00a0servicio espec\\u00edfico que est\\u00e9n buscando.<\\\/p>\\n\n\n<p>El servicio busca facilitar el acceso a una red comercial nacional e internacional a aquellos clientes que busquen crecer, expandirse, invertir, innovar, explorar nuevas oportunidades de negocio o busquen otro tipo concreto de servicio comercial, de forma m\\u00e1s sencilla, r\\u00e1pida y profesional.<\\\/p>\\n\n\n<p>Aquellos clientes que ya formen parte de nuestra red de miembros podr\\u00e1n beneficiarse de una bonificaci\\u00f3n.<\\\/p>\"}},{\"type\":\"html\",\"props\":{\"content\":\"<a class=\\\"uk-button uk-button-primary\\\" href=\\\"#modal-empower\\\" uk-toggle=\\\"\\\" aria-expanded=\\\"false\\\">Solicitar m\\u00e1s informaci\\u00f3n<\\\/a>\\n\n\n<div id=\\\"modal-empower\\\" uk-modal>\n\n<div class=\\\"uk-modal-dialog uk-modal-body\\\"><button class=\\\"uk-modal-close-default\\\" type=\\\"button\\\" uk-close><\\\/button>\\n    [contact-form-7 id=\\\"1985\\\"]<\\\/div><\\\/div>\"}}]},{\"type\":\"column\",\"props\":{\"image_position\":\"center-center\",\"media_overlay_gradient\":\"\",\"width_medium\":\"1-3\",\"vertical_align\":\"middle\",\"order_first\":\"m\"},\"children\":[{\"type\":\"html\",\"props\":{\"content\":\"\n\n<div class=\\\"pila_base\\\">\\n  <img src=\\\"\\\/wp-content\\\/uploads\\\/pila_slot.png\\\">\\n<\\\/div>\",\"css\":\".pila_base{\\n  \\\/*transform: rotate(90deg);*\\\/\\n  max-width:170px;\\n  max-height:170px;\\n  content:'';\\n  margin:auto;\\n   background:url('\\\/wp-content\\\/uploads\\\/pila_base.png');\\n    background-repeat:no-repeat;\\n    background-size:100%;\\n}\\n.pila_base img{\\n  animation: pila 3s infinite linear;\\n}\\n@keyframes pila{\\n  0%,10%,90%,100% { opacity: 1;}\\n  40%,60% { opacity: 0;}\\n}\"}}]}]}],\"modified\":\"2021-08-09T10:00:23.488Z\",\"name\":\"\"}],\"version\":\"2.5.8\"} --><\/p>\n","protected":false},"excerpt":{"rendered":"<p>Servicios Servicios de Activate El paquete de servicios de Activate permite proporcionar a nuestros clientes unos servicios b\u00e1sicos a trav\u00e9s del pago de una cuota mensual de 100\u20ac la cual permitir\u00e1 a nuestros clientes tener un f\u00e1cil acceso a: Visibilidad Acceso a informaci\u00f3n empresarial Gesti\u00f3n del proceso de Due Diligence Ayuda a la b\u00fasqueda de [&hellip;]<\/p>\n","protected":false},"author":1,"featured_media":0,"parent":0,"menu_order":3,"comment_status":"open","ping_status":"closed","template":"","meta":{"footnotes":""},"class_list":["post-59","page","type-page","status-publish","hentry"],"_links":{"self":[{"href":"https:\/\/cacobi.com\/es\/wp-json\/wp\/v2\/pages\/59","targetHints":{"allow":["GET"]}}],"collection":[{"href":"https:\/\/cacobi.com\/es\/wp-json\/wp\/v2\/pages"}],"about":[{"href":"https:\/\/cacobi.com\/es\/wp-json\/wp\/v2\/types\/page"}],"author":[{"embeddable":true,"href":"https:\/\/cacobi.com\/es\/wp-json\/wp\/v2\/users\/1"}],"replies":[{"embeddable":true,"href":"https:\/\/cacobi.com\/es\/wp-json\/wp\/v2\/comments?post=59"}],"version-history":[{"count":5,"href":"https:\/\/cacobi.com\/es\/wp-json\/wp\/v2\/pages\/59\/revisions"}],"predecessor-version":[{"id":2436,"href":"https:\/\/cacobi.com\/es\/wp-json\/wp\/v2\/pages\/59\/revisions\/2436"}],"wp:attachment":[{"href":"https:\/\/cacobi.com\/es\/wp-json\/wp\/v2\/media?parent=59"}],"curies":[{"name":"wp","href":"https:\/\/api.w.org\/{rel}","templated":true}]}}