{"id":4,"date":"2019-08-13T10:27:03","date_gmt":"2019-08-13T08:27:03","guid":{"rendered":"http:\/\/lishkatmisjar.com\/?p=4"},"modified":"2021-10-13T10:23:34","modified_gmt":"2021-10-13T08:23:34","slug":"empresa","status":"publish","type":"page","link":"https:\/\/cacobi.com\/es\/empresa\/","title":{"rendered":"Empresa"},"content":{"rendered":"<h1>Lishkat Misjar<\/h1>\n<h2>Nuestra historia<\/h2>\n<div>\n<p>Desde su constituci\u00f3n como <strong>Lishkat Misjar<sup>\u00a9<\/sup><\/strong>, nuestro objetivo ha sido siempre el de facilitar las relaciones comerciales, impulsar el crecimiento econ\u00f3mico y potenciar el desarrollo econ\u00f3mico entre <strong>Barcelona e Israel<\/strong>.<\/p>\n<p>Gracias a nuestra amplia red de contactos y conexiones empresariales, tanto en el \u00e1mbito privado como p\u00fablico, nuestro objetivo es ayudar a nuestros socios y clientes a crear nuevas oportunidades de negocio que fortalezcan su posicionamiento dentro del mercado y les ayude a acelerar su crecimiento y expansi\u00f3n de forma inteligente, eficiente y eficaz.<\/p>\n<p>Nuestro prop\u00f3sito es ayudar y guiar a las organizaciones a transicionar hacia la nueva era que estamos experimentando, a fortalecer el posicionamiento de cada uno de nuestros socios y clientes y a consolidar el tejido empresarial Barcelona &#8211; Israel.<\/p>\n<\/div>\n<div>\n<figure class=\"book\">\n  <!-- Front --><\/p>\n<ul class=\"paperback_front\">\n<li>\n      <img decoding=\"async\" src=\"https:\/\/cacobi.com\/wp-content\/uploads\/book_portadas.png\" alt=\"\" width=\"100%\" height=\"100%\">\n    <\/li>\n<li><\/li>\n<\/ul>\n<p>  <!-- Pages --><\/p>\n<ul class=\"ruled_paper\">\n<li><\/li>\n<li><\/li>\n<li><\/li>\n<li><\/li>\n<li><\/li>\n<\/ul>\n<p>  <!-- Back --><\/p>\n<ul class=\"paperback_back\">\n<li>\n      <img decoding=\"async\" src=\"https:\/\/cacobi.com\/wp-content\/uploads\/book_portadas.png\" alt=\"\" width=\"100%\" height=\"100%\">\n    <\/li>\n<li><\/li>\n<\/ul>\n<\/figure>\n<\/div>\n<h2>Qu\u00e9 nos distingue<\/h2>\n<ul>\n<li>\n<h3>Conocimiento<\/h3>\n<div>\n<p>En <strong>Lishkat Misjar<sup>\u00a9<\/sup><\/strong> contamos con un alto grado de conocimiento y experiencia en los mercados de Barcelona e Israel, mercados en los que operamos. Adem\u00e1s ofrecemos a nuestros socios y clientes la posibilidad de crear relaciones comerciales en mercados ajenos.<\/p>\n<\/div>\n<\/li>\n<li>\n<h3>Especializaci\u00f3n<\/h3>\n<div>\n<p>Nuestra especializaci\u00f3n radica en nuestra amplia red de relaciones comerciales y en el expertise que tenemos en los mercados de Barcelona &#8211; Israel lo cual nos permite proporcionar los mejores servicios y resultados a nuestros socios y clientes. <\/p>\n<\/div>\n<\/li>\n<li>\n<h3>Confianza<\/h3>\n<div>\n<p><span>Nos responsabilizamos de todo el proceso, de manera que ofrecemos tranquilidad y confianza a nuestros socios y clientes a trav\u00e9s de nuestra constante supervisi\u00f3n durante todo el proyecto.<\/span><\/p>\n<\/div>\n<\/li>\n<li>\n<h3>Personalizaci\u00f3n<\/h3>\n<div>\n<p>En nuestro paquete servicios <strong>Empower<\/strong> personalizamos y adaptamos las necesidades de nuestros socios y clientes en base a sus objetivos e intereses.<\/p>\n<\/div>\n<\/li>\n<\/ul>\n<blockquote>\n<p>\u00abLos hombres construimos demasiados muros y no suficientes puentes\u00bb<\/p>\n<footer>\n<p>                <cite>Isaac Newton<\/cite><\/p>\n<\/footer>\n<\/blockquote>\n<p><!--more--><br \/>\n<!-- {\"type\":\"layout\",\"children\":[{\"type\":\"section\",\"props\":{\"style\":\"default\",\"width\":\"\",\"vertical_align\":\"middle\",\"title_position\":\"top-left\",\"title_rotation\":\"left\",\"title_breakpoint\":\"xl\",\"image_position\":\"center-center\",\"padding\":\"xlarge\",\"animation\":\"fade\",\"image\":\"wp-content\\\/uploads\\\/photo-1564221710304-0b37c8b9d729-scaled.jpg\",\"image_size\":\"cover\",\"class\":\"uk-text-center\",\"media_overlay\":\"rgba(0, 0, 0, 0.5)\",\"header_transparent\":\"light\",\"header_transparent_noplaceholder\":true},\"children\":[{\"type\":\"row\",\"children\":[{\"type\":\"column\",\"props\":{\"image_position\":\"center-center\",\"media_overlay_gradient\":\"\",\"text_color\":\"light\",\"padding\":\"none\",\"image\":\"\",\"width_medium\":\"1-1\"},\"children\":[{\"type\":\"headline\",\"props\":{\"title_element\":\"h1\",\"title_decoration\":\"divider\",\"text_align\":\"center\",\"content\":\"Lishkat Misjar\",\"class\":\"uk-display-inline-block\"}}]}]}],\"name\":\"Hero\"},{\"type\":\"section\",\"props\":{\"style\":\"default\",\"width\":\"default\",\"vertical_align\":\"middle\",\"title_position\":\"top-left\",\"title_rotation\":\"left\",\"title_breakpoint\":\"xl\",\"image_position\":\"center-center\",\"animation\":\"fade\"},\"children\":[{\"type\":\"row\",\"children\":[{\"type\":\"column\",\"props\":{\"image_position\":\"center-center\",\"media_overlay_gradient\":\"\",\"width_medium\":\"3-4\"},\"children\":[{\"type\":\"headline\",\"props\":{\"title_element\":\"h2\",\"content\":\"Nuestra historia\",\"title_color\":\"primary\"}},{\"type\":\"text\",\"props\":{\"margin\":\"medium\",\"column_breakpoint\":\"m\",\"animation\":\"none\",\"content\":\"\n\n<p>Desde su constituci\\u00f3n como <strong>Lishkat Misjar<sup>\\u00a9<\\\/sup><\\\/strong>, nuestro objetivo ha sido siempre el de facilitar las relaciones comerciales, impulsar el crecimiento econ\\u00f3mico y potenciar el desarrollo econ\\u00f3mico entre <strong>Barcelona e Israel<\\\/strong>.<\\\/p>\\n\n\n<p>Gracias a nuestra amplia red de contactos y conexiones empresariales, tanto en el \\u00e1mbito privado como p\\u00fablico, nuestro objetivo es ayudar a nuestros socios y clientes a crear nuevas oportunidades de negocio que fortalezcan su posicionamiento dentro del mercado y les ayude a acelerar su crecimiento y expansi\\u00f3n de forma inteligente, eficiente y eficaz.<\\\/p>\\n\n\n<p>Nuestro prop\\u00f3sito es ayudar y guiar a las organizaciones a transicionar hacia la nueva era que estamos experimentando, a fortalecer el posicionamiento de cada uno de nuestros socios y clientes y a consolidar el tejido empresarial Barcelona - Israel.<\\\/p>\"}}]},{\"type\":\"column\",\"props\":{\"image_position\":\"center-center\",\"media_overlay_gradient\":\"\",\"width_medium\":\"1-4\",\"vertical_align\":\"bottom\"},\"children\":[{\"type\":\"html\",\"props\":{\"content\":\"\n\n<figure class=\\\"book\\\">\\n  <!-- Front -->\\n  <\/p>\n<ul class=\\\"paperback_front\\\">\\n    <\/p>\n<li>\\n      <img src=\\\"https:\\\/\\\/cacobi.com\\\/wp-content\\\/uploads\\\/book_portadas.png\\\" alt=\\\"\\\" width=\\\"100%\\\" height=\\\"100%\\\">\\n    <\\\/li>\\n\n<li><\\\/li>\\n  <\\\/ul>\\n  <!-- Pages -->\\n\n<ul class=\\\"ruled_paper\\\">\\n    <\/p>\n<li><\\\/li>\\n\n<li><\\\/li>\\n\n<li><\\\/li>\\n\n<li><\\\/li>\\n\n<li><\\\/li>\\n  <\\\/ul>\\n  <!-- Back -->\\n\n<ul class=\\\"paperback_back\\\">\\n    <\/p>\n<li>\\n      <img src=\\\"https:\\\/\\\/cacobi.com\\\/wp-content\\\/uploads\\\/book_portadas.png\\\" alt=\\\"\\\" width=\\\"100%\\\" height=\\\"100%\\\">\\n    <\\\/li>\\n\n<li><\\\/li>\\n  <\\\/ul>\\n<\\\/figure>\u00ab,\u00bbcss\u00bb:\u00bb.book{\\ntransform: scale(0.7);\\n}\\n\\n\\n.book ul {\\n\\tmargin: 0;\\n\\tpadding: 0;\\n\\tlist-style: none;\\n}\\n.book .btn {\\n\\tdisplay: inline-block;\\n\\tmargin-top: 100px; \\n\\tfont-size: 1.2em;\\n\\tfont-weight: 700;\\n\\tpadding: 0.1em 0.8em;\\n\\ttext-align: center;\\n\\t-webkit-transform: rotate(20deg);\\n\\t-moz-transform: rotate(20deg);\\n\\ttransform: rotate(20deg);\\n\\tfont-family: \\\u00bbIndie Flower\\\u00bb, serif;\\n\\t-webkit-transition: color 0.3s;\\n\\t-moz-transition: color 0.3s;\\n\\ttransition: color 0.3s;\\n}\\n.book .btn:hover {\\n\\tcolor: #16a085;\\n}\\n.book .align {\\n\\tclear: both;\\n\\tmargin: 90px auto 20px;\\n\\twidth: 100%;\\n\\tmax-width: 1170px;\\n\\ttext-align: center;\\n}\\n.book .align > li {\\n\\twidth: 500px;\\n\\tmin-height: 300px;\\n\\tdisplay: inline-block;\\n\\tmargin: 30px 20px 30px 60px;\\n\\tpadding: 0 0 0 60px;\\n\\tvertical-align: top;\\n}\\n\\n\\\/*\\n\\t1. container\\n*\\\/\\n\\n.book {\\n\\tposition: relative;\\n\\twidth: 160px; \\n\\theight: 220px;\\n\\t-webkit-perspective: 1000px;\\n\\t-moz-perspective: 1000px;\\n\\tperspective: 1000px;\\n\\t-webkit-transform-style: preserve-3d;\\n\\t-moz-transform-style: preserve-3d;\\n\\ttransform-style: preserve-3d;\\n}\\n\\n\\\/*\\n\\t2. background &#038; color\\n*\\\/\\n\\n\\\/* HARDCOVER FRONT *\\\/\\n\\n.book .paperback_front {\\n\\tbackground-color: #000;\\n}\\n\\n.book .paperback_front::after{\\n\\tbackground-image: -webkit-linear-gradient( -135deg, rgba(255, 255, 255, 0.45) 0%, transparent 100%);\\n\\tbackground-image: -moz-linear-gradient( -135deg, rgba(255, 255, 255, 0.45) 0%, transparent 100%);\\n\\tbackground-image: linear-gradient( -135deg, rgba(255, 255, 255, 0.45) 0%, transparent 100%);\\n\\tposition: absolute;\\n\\ttop: 0;\\n\\tleft: 0;\\n\\tbottom: 0;\\n\\tright: 0;\\n}\\n\\n.book .paperback_back {\\n\\tbackground-color: #333;\\n}\\n\\n\\\/* page *\\\/\\n\\n.book .ruled_paper > li {\\n\\tbackground-color: #fff;\\n\\tbackground-image: -webkit-linear-gradient(rgba(200, 200, 200, 0.1) 0.1em, transparent 0.1em), -webkit-linear-gradient(left, #e1ddd8 0%, #fffbf6 100%);\\n\\tbackground-image: -moz-linear-gradient(rgba(200, 200, 200, 0.1) 0.1em, transparent 0.1em), -moz-linear-gradient(left, #e1ddd8 0%, #fffbf6 100%);\\n\\tbackground-image: -ms-linear-gradient(rgba(200, 200, 200, 0.1) 0.1em, transparent 0.1em), -moz-linear-gradient(left, #e1ddd8 0%, #fffbf6 100%);\\n\\tbackground-image: linear-gradient(rgba(200, 200, 200, 0.1) 0.1em, transparent 0.1em), linear-gradient(left, #e1ddd8 0%, #fffbf6 100%);\\n\\tbackground-size: 100% 0.6em;\\n\\tbox-shadow: inset 0px -1px 2px rgba(50, 50, 50, 0.1), inset -1px 0px 1px rgba(150, 150, 150, 0.2);\\n\\tborder-radius: 0px 10px 10px 0px;\\n}\\n.book .ruled_paper>li:nth-child(1){background:url(&#8216;https:\\\/\\\/cacobi.com\\\/wp-content\\\/uploads\\\/book_pag_1.png&#8217;);}\\n.book .ruled_paper>li:nth-child(2){background:url(&#8216;https:\\\/\\\/cacobi.com\\\/wp-content\\\/uploads\\\/book_pag_2.png&#8217;);}\\n.book .ruled_paper>li:nth-child(3){background:url(&#8216;https:\\\/\\\/cacobi.com\\\/wp-content\\\/uploads\\\/book_pag_3.png&#8217;);}\\n.book .ruled_paper>li:nth-child(4){background:url(&#8216;https:\\\/\\\/cacobi.com\\\/wp-content\\\/uploads\\\/book_pag_1.png&#8217;);}\\n.book .ruled_paper>li:nth-child(5){background:url(&#8216;https:\\\/\\\/cacobi.com\\\/wp-content\\\/uploads\\\/book_pag_2.png&#8217;);}\\n\\n\\\/*\\n\\t3. opening cover, back cover and pages\\n*\\\/\\n\\n.book .paperback_front {\\n\\t-webkit-transform: rotateY(-38deg) translateZ(0px);\\n\\t-moz-transform: rotateY(-38deg) translateZ(0px);\\n\\ttransform: rotateY(-38deg) translateZ(0px);\\n\\tz-index: 100;\\n}\\n\\n.book .paperback_back {\\n\\t-webkit-transform: rotateY(-25deg);\\n\\t-moz-transform: rotateY(-25deg);\\n\\ttransform: rotateY(-25deg);\\n}\\n\\n.book .ruled_paper li:nth-child(1) {\\n\\t-webkit-transform: rotateY(-27deg);\\n\\t-moz-transform: rotateY(-27deg);\\n\\ttransform: rotateY(-27deg);\\n}\\n\\n.book .ruled_paper li:nth-child(2) {\\n\\t-webkit-transform: rotateY(-29deg);\\n\\t-moz-transform: rotateY(-29deg);\\n\\ttransform: rotateY(-29deg);\\n}\\n\\n.book .ruled_paper li:nth-child(3) {\\n\\t-webkit-transform: rotateY(-31deg);\\n\\t-moz-transform: rotateY(-31deg);\\n\\ttransform: rotateY(-31deg);\\n}\\n\\n.book .ruled_paper li:nth-child(4) {\\n\\t-webkit-transform: rotateY(-33deg);\\n\\t-moz-transform: rotateY(-33deg);\\n\\ttransform: rotateY(-33deg);\\n}\\n\\n.book .ruled_paper li:nth-child(5) {\\n\\t-webkit-transform: rotateY(-35deg);\\n\\t-moz-transform: rotateY(-35deg);\\n\\ttransform: rotateY(-35deg);\\n}\\n\\n\\\/*\\n\\t4. position, transform y transition\\n*\\\/\\n\\n.book .paperback_front,\\n.book .paperback_back,\\n.book .paperback_front li,\\n.book .paperback_back li {\\n\\tborder-radius: 2px 8px 8px 2px;\\n\\tposition: absolute;\\n\\ttop: 0;\\n\\tleft: 0px;\\n\\twidth: 100%;\\n\\theight: 100%;\\n\\t-webkit-transform-style: preserve-3d;\\n\\t-moz-transform-style: preserve-3d;\\n\\ttransform-style: preserve-3d;\\n}\\n\\n.book .paperback_front,\\n.book .paperback_back {\\n\\t-webkit-transform-origin: 0% 100%;\\n\\t-moz-transform-origin: 0% 100%;\\n\\ttransform-origin: 0% 100%;\\n}\\n\\n.book .paperback_front{\\n\\t-webkit-transition: all 0.5s ease, z-index 0.6s;\\n\\t-moz-transition: all 0.5s ease, z-index 0.6s;\\n\\ttransition: all 0.5s ease, z-index 0.6s;\\n}\\n\\n.book .paperback_front li img,\\n.book .paperback_back li img {\\n\\tborder-radius: 2px 8px 8px 2px;\\n\\tposition: absolute;\\n\\ttop: 0;\\n\\tleft: 0;\\n}\\n\\n\\\/* Ruled paper *\\\/\\n\\n.book .ruled_paper,\\n.book .ruled_paper > li {\\n\\tposition: absolute;\\n\\t-webkit-transform-style: preserve-3d;\\n\\t-moz-transform-style: preserve-3d;\\n\\ttransform-style: preserve-3d;\\n}\\n\\n.book .ruled_paper {\\n\\twidth: 98%;\\n\\theight: 98%;\\n\\ttop: 1%;\\n\\tleft: 1%;\\n\\tz-index: 10;\\n}\\n\\n.book .ruled_paper > li {\\n\\ttop: 0;\\n\\tleft: 0;\\n\\twidth: 100%;\\n\\theight: 100%;\\n}\\n\\n.book .ruled_paper > li {\\n\\t-webkit-transform-origin: left center;\\n\\t-moz-transform-origin: left center;\\n\\ttransform-origin: left center;\\n\\t-webkit-transition-property: transform;\\n\\t-moz-transition-property: transform;\\n\\ttransition-property: transform;\\n\\t-webkit-transition-timing-function: ease;\\n\\t-moz-transition-timing-function: ease;\\n\\ttransition-timing-function: ease;\\n}\\n\\n.book .ruled_paper li:nth-child(1) {\\n\\t-webkit-transition-duration: 0.6s;\\n\\t-moz-transition-duration: 0.6s;\\n\\ttransition-duration: 0.6s;\\n}\\n\\n.book .ruled_paper li:nth-child(2) {\\n\\t-webkit-transition-duration: 0.6s;\\n\\t-moz-transition-duration: 0.6s;\\n\\ttransition-duration: 0.6s;\\n}\\n\\n.book .ruled_paper li:nth-child(3) {\\n\\t-webkit-transition-duration: 0.4s;\\n\\t-moz-transition-duration: 0.4s;\\n\\ttransition-duration: 0.4s;\\n}\\n\\n.book .ruled_paper li:nth-child(4) {\\n\\t-webkit-transition-duration: 0.5s;\\n\\t-moz-transition-duration: 0.5s;\\n\\ttransition-duration: 0.5s;\\n}\\n\\n.book .ruled_paper li:nth-child(5) {\\n\\t-webkit-transition-duration: 0.5s;\\n\\t-moz-transition-duration: 0.5s;\\n\\ttransition-duration: 0.5s;\\n}\\n\\n\\\/*\\n\\t5. events\\n*\\\/\\n\\n.book:hover > .paperback_front {\\n\\t-webkit-transform: rotateY(-125deg) translateZ(0px);\\n\\t-moz-transform: rotateY(-125deg) translateZ(0px);\\n\\ttransform: rotateY(-125deg) translateZ(0px);\\n\\tz-index: 0;\\n}\\n\\n.book:hover > .ruled_paper li:nth-child(1) {\\n\\t-webkit-transform: rotateY(-30deg);\\n\\t-moz-transform: rotateY(-30deg);\\n\\ttransform: rotateY(-30deg);\\n\\t-webkit-transition-duration: 1.5s;\\n\\t-moz-transition-duration: 1.5s;\\n\\ttransition-duration: 1.5s;\\n}\\n\\n.book:hover > .ruled_paper li:nth-child(2) {\\n\\t-webkit-transform: rotateY(-35deg);\\n\\t-moz-transform: rotateY(-35deg);\\n\\ttransform: rotateY(-35deg);\\n\\t-webkit-transition-duration: 1.8s;\\n\\t-moz-transition-duration: 1.8s;\\n\\ttransition-duration: 1.8s;\\n}\\n\\n.book:hover > .ruled_paper li:nth-child(3) {\\n\\t-webkit-transform: rotateY(-110deg);\\n\\t-moz-transform: rotateY(-110deg);\\n\\ttransform: rotateY(-110deg);\\n\\t-webkit-transition-duration: 2.2s;\\n\\t-moz-transition-duration: 2.2s;\\n\\ttransition-duration: 2.2s;\\n}\\n\\n.book:hover > .ruled_paper li:nth-child(4) {\\n\\t-webkit-transform: rotateY(-115deg);\\n\\t-moz-transform: rotateY(-115deg);\\n\\ttransform: rotateY(-115deg);\\n\\t-webkit-transition-duration: 1.8s;\\n\\t-moz-transition-duration: 1.8s;\\n\\ttransition-duration: 1.8s;\\n}\\n\\n.book:hover > .ruled_paper li:nth-child(5) {\\n\\t-webkit-transform: rotateY(-120deg);\\n\\t-moz-transform: rotateY(-120deg);\\n\\ttransform: rotateY(-120deg);\\n\\t-webkit-transition-duration: 1.2s;\\n\\t-moz-transition-duration: 1.2s;\\n\\ttransition-duration: 1.2s;\\n}\\n\\n\\\/* Media Queries *\\\/\\n@media screen and (min-width: 37.8125em) {\\n\\t.book .align > li {\\n\\t\\twidth: 100%;\\n\\t\\tmin-height: 440px;\\n\\t\\theight: auto;\\n\\t\\tpadding: 0;\\n\\t\\tmargin: 0 0 30px 0;\\n\\t}\\n\\n\\t.book {\\n\\t\\tmargin: 30px auto 0;\\n\\t}\\n}\u00bb},\u00bbmodified\u00bb:\u00bb2021-08-27T11:38:40.712Z\u00bb,\u00bbname\u00bb:\u00bbbook\u00bb}]}],\u00bbprops\u00bb:{\u00ablayout\u00bb:\u00bb3-4,1-4&#8243;}}],\u00bbname\u00bb:\u00bb\u00bb},{\u00abtype\u00bb:\u00bbsection\u00bb,\u00bbprops\u00bb:{\u00abstyle\u00bb:\u00bbsecondary\u00bb,\u00bbwidth\u00bb:\u00bb\u00bb,\u00bbvertical_align\u00bb:\u00bbmiddle\u00bb,\u00bbtitle_position\u00bb:\u00bbtop-left\u00bb,\u00bbtitle_rotation\u00bb:\u00bbleft\u00bb,\u00bbtitle_breakpoint\u00bb:\u00bbxl\u00bb,\u00bbimage_position\u00bb:\u00bbcenter-center\u00bb,\u00bbimage\u00bb:\u00bb\u00bb,\u00bbimage_size\u00bb:\u00bbcover\u00bb,\u00bbimage_effect\u00bb:\u00bbfixed\u00bb,\u00bbclass\u00bb:\u00bbuk-pattern\u00bb,\u00bbanimation\u00bb:\u00bbfade\u00bb,\u00bbanimation_delay\u00bb:\u00bb400&#8243;,\u00bbpadding\u00bb:\u00bbnone\u00bb,\u00bbstatus\u00bb:\u00bb\u00bb,\u00bbcss\u00bb:\u00bb.el-section{\\nbackground:#112656;}\u00bb},\u00bbchildren\u00bb:[{\u00abtype\u00bb:\u00bbrow\u00bb,\u00bbchildren\u00bb:[{\u00abtype\u00bb:\u00bbcolumn\u00bb,\u00bbprops\u00bb:{\u00abimage_position\u00bb:\u00bbcenter-center\u00bb,\u00bbmedia_overlay_gradient\u00bb:\u00bb\u00bb,\u00bbwidth_medium\u00bb:\u00bb\u00bb},\u00bbchildren\u00bb:[]}],\u00bbprops\u00bb:{\u00abid\u00bb:\u00bbparticles-js\u00bb,\u00bbmargin\u00bb:\u00bbremove-vertical\u00bb}},{\u00abtype\u00bb:\u00bbrow\u00bb,\u00bbchildren\u00bb:[{\u00abtype\u00bb:\u00bbcolumn\u00bb,\u00bbprops\u00bb:{\u00abimage_position\u00bb:\u00bbcenter-center\u00bb,\u00bbmedia_overlay_gradient\u00bb:\u00bb\u00bb,\u00bbwidth_medium\u00bb:\u00bb\u00bb},\u00bbchildren\u00bb:[{\u00abtype\u00bb:\u00bbheadline\u00bb,\u00bbprops\u00bb:{\u00abtitle_element\u00bb:\u00bbh2&#8243;,\u00bbtext_align\u00bb:\u00bbleft\u00bb,\u00bbanimation\u00bb:\u00bbfade\u00bb,\u00bbcontent\u00bb:\u00bbQu\\u00e9 nos distingue\u00bb,\u00bbclass\u00bb:\u00bb\u00bb}},{\u00abtype\u00bb:\u00bbgrid\u00bb,\u00bbprops\u00bb:{\u00abshow_title\u00bb:true,\u00bbshow_meta\u00bb:true,\u00bbshow_content\u00bb:true,\u00bbshow_image\u00bb:true,\u00bbshow_link\u00bb:true,\u00bbgrid_default\u00bb:\u00bb1&#8243;,\u00bbgrid_medium\u00bb:\u00bb4&#8243;,\u00bbfilter_style\u00bb:\u00bbtab\u00bb,\u00bbfilter_all\u00bb:true,\u00bbfilter_position\u00bb:\u00bbtop\u00bb,\u00bbfilter_align\u00bb:\u00bbleft\u00bb,\u00bbfilter_grid_width\u00bb:\u00bbauto\u00bb,\u00bbfilter_grid_breakpoint\u00bb:\u00bbm\u00bb,\u00bbtitle_hover_style\u00bb:\u00bbreset\u00bb,\u00bbtitle_element\u00bb:\u00bbh3&#8243;,\u00bbtitle_align\u00bb:\u00bbtop\u00bb,\u00bbtitle_grid_width\u00bb:\u00bb1-2&#8243;,\u00bbtitle_grid_breakpoint\u00bb:\u00bbm\u00bb,\u00bbmeta_style\u00bb:\u00bbmeta\u00bb,\u00bbmeta_align\u00bb:\u00bbbelow-title\u00bb,\u00bbmeta_element\u00bb:\u00bbdiv\u00bb,\u00bbcontent_column_breakpoint\u00bb:\u00bbm\u00bb,\u00bbicon_width\u00bb:80,\u00bbimage_align\u00bb:\u00bbtop\u00bb,\u00bbimage_grid_width\u00bb:\u00bb1-2&#8243;,\u00bbimage_grid_breakpoint\u00bb:\u00bbm\u00bb,\u00bbimage_svg_color\u00bb:\u00bbemphasis\u00bb,\u00bblink_text\u00bb:\u00bbRead more\u00bb,\u00bblink_style\u00bb:\u00bbdefault\u00bb,\u00bbmargin\u00bb:\u00bbdefault\u00bb,\u00bbitem_animation\u00bb:true,\u00bbpanel_style\u00bb:\u00bbcard-default\u00bb,\u00bbpanel_size\u00bb:\u00bbsmall\u00bb,\u00bbtitle_style\u00bb:\u00bbh4&#8243;,\u00bbclass\u00bb:\u00bbservicios\u00bb,\u00bbtitle_color\u00bb:\u00bbprimary\u00bb},\u00bbchildren\u00bb:[{\u00abtype\u00bb:\u00bbgrid_item\u00bb,\u00bbprops\u00bb:{\u00abtitle\u00bb:\u00bbConocimiento\u00bb,\u00bbcontent\u00bb:\u00bb\n<p>En <strong>Lishkat Misjar<sup>\\u00a9<\\\/sup><\\\/strong> contamos con un alto grado de conocimiento y experiencia en los mercados de Barcelona e Israel, mercados en los que operamos. Adem\\u00e1s ofrecemos a nuestros socios y clientes la posibilidad de crear relaciones comerciales en mercados ajenos.<\\\/p>\u00ab}},{\u00abtype\u00bb:\u00bbgrid_item\u00bb,\u00bbprops\u00bb:{\u00abtitle\u00bb:\u00bbEspecializaci\\u00f3n\u00bb,\u00bbcontent\u00bb:\u00bb<\/p>\n<p>Nuestra especializaci\\u00f3n radica en nuestra amplia red de relaciones comerciales y en el expertise que tenemos en los mercados de Barcelona &#8211; Israel lo cual nos permite proporcionar los mejores servicios y resultados a nuestros socios y clientes. <\\\/p>\u00ab}},{\u00abtype\u00bb:\u00bbgrid_item\u00bb,\u00bbprops\u00bb:{\u00abtitle\u00bb:\u00bbConfianza\u00bb,\u00bbcontent\u00bb:\u00bb<\/p>\n<p><span>Nos responsabilizamos de todo el proceso, de manera que ofrecemos tranquilidad y confianza a nuestros socios y clientes a trav\\u00e9s de nuestra constante supervisi\\u00f3n durante todo el proyecto.<\\\/span><\\\/p>\u00ab}},{\u00abtype\u00bb:\u00bbgrid_item\u00bb,\u00bbprops\u00bb:{\u00abtitle\u00bb:\u00bbPersonalizaci\\u00f3n\u00bb,\u00bbcontent\u00bb:\u00bb<\/p>\n<p>En nuestro paquete servicios <strong>Empower<\\\/strong> personalizamos y adaptamos las necesidades de nuestros socios y clientes en base a sus objetivos e intereses.<\\\/p>\u00ab}}]}]}],\u00bbprops\u00bb:{\u00abwidth\u00bb:\u00bbdefault\u00bb,\u00bbclass\u00bb:\u00bbuk-margin-large-bottom\u00bb}}],\u00bbmodified\u00bb:\u00bb2021-08-25T11:51:25.049Z\u00bb,\u00bbname\u00bb:\u00bbXP_particles\u00bb},{\u00abtype\u00bb:\u00bbsection\u00bb,\u00bbprops\u00bb:{\u00abstyle\u00bb:\u00bbmuted\u00bb,\u00bbwidth\u00bb:\u00bb\u00bb,\u00bbvertical_align\u00bb:\u00bbmiddle\u00bb,\u00bbtitle_position\u00bb:\u00bbtop-left\u00bb,\u00bbtitle_rotation\u00bb:\u00bbleft\u00bb,\u00bbtitle_breakpoint\u00bb:\u00bbxl\u00bb,\u00bbimage_position\u00bb:\u00bbcenter-center\u00bb,\u00bbpadding\u00bb:\u00bbnone\u00bb,\u00bbanimation\u00bb:\u00bbfade\u00bb},\u00bbchildren\u00bb:[{\u00abtype\u00bb:\u00bbrow\u00bb,\u00bbprops\u00bb:{\u00abmargin\u00bb:\u00bbxlarge\u00bb},\u00bbchildren\u00bb:[{\u00abtype\u00bb:\u00bbcolumn\u00bb,\u00bbprops\u00bb:{\u00abimage_position\u00bb:\u00bbcenter-center\u00bb,\u00bbmedia_overlay_gradient\u00bb:\u00bb\u00bb,\u00bbstyle\u00bb:\u00bbmuted\u00bb,\u00bbpadding\u00bb:\u00bblarge\u00bb,\u00bbwidth_medium\u00bb:\u00bb1-1&#8243;},\u00bbchildren\u00bb:[{\u00abtype\u00bb:\u00bbquotation\u00bb,\u00bbprops\u00bb:{\u00abtext_align\u00bb:\u00bbcenter\u00bb,\u00bbanimation\u00bb:\u00bbslide-left-small\u00bb,\u00bbcontent\u00bb:\u00bb<\/p>\n<p>\\\u00bbLos hombres construimos demasiados muros y no suficientes puentes\\\u00bb<\\\/p>\u00ab,\u00bbauthor\u00bb:\u00bbIsaac Newton\u00bb,\u00bbcss\u00bb:\u00bb.el-author{\\n    color: #676767;\\n    font-size: 23px;\\n}\u00bb}}]}]}],\u00bbname\u00bb:\u00bb\u00bb}],\u00bbversion\u00bb:\u00bb2.5.8&#8243;} &#8211;><\/p>\n","protected":false},"excerpt":{"rendered":"<p>Lishkat Misjar Nuestra historia Desde su constituci\u00f3n como Lishkat Misjar\u00a9, nuestro objetivo ha sido siempre el de facilitar las relaciones comerciales, impulsar el crecimiento econ\u00f3mico y potenciar el desarrollo econ\u00f3mico entre Barcelona e Israel. Gracias a nuestra amplia red de contactos y conexiones empresariales, tanto en el \u00e1mbito privado como p\u00fablico, nuestro objetivo es ayudar [&hellip;]<\/p>\n","protected":false},"author":1,"featured_media":0,"parent":0,"menu_order":2,"comment_status":"open","ping_status":"closed","template":"","meta":{"footnotes":""},"class_list":["post-4","page","type-page","status-publish","hentry"],"_links":{"self":[{"href":"https:\/\/cacobi.com\/es\/wp-json\/wp\/v2\/pages\/4","targetHints":{"allow":["GET"]}}],"collection":[{"href":"https:\/\/cacobi.com\/es\/wp-json\/wp\/v2\/pages"}],"about":[{"href":"https:\/\/cacobi.com\/es\/wp-json\/wp\/v2\/types\/page"}],"author":[{"embeddable":true,"href":"https:\/\/cacobi.com\/es\/wp-json\/wp\/v2\/users\/1"}],"replies":[{"embeddable":true,"href":"https:\/\/cacobi.com\/es\/wp-json\/wp\/v2\/comments?post=4"}],"version-history":[{"count":5,"href":"https:\/\/cacobi.com\/es\/wp-json\/wp\/v2\/pages\/4\/revisions"}],"predecessor-version":[{"id":2608,"href":"https:\/\/cacobi.com\/es\/wp-json\/wp\/v2\/pages\/4\/revisions\/2608"}],"wp:attachment":[{"href":"https:\/\/cacobi.com\/es\/wp-json\/wp\/v2\/media?parent=4"}],"curies":[{"name":"wp","href":"https:\/\/api.w.org\/{rel}","templated":true}]}}