{"id":1567,"date":"2021-08-02T12:32:37","date_gmt":"2021-08-02T10:32:37","guid":{"rendered":"http:\/\/lishkatmisjar.com\/?page_id=1567"},"modified":"2021-11-22T21:35:58","modified_gmt":"2021-11-22T20:35:58","slug":"contacto","status":"publish","type":"page","link":"https:\/\/cacobi.com\/es\/contacto\/","title":{"rendered":"Contacto"},"content":{"rendered":"<h1>Contacto<\/h1>\n<h2>Contacta con nosotros<\/h2>\n<div>\n<p>Para cualquier duda, rellena el siguiente formulario para que podamos contactar contigo. Los campos con asteriscos son obligatorios.<\/p>\n<\/div>\n<div>\n<div role=\"form\" class=\"wpcf7\" id=\"wpcf7-f1764-o1\" lang=\"es-ES\" dir=\"ltr\">\n<div class=\"screen-reader-response\"><p role=\"status\" aria-live=\"polite\" aria-atomic=\"true\"><\/p> <ul><\/ul><\/div>\n<form action=\"\/es\/wp-json\/wp\/v2\/pages\/1567#wpcf7-f1764-o1\" method=\"post\" class=\"wpcf7-form init\" novalidate=\"novalidate\" data-status=\"init\">\n<div style=\"display: none;\">\n<input type=\"hidden\" name=\"_wpcf7\" value=\"1764\" \/>\n<input type=\"hidden\" name=\"_wpcf7_version\" value=\"5.5.6\" \/>\n<input type=\"hidden\" name=\"_wpcf7_locale\" value=\"es_ES\" \/>\n<input type=\"hidden\" name=\"_wpcf7_unit_tag\" value=\"wpcf7-f1764-o1\" \/>\n<input type=\"hidden\" name=\"_wpcf7_container_post\" value=\"0\" \/>\n<input type=\"hidden\" name=\"_wpcf7_posted_data_hash\" value=\"\" \/>\n<\/div>\n<div class=\"uk-grid-small\" uk-grid>\n<div class=\"uk-width-1-1@m\"><span class=\"wpcf7-form-control-wrap nombre\"><input type=\"text\" name=\"nombre\" value=\"\" size=\"40\" class=\"wpcf7-form-control wpcf7-text wpcf7-validates-as-required uk-input\" aria-required=\"true\" aria-invalid=\"false\" placeholder=\"Nombre y apellido *\" \/><\/span><\/div>\n<div class=\"uk-width-1-1@m\"><span class=\"wpcf7-form-control-wrap company\"><input type=\"text\" name=\"company\" value=\"\" size=\"40\" class=\"wpcf7-form-control wpcf7-text wpcf7-validates-as-required uk-input\" aria-required=\"true\" aria-invalid=\"false\" placeholder=\"Empresa *\" \/><\/span><\/div>\n<div class=\"uk-width-1-2@m\"><span class=\"wpcf7-form-control-wrap mail\"><input type=\"email\" name=\"mail\" value=\"\" size=\"40\" class=\"wpcf7-form-control wpcf7-text wpcf7-email wpcf7-validates-as-required wpcf7-validates-as-email uk-input\" aria-required=\"true\" aria-invalid=\"false\" placeholder=\"Correo electr\u00f3nico *\" \/><\/span><\/div>\n<div class=\"uk-width-1-2@m\"><span class=\"wpcf7-form-control-wrap tel\"><input type=\"tel\" name=\"tel-cf7it-national\" value=\"\" class=\"wpcf7-form-control wpcf7-intl-tel wpcf7-intl_tel wpcf7-validates-as-required uk-input uk-width-1-1\" aria-required=\"true\" aria-invalid=\"false\" placeholder=\"Tel\u00e9fono *\" \/><input type=\"hidden\" name=\"tel\" class=\"wpcf7-intl-tel-full\" \/><input type=\"hidden\" name=\"tel-cf7it-country-name\" class=\"wpcf7-intl-tel-country-name\" \/><input type=\"hidden\" name=\"tel-cf7it-country-code\" class=\"wpcf7-intl-tel-country-code\" \/><input type=\"hidden\" name=\"tel-cf7it-country-iso2\" class=\"wpcf7-intl-tel-country-iso2\" \/><\/span><\/div>\n<div class=\"uk-width-1-1@m\"><span class=\"wpcf7-form-control-wrap mensaje\"><textarea name=\"mensaje\" cols=\"40\" rows=\"6\" class=\"wpcf7-form-control wpcf7-textarea wpcf7-validates-as-required uk-textarea\" aria-required=\"true\" aria-invalid=\"false\" placeholder=\"Mensaje *\"><\/textarea><\/span><\/div>\n<div class=\"uk-width-1-1@m uk-text-left uk-text-muted uk-text-small\"><span><span class=\"wpcf7-form-control-wrap acceptance\"><span class=\"wpcf7-form-control wpcf7-acceptance\"><span class=\"wpcf7-list-item\"><input type=\"checkbox\" name=\"acceptance\" value=\"1\" aria-invalid=\"false\" \/><\/span><\/span><\/span> Acepto el <a target=\"_blank\" rel=\"nofollow\" href=\"\/aviso-legal\/\">aviso legal<\/a> y la <a target=\"_blank\" rel=\"nofollow\" href=\"\/politica-de-privacidad\/\">pol\u00edtica de privacidad<\/a>.<\/span><\/div>\n<div class=\"uk-width-1-1@m\"><input type=\"submit\" value=\"Enviar\" class=\"wpcf7-form-control has-spinner wpcf7-submit uk-button uk-button-primary\" \/><\/div>\n<\/div>\n<div class=\"wpcf7-response-output\" aria-hidden=\"true\"><\/div><\/form><\/div><\/div>\n<div>\n<h3>+34 93 396 20 00<\/h3>\n<p><a href=\"tel:+34933962000\"><\/a><\/p>\n<\/div>\n<div>\n<h3>info@cacobi.com<\/h3>\n<p><a href=\"mailto:info@cacobi.com\"><\/a><\/p>\n<\/div>\n<div>\n<p>    <iframe src=\"https:\/\/www.google.com\/maps\/embed?pb=!1m18!1m12!1m3!1d2992.9889203902026!2d2.1541552146616483!3d41.39604697926329!2m3!1f0!2f0!3f0!3m2!1i1024!2i768!4f13.1!3m3!1m2!1s0x12a4a297339addff%3A0x69f3ce863e0eff11!2sAvenida%20Diagonal%2C%20468%2C%2008006%20Barcelona%2C%20Espa%C3%B1a!5e0!3m2!1ses!2sfr!4v1630657632788!5m2!1ses!2sfr\" width=\"100%\" height=\"400\" style=\"border:0;\" allowfullscreen=\"\" loading=\"lazy\"><\/iframe>\n<\/div>\n<h2>Encu\u00e9ntranos<\/h2>\n<div>\n<p>Visita nuestra oficina en la siguiente direcci\u00f3n, o ponte en contacto con nosotros de la forma que te resulte m\u00e1s c\u00f3moda.<\/p>\n<\/div>\n<ul>\n<li>\n<p><a href=\"https:\/\/www.google.com\/maps?ll=41.396047,2.156344&#038;z=14&#038;t=m&#038;hl=ca&#038;gl=ES&#038;mapclient=embed&#038;q=Avinguda+Diagonal,+468,+8e+08006+Barcelona\"><\/p>\n<p>Avgda. Diagonal 468, 8\u00e8. 08006 Barcelona<\/p>\n<p><\/a><\/p>\n<\/li>\n<li>\n<p><a href=\"tel:+34933962000\"><\/p>\n<p>+34 93 396 20 00<\/p>\n<p><\/a><\/p>\n<\/li>\n<li>\n<p><a href=\"mailto:info@cacobi.com\"><\/p>\n<p>info@cacobi.com<\/p>\n<p><\/a><\/p>\n<\/li>\n<\/ul>\n<div>\n<div id=\"mapa_base\">\n<img decoding=\"async\" src=\"\/wp-content\/uploads\/mapa_point.png\">\n<\/div>\n<\/div>\n<p><!--more--><br \/>\n<!-- {\"type\":\"layout\",\"children\":[{\"type\":\"section\",\"props\":{\"style\":\"default\",\"width\":\"\",\"vertical_align\":\"middle\",\"title_position\":\"top-left\",\"title_rotation\":\"left\",\"title_breakpoint\":\"xl\",\"image_position\":\"bottom-center\",\"padding\":\"xlarge\",\"animation\":\"fade\",\"image\":\"wp-content\\\/uploads\\\/photo-1516387938699-a93567ec168e-scaled.jpg\",\"image_size\":\"cover\",\"class\":\"uk-text-center\",\"media_overlay\":\"rgba(0, 0, 0, 0.5)\",\"header_transparent\":\"light\",\"header_transparent_noplaceholder\":true},\"children\":[{\"type\":\"row\",\"children\":[{\"type\":\"column\",\"props\":{\"image_position\":\"center-center\",\"media_overlay_gradient\":\"\",\"text_color\":\"light\",\"padding\":\"none\",\"image\":\"\",\"width_medium\":\"1-1\"},\"children\":[{\"type\":\"headline\",\"props\":{\"title_element\":\"h1\",\"title_decoration\":\"divider\",\"text_align\":\"center\",\"content\":\"Contacto\",\"class\":\"uk-display-inline-block\"}}]}]}],\"name\":\"header_v1\",\"modified\":\"2021-08-09T09:59:38.498Z\"},{\"type\":\"section\",\"props\":{\"style\":\"default\",\"width\":\"default\",\"vertical_align\":\"middle\",\"title_position\":\"top-left\",\"title_rotation\":\"left\",\"title_breakpoint\":\"xl\",\"image_position\":\"center-center\"},\"children\":[{\"type\":\"row\",\"children\":[{\"type\":\"column\",\"props\":{\"image_position\":\"center-center\",\"media_overlay_gradient\":\"\"},\"children\":[{\"type\":\"headline\",\"props\":{\"title_element\":\"h2\",\"content\":\"Contacta con nosotros\",\"title_color\":\"primary\"}},{\"type\":\"text\",\"props\":{\"margin\":\"default\",\"column_breakpoint\":\"m\",\"content\":\"\n\n<p>Para cualquier duda, rellena el siguiente formulario para que podamos contactar contigo. Los campos con asteriscos son obligatorios.<\\\/p>\"}}]}]},{\"type\":\"row\",\"children\":[{\"type\":\"column\",\"props\":{\"image_position\":\"center-center\",\"media_overlay_gradient\":\"\",\"width_medium\":\"2-3\"},\"children\":[{\"type\":\"html\",\"props\":{\"content\":\"[contact-form-7 id=\\\"1764\\\" title=\\\"contacto\\\"]\"}}]},{\"type\":\"column\",\"props\":{\"image_position\":\"center-center\",\"media_overlay_gradient\":\"\",\"width_medium\":\"1-3\"},\"children\":[{\"type\":\"panel\",\"props\":{\"link_text\":\"\",\"title_hover_style\":\"reset\",\"title_element\":\"h3\",\"title_align\":\"top\",\"title_grid_width\":\"1-2\",\"title_grid_breakpoint\":\"m\",\"meta_style\":\"meta\",\"meta_align\":\"below-title\",\"meta_element\":\"div\",\"content_column_breakpoint\":\"m\",\"icon_width\":\"38\",\"image_align\":\"top\",\"image_grid_width\":\"1-2\",\"image_grid_breakpoint\":\"m\",\"image_svg_color\":\"emphasis\",\"link_style\":\"default\",\"margin\":\"default\",\"title\":\"+34 93 396 20 00\",\"panel_style\":\"card-default\",\"text_align\":\"center\",\"icon\":\"phone\",\"link\":\"tel:+34933962000\",\"panel_link\":true,\"panel_size\":\"small\",\"css\":\".el-image svg{\\ncolor:#0038b8;}\\n.el-title{\\ncolor:#737373;}\"}},{\"type\":\"panel\",\"props\":{\"link_text\":\"\",\"title_hover_style\":\"reset\",\"title_element\":\"h3\",\"title_align\":\"top\",\"title_grid_width\":\"1-2\",\"title_grid_breakpoint\":\"m\",\"meta_style\":\"meta\",\"meta_align\":\"below-title\",\"meta_element\":\"div\",\"content_column_breakpoint\":\"m\",\"icon_width\":\"38\",\"image_align\":\"top\",\"image_grid_width\":\"1-2\",\"image_grid_breakpoint\":\"m\",\"image_svg_color\":\"emphasis\",\"link_style\":\"default\",\"margin\":\"default\",\"title\":\"info@cacobi.com\",\"panel_style\":\"card-default\",\"text_align\":\"center\",\"icon\":\"mail\",\"link\":\"mailto:info@cacobi.com\",\"panel_link\":true,\"panel_size\":\"small\",\"css\":\".el-image svg{\\ncolor:#0038b8;}\\n.el-title{\\ncolor:#737373;}\"}}]}],\"props\":{\"layout\":\"2-3,1-3\",\"divider\":false,\"column_gap\":\"large\"}}]},{\"type\":\"section\",\"props\":{\"style\":\"default\",\"width\":\"\",\"vertical_align\":\"middle\",\"title_position\":\"top-left\",\"title_rotation\":\"left\",\"title_breakpoint\":\"xl\",\"image_position\":\"center-center\",\"padding\":\"none\"},\"children\":[{\"type\":\"row\",\"children\":[{\"type\":\"column\",\"props\":{\"image_position\":\"center-center\",\"media_overlay_gradient\":\"\"},\"children\":[{\"type\":\"html\",\"props\":{\"content\":\"<iframe src=\\\"https:\\\/\\\/www.google.com\\\/maps\\\/embed?pb=!1m18!1m12!1m3!1d2992.9889203902026!2d2.1541552146616483!3d41.39604697926329!2m3!1f0!2f0!3f0!3m2!1i1024!2i768!4f13.1!3m3!1m2!1s0x12a4a297339addff%3A0x69f3ce863e0eff11!2sAvenida%20Diagonal%2C%20468%2C%2008006%20Barcelona%2C%20Espa%C3%B1a!5e0!3m2!1ses!2sfr!4v1630657632788!5m2!1ses!2sfr\\\" width=\\\"100%\\\" height=\\\"400\\\" style=\\\"border:0;\\\" allowfullscreen=\\\"\\\" loading=\\\"lazy\\\"><\\\/iframe>\"}}]}]}]},{\"type\":\"section\",\"props\":{\"style\":\"default\",\"width\":\"default\",\"vertical_align\":\"middle\",\"title_position\":\"top-left\",\"title_rotation\":\"left\",\"title_breakpoint\":\"xl\",\"image_position\":\"center-center\",\"padding_remove_bottom\":false},\"children\":[{\"type\":\"row\",\"children\":[{\"type\":\"column\",\"props\":{\"image_position\":\"center-center\",\"media_overlay_gradient\":\"\",\"width_medium\":\"2-3\"},\"children\":[{\"type\":\"headline\",\"props\":{\"title_element\":\"h2\",\"content\":\"Encu\\u00e9ntranos\",\"title_color\":\"primary\"}},{\"type\":\"text\",\"props\":{\"margin\":\"default\",\"column_breakpoint\":\"m\",\"content\":\"\n\n<p>Visita nuestra oficina en la siguiente direcci\\u00f3n, o ponte en contacto con nosotros de la forma que te resulte m\\u00e1s c\\u00f3moda.<\\\/p>\"}},{\"type\":\"list\",\"props\":{\"show_image\":true,\"show_link\":true,\"list_element\":\"ul\",\"column_breakpoint\":\"m\",\"image_svg_color\":\"emphasis\",\"image_align\":\"left\",\"image_vertical_align\":true},\"children\":[{\"type\":\"list_item\",\"props\":{\"content\":\"\n\n<p>Avgda. Diagonal 468, 8\\u00e8. 08006 Barcelona<\\\/p>\",\"link\":\"https:\\\/\\\/www.google.com\\\/maps?ll=41.396047,2.156344&z=14&t=m&hl=ca&gl=ES&mapclient=embed&q=Avinguda+Diagonal,+468,+8e+08006+Barcelona\",\"icon\":\"location\",\"link_target\":true}},{\"type\":\"list_item\",\"props\":{\"content\":\"\n\n<p>+34 93 396 20 00<\\\/p>\",\"link\":\"tel:+34933962000\",\"icon\":\"phone\"}},{\"type\":\"list_item\",\"props\":{\"content\":\"\n\n<p>info@cacobi.com<\\\/p>\",\"link\":\"mailto:info@cacobi.com\",\"icon\":\"mail\"}}],\"modified\":\"2021-08-13T08:12:29.211Z\",\"name\":\"contacto-list\"}]},{\"type\":\"column\",\"props\":{\"image_position\":\"center-center\",\"media_overlay_gradient\":\"\",\"width_medium\":\"1-3\"},\"children\":[{\"type\":\"html\",\"props\":{\"content\":\"\n\n<div id=\\\"mapa_base\\\">\\n<img src=\\\"wp-content\\\/uploads\\\/mapa_point.png\\\">\\n<\\\/div>\",\"css\":\"#mapa_base{\\nbackground-image:url('\\\/wp-content\\\/uploads\\\/mapa_base.png');\\nbackground-size:100%;\\nmax-width:200px;\\nmax-height:200px;\\nmargin:auto;\\n}\\n#mapa_base img{\\nanimation: brujula 1s infinite linear;\\n}\\n@keyframes brujula{\\n  0% { margin-top:0px;}\\n  50% { margin-top:10px;}\\n  100% { margin-top:0px;}\\n}\"},\"modified\":\"2021-09-03T08:32:18.747Z\",\"name\":\"XP_mapa-icon\"}]}],\"props\":{\"layout\":\"2-3,1-3\"}}]}],\"version\":\"2.5.8\"} --><\/p>\n","protected":false},"excerpt":{"rendered":"<p>Contacto Contacta con nosotros Para cualquier duda, rellena el siguiente formulario para que podamos contactar contigo. Los campos con asteriscos son obligatorios. +34 93 396 20 00 info@cacobi.com Encu\u00e9ntranos Visita nuestra oficina en la siguiente direcci\u00f3n, o ponte en contacto con nosotros de la forma que te resulte m\u00e1s c\u00f3moda. Avgda. Diagonal 468, 8\u00e8. 08006 [&hellip;]<\/p>\n","protected":false},"author":1,"featured_media":0,"parent":0,"menu_order":6,"comment_status":"closed","ping_status":"closed","template":"","meta":{"footnotes":""},"class_list":["post-1567","page","type-page","status-publish","hentry"],"_links":{"self":[{"href":"https:\/\/cacobi.com\/es\/wp-json\/wp\/v2\/pages\/1567","targetHints":{"allow":["GET"]}}],"collection":[{"href":"https:\/\/cacobi.com\/es\/wp-json\/wp\/v2\/pages"}],"about":[{"href":"https:\/\/cacobi.com\/es\/wp-json\/wp\/v2\/types\/page"}],"author":[{"embeddable":true,"href":"https:\/\/cacobi.com\/es\/wp-json\/wp\/v2\/users\/1"}],"replies":[{"embeddable":true,"href":"https:\/\/cacobi.com\/es\/wp-json\/wp\/v2\/comments?post=1567"}],"version-history":[{"count":5,"href":"https:\/\/cacobi.com\/es\/wp-json\/wp\/v2\/pages\/1567\/revisions"}],"predecessor-version":[{"id":2367,"href":"https:\/\/cacobi.com\/es\/wp-json\/wp\/v2\/pages\/1567\/revisions\/2367"}],"wp:attachment":[{"href":"https:\/\/cacobi.com\/es\/wp-json\/wp\/v2\/media?parent=1567"}],"curies":[{"name":"wp","href":"https:\/\/api.w.org\/{rel}","templated":true}]}}