{"id":1,"date":"2019-08-13T10:27:03","date_gmt":"2019-08-13T08:27:03","guid":{"rendered":"http:\/\/lishkatmisjar.com\/?p=1"},"modified":"2022-01-07T10:18:29","modified_gmt":"2022-01-07T09:18:29","slug":"inicio","status":"publish","type":"page","link":"https:\/\/cacobi.com\/es\/","title":{"rendered":"Inicio"},"content":{"rendered":"<h1>Construyendo puentes<br \/>entre Barcelona e Israel<\/h1>\n<h2>Lishkat Misjar<\/h2>\n<div>\n<p><strong>Lishkat Misjar<sup>\u00a9<\/sup><\/strong> es la <strong>c\u00e1mara de comercio privada Barcelona \u2013 Israel (CACOBI)<\/strong>. Nuestro objetivo es facilitar las relaciones comerciales, impulsar el crecimiento empresarial y potenciar el desarrollo econ\u00f3mico entre Barcelona e Israel.<\/p>\n<p>Somos el punto de referencia y actor de excelencia en las relaciones comerciales y el crecimiento empresarial entre Barcelona e Israel.<\/p>\n<p>Nuestro objetivo es reforzar el tejido empresarial y fortalecer la competitividad de nuestros socios y clientes a trav\u00e9s de nuestros conocimientos sobre los mercados y servicios ofrecidos.<\/p>\n<p>Nuestro trabajo nos ha convertido en una referencia nacional e internacional a la hora de crear puentes entre ambos pa\u00edses y de expandir estos puentes a nivel internacional.<\/p>\n<\/div>\n<p>\n    <a href=\"\/empresa\/\">Ver m\u00e1s<\/a>\n<\/p>\n<div>\n<div id=\"brujula_base_silver\">\n<img decoding=\"async\" src=\"\/wp-content\/uploads\/brujula_flecha_blue.png\">\n<\/div>\n<\/div>\n<h2>Nuestros servicios<\/h2>\n<ul>\n<li>\n<h3>Servicios de Activate<\/h3>\n<p>Desde 100\u20ac al mes<\/p>\n<div>\n<ul>\n<li>Visibilidad<\/li>\n<li>Acceso a informaci\u00f3n empresarial<\/li>\n<li>Gesti\u00f3n del proceso de Due Diligence<\/li>\n<li>Ayuda a la b\u00fasqueda de financiaci\u00f3n<\/li>\n<li>Informes de evoluci\u00f3n de mercado y tecnolog\u00edas<\/li>\n<li>B\u00fasqueda y coordinaci\u00f3n de fuentes de cooperaci\u00f3n a nivel local, nacional e internacional<\/li>\n<\/ul>\n<\/div>\n<p><a href=\"\/servicios\/\">Ver m\u00e1s<\/a><\/p>\n<\/li>\n<li>\n<h3>Servicios de Empower<\/h3>\n<p>Presupuesto personalizado en funci\u00f3n de necesidades<\/p>\n<div>\n<p>Permite personalizar y adaptar las necesidades de nuestros\u00a0clientes.<\/p>\n<p>En este servicio el presupuesto est\u00e1 adaptado a cada cliente en base a sus intereses y al servicio espec\u00edfico que est\u00e9n buscando.<\/p>\n<\/div>\n<p><a href=\"\/servicios\/\">Ver m\u00e1s<\/a><\/p>\n<\/li>\n<\/ul>\n<h2>Perfil de clientes<\/h2>\n<ul>\n<li>\n<p>        <img decoding=\"async\" src=\"\/wp-content\/uploads\/photo-1544148103-0773bf10d330-scaled.jpg\" alt=\"\"><\/p>\n<h3>PYMES<\/h3>\n<\/li>\n<li>\n<p>        <img decoding=\"async\" src=\"\/wp-content\/uploads\/photo-1590650516494-0c8e4a4dd67e.jpg\" alt=\"\"><\/p>\n<h3>Corporaciones<\/h3>\n<\/li>\n<li>\n<p>        <img decoding=\"async\" src=\"\/wp-content\/uploads\/photo-1519074002996-a69e7ac46a42-scaled.jpg\" alt=\"\"><\/p>\n<h3>Startups<\/h3>\n<\/li>\n<li>\n<p>        <img decoding=\"async\" src=\"\/wp-content\/uploads\/photo-1460925895917-afdab827c52f.jpg\" alt=\"\"><\/p>\n<h3>Inversores<\/h3>\n<\/li>\n<li>\n<p>        <img decoding=\"async\" src=\"\/wp-content\/uploads\/photo-1577896851231-70ef18881754.jpg\" alt=\"\"><\/p>\n<h3>Escuelas<\/h3>\n<\/li>\n<li>\n<p>        <img decoding=\"async\" src=\"\/wp-content\/uploads\/photo-1524178232363-1fb2b075b655-scaled.jpg\" alt=\"\"><\/p>\n<h3>Universidades<\/h3>\n<\/li>\n<li>\n<p>        <img decoding=\"async\" src=\"\/wp-content\/uploads\/photo-1578496480240-32d3e0c04525-scaled.jpg\" alt=\"\"><\/p>\n<h3>Centros Transf. Tech<\/h3>\n<\/li>\n<li>\n<p>        <img decoding=\"async\" src=\"\/wp-content\/uploads\/photo-1473649085228-583485e6e4d7-scaled.jpg\" alt=\"\"><\/p>\n<h3>ONGs<\/h3>\n<\/li>\n<li>\n<p>        <img decoding=\"async\" src=\"\/wp-content\/uploads\/pexels-markus-winkler-3532527-scaled.jpg\" alt=\"\"><\/p>\n<h3>Comunidades Aut\u00f3nomas<\/h3>\n<\/li>\n<li>\n<p>        <img decoding=\"async\" src=\"\/wp-content\/uploads\/photo-1603201667141-5a2d4c673378-scaled.jpg\" alt=\"\"><\/p>\n<h3>Org. empresariales p\u00fablicas<\/h3>\n<\/li>\n<li>\n<p>        <img decoding=\"async\" src=\"\/wp-content\/uploads\/diputacio-de-barcelona.jpeg\" alt=\"\"><\/p>\n<h3>Diputaciones<\/h3>\n<\/li>\n<li>\n<p>        <img decoding=\"async\" src=\"\/wp-content\/uploads\/photo-1595415961896-7809eea97c9e-scaled.jpg\" alt=\"\"><\/p>\n<h3>Ayuntamientos<\/h3>\n<\/li>\n<\/ul>\n<p><!--more--><br \/>\n<!-- {\"name\":\"Home\",\"type\":\"layout\",\"children\":[{\"type\":\"section\",\"props\":{\"style\":\"secondary\",\"width\":\"default\",\"vertical_align\":\"middle\",\"title_position\":\"top-left\",\"title_rotation\":\"left\",\"title_breakpoint\":\"xl\",\"image_position\":\"center-center\",\"image\":\"\",\"image_size\":\"cover\",\"padding\":\"xlarge\",\"media_overlay\":\"rgba(0, 0, 0, 0.5)\",\"header_transparent\":\"light\",\"video\":\"wp-content\\\/uploads\\\/prova_video.mp4\",\"status\":\"\"},\"children\":[{\"type\":\"row\",\"children\":[{\"type\":\"column\",\"props\":{\"image_position\":\"center-center\",\"media_overlay_gradient\":\"\",\"position_sticky_breakpoint\":\"m\"},\"children\":[{\"type\":\"headline\",\"props\":{\"title_element\":\"h1\",\"content\":\"Construyendo puentes<br \\\/>entre Barcelona e Israel\",\"text_align\":\"center\"}}]}]}]},{\"type\":\"section\",\"props\":{\"style\":\"default\",\"width\":\"default\",\"vertical_align\":\"middle\",\"title_position\":\"top-left\",\"title_rotation\":\"left\",\"title_breakpoint\":\"xl\",\"image_position\":\"center-center\"},\"children\":[{\"type\":\"row\",\"props\":{\"layout\":\"3-4,1-4\"},\"children\":[{\"type\":\"column\",\"props\":{\"image_position\":\"center-center\",\"media_overlay_gradient\":\"\",\"width_medium\":\"3-4\",\"position_sticky_breakpoint\":\"m\"},\"children\":[{\"type\":\"headline\",\"props\":{\"title_element\":\"h2\",\"text_align\":\"left\",\"animation\":\"fade\",\"content\":\"Lishkat Misjar\",\"class\":\"\",\"title_color\":\"primary\"}},{\"type\":\"text\",\"props\":{\"margin\":\"default\",\"column_breakpoint\":\"m\",\"content\":\"\n\n<p><strong>Lishkat Misjar<sup>\\u00a9<\\\/sup><\\\/strong> es la <strong>c\\u00e1mara de comercio privada Barcelona \\u2013 Israel (CACOBI)<\\\/strong>. Nuestro objetivo es facilitar las relaciones comerciales, impulsar el crecimiento empresarial y potenciar el desarrollo econ\\u00f3mico entre Barcelona e Israel.<\\\/p>\\n\n\n<p>Somos el punto de referencia y actor de excelencia en las relaciones comerciales y el crecimiento empresarial entre Barcelona e Israel.<\\\/p>\\n\n\n<p>Nuestro objetivo es reforzar el tejido empresarial y fortalecer la competitividad de nuestros socios y clientes a trav\\u00e9s de nuestros conocimientos sobre los mercados y servicios ofrecidos.<\\\/p>\\n\n\n<p>Nuestro trabajo nos ha convertido en una referencia nacional e internacional a la hora de crear puentes entre ambos pa\\u00edses y de expandir estos puentes a nivel internacional.<\\\/p>\"}},{\"type\":\"button\",\"props\":{\"grid_column_gap\":\"small\",\"grid_row_gap\":\"small\",\"margin\":\"default\"},\"children\":[{\"type\":\"button_item\",\"props\":{\"button_style\":\"primary\",\"icon_align\":\"right\",\"content\":\"Ver m\\u00e1s\",\"link\":\"\\\/empresa\\\/\",\"icon\":\"chevron-right\"}}]}]},{\"type\":\"column\",\"props\":{\"image_position\":\"center-center\",\"media_overlay_gradient\":\"\",\"width_medium\":\"1-4\",\"vertical_align\":\"middle\",\"position_sticky_breakpoint\":\"m\"},\"children\":[{\"type\":\"html\",\"props\":{\"content\":\"\n\n<div id=\\\"brujula_base_silver\\\">\\n<img src=\\\"\\\/wp-content\\\/uploads\\\/brujula_flecha_blue.png\\\">\\n<\\\/div>\",\"css\":\"#brujula_base_silver{\\nbackground-image:url('\\\/wp-content\\\/uploads\\\/brujula_base_silver.png');\\nbackground-size:100%;\\nmax-width:200px;\\nmax-height:200px;\\nmargin:auto;\\n}\\n#brujula_base_silver img{\\nanimation: brujula 6s infinite linear;\\n}\\n@keyframes brujula{\\n  0% { transform: rotate(0deg);}\\n  10% { transform: rotate(5deg);}\\n  20% { transform: rotate(-5deg);}\\n  30% { transform: rotate(3deg);}\\n  40% { transform: rotate(-8deg);}\\n  50% { transform: rotate(5deg);}\\n  60% { transform: rotate(-5deg);}\\n  70% { transform: rotate(10deg);}\\n  80% { transform: rotate(-5deg);}\\n  90% { transform: rotate(15deg);}\\n  100% { transform: rotate(0deg);}\\n}\"}}]}]}]},{\"type\":\"section\",\"props\":{\"style\":\"secondary\",\"width\":\"\",\"vertical_align\":\"middle\",\"title_position\":\"top-left\",\"title_rotation\":\"left\",\"title_breakpoint\":\"xl\",\"image_position\":\"center-center\",\"image\":\"\",\"image_size\":\"cover\",\"image_effect\":\"fixed\",\"class\":\"uk-pattern\",\"animation\":\"fade\",\"animation_delay\":\"400\",\"padding\":\"none\",\"status\":\"\",\"css\":\".el-section{\\nbackground:#112656;}\"},\"children\":[{\"type\":\"row\",\"children\":[{\"type\":\"column\",\"props\":{\"image_position\":\"center-center\",\"media_overlay_gradient\":\"\",\"width_medium\":\"\",\"position_sticky_breakpoint\":\"m\"},\"children\":[]}],\"props\":{\"id\":\"particles-js\",\"margin\":\"remove-vertical\"}},{\"type\":\"row\",\"children\":[{\"type\":\"column\",\"props\":{\"image_position\":\"center-center\",\"media_overlay_gradient\":\"\",\"width_medium\":\"\",\"position_sticky_breakpoint\":\"m\"},\"children\":[{\"type\":\"headline\",\"props\":{\"title_element\":\"h2\",\"text_align\":\"left\",\"animation\":\"fade\",\"content\":\"Nuestros servicios\",\"class\":\"\"}},{\"type\":\"grid\",\"props\":{\"show_title\":true,\"show_meta\":true,\"show_content\":true,\"show_image\":true,\"show_link\":true,\"grid_default\":\"1\",\"grid_medium\":\"2\",\"filter_style\":\"tab\",\"filter_all\":true,\"filter_position\":\"top\",\"filter_align\":\"left\",\"filter_grid_width\":\"auto\",\"filter_grid_breakpoint\":\"m\",\"title_hover_style\":\"reset\",\"title_element\":\"h3\",\"title_align\":\"top\",\"title_grid_width\":\"1-2\",\"title_grid_breakpoint\":\"m\",\"meta_style\":\"meta\",\"meta_align\":\"below-title\",\"meta_element\":\"div\",\"content_column_breakpoint\":\"m\",\"icon_width\":80,\"image_align\":\"top\",\"image_grid_width\":\"1-2\",\"image_grid_breakpoint\":\"m\",\"image_svg_color\":\"emphasis\",\"link_text\":\"Ver m\\u00e1s\",\"link_style\":\"primary\",\"margin\":\"default\",\"item_animation\":true,\"panel_style\":\"card-default\",\"panel_link\":true,\"class\":\"servicios\",\"css\":\".el-title{color: #111;}\\n.el-meta{color: #aaa;}\\n.el-content{color: #111;}\\n.el-link{color: #111;}\\n.el-link:hover{color: #fff;}\",\"meta_margin\":\"small\",\"title_color\":\"primary\",\"panel_image_no_padding\":true,\"panel_padding\":\"default\"},\"children\":[{\"type\":\"grid_item\",\"props\":{\"title\":\"Servicios de Activate\",\"meta\":\"Desde 100\\u20ac al mes\",\"content\":\"\n\n<ul>\\n\n\n<li>Visibilidad<\\\/li>\\n\n\n<li>Acceso a informaci\\u00f3n empresarial<\\\/li>\\n\n\n<li>Gesti\\u00f3n del proceso de Due Diligence<\\\/li>\\n\n\n<li>Ayuda a la b\\u00fasqueda de financiaci\\u00f3n<\\\/li>\\n\n\n<li>Informes de evoluci\\u00f3n de mercado y tecnolog\\u00edas<\\\/li>\\n\n\n<li>B\\u00fasqueda y coordinaci\\u00f3n de fuentes de cooperaci\\u00f3n a nivel local, nacional e internacional<\\\/li>\\n<\\\/ul>\",\"image\":\"\",\"link\":\"\\\/servicios\\\/\"}},{\"type\":\"grid_item\",\"props\":{\"title\":\"Servicios de Empower\",\"meta\":\"Presupuesto personalizado en funci\\u00f3n de necesidades\",\"content\":\"\n\n<p>Permite personalizar y adaptar las necesidades de nuestros\\u00a0clientes.<\\\/p>\\n\n\n<p>En este servicio el presupuesto est\\u00e1 adaptado a cada cliente en base a sus intereses y al servicio espec\\u00edfico que est\\u00e9n buscando.<\\\/p>\",\"image\":\"\",\"link\":\"\\\/servicios\\\/\"}}]}]}],\"props\":{\"width\":\"default\",\"class\":\"uk-margin-large-bottom\"}}]},{\"type\":\"section\",\"props\":{\"style\":\"muted\",\"width\":\"default\",\"vertical_align\":\"middle\",\"title_position\":\"top-left\",\"title_rotation\":\"left\",\"title_breakpoint\":\"xl\",\"image_position\":\"center-center\"},\"children\":[{\"type\":\"row\",\"children\":[{\"type\":\"column\",\"props\":{\"image_position\":\"center-center\",\"media_overlay_gradient\":\"\",\"position_sticky_breakpoint\":\"m\"},\"children\":[{\"type\":\"headline\",\"props\":{\"title_element\":\"h2\",\"text_align\":\"left\",\"animation\":\"fade\",\"content\":\"Perfil de clientes\",\"class\":\"\",\"title_color\":\"primary\"}},{\"type\":\"overlay-slider\",\"props\":{\"show_title\":true,\"show_meta\":true,\"show_content\":true,\"show_link\":true,\"slider_width\":\"fixed\",\"slider_width_default\":\"1-1\",\"slider_width_medium\":\"1-3\",\"slider_gap\":\"default\",\"slider_autoplay_pause\":false,\"nav\":\"\",\"nav_align\":\"center\",\"nav_breakpoint\":\"s\",\"slidenav\":\"outside\",\"slidenav_margin\":\"\",\"slidenav_breakpoint\":\"s\",\"slidenav_outside_breakpoint\":\"s\",\"overlay_mode\":\"caption\",\"overlay_position\":\"bottom\",\"overlay_transition\":\"fade\",\"title_hover_style\":\"reset\",\"title_element\":\"h3\",\"meta_style\":\"meta\",\"meta_align\":\"below-title\",\"meta_element\":\"div\",\"link_text\":\"Read more\",\"link_style\":\"default\",\"text_align\":\"center\",\"margin\":\"default\",\"slider_autoplay\":true,\"overlay_hover\":false,\"overlay_style\":\"overlay-default\",\"image_width\":\"400\",\"image_height\":\"300\",\"overlay_padding\":\"small\",\"slidenav_color\":\"dark\",\"slidenav_large\":true,\"slidenav_outside_color\":\"dark\",\"title_style\":\"h4\",\"show_hover_image\":true},\"children\":[{\"type\":\"overlay-slider_item\",\"props\":{\"image\":\"wp-content\\\/uploads\\\/photo-1544148103-0773bf10d330-scaled.jpg\",\"title\":\"PYMES\"}},{\"type\":\"overlay-slider_item\",\"props\":{\"image\":\"wp-content\\\/uploads\\\/photo-1590650516494-0c8e4a4dd67e.jpg\",\"title\":\"Corporaciones\"}},{\"type\":\"overlay-slider_item\",\"props\":{\"image\":\"wp-content\\\/uploads\\\/photo-1519074002996-a69e7ac46a42-scaled.jpg\",\"title\":\"Startups\"}},{\"type\":\"overlay-slider_item\",\"props\":{\"image\":\"wp-content\\\/uploads\\\/photo-1460925895917-afdab827c52f.jpg\",\"title\":\"Inversores\"}},{\"type\":\"overlay-slider_item\",\"props\":{\"image\":\"wp-content\\\/uploads\\\/photo-1577896851231-70ef18881754.jpg\",\"title\":\"Escuelas\"}},{\"type\":\"overlay-slider_item\",\"props\":{\"image\":\"wp-content\\\/uploads\\\/photo-1524178232363-1fb2b075b655-scaled.jpg\",\"title\":\"Universidades\"}},{\"type\":\"overlay-slider_item\",\"props\":{\"image\":\"wp-content\\\/uploads\\\/photo-1578496480240-32d3e0c04525-scaled.jpg\",\"title\":\"Centros Transf. Tech\"}},{\"type\":\"overlay-slider_item\",\"props\":{\"image\":\"wp-content\\\/uploads\\\/photo-1473649085228-583485e6e4d7-scaled.jpg\",\"title\":\"ONGs\"}},{\"type\":\"overlay-slider_item\",\"props\":{\"image\":\"wp-content\\\/uploads\\\/pexels-markus-winkler-3532527-scaled.jpg\",\"title\":\"Comunidades Aut\\u00f3nomas\"}},{\"type\":\"overlay-slider_item\",\"props\":{\"image\":\"wp-content\\\/uploads\\\/photo-1603201667141-5a2d4c673378-scaled.jpg\",\"title\":\"Org. empresariales p\\u00fablicas\"}},{\"type\":\"overlay-slider_item\",\"props\":{\"image\":\"wp-content\\\/uploads\\\/diputacio-de-barcelona.jpeg\",\"title\":\"Diputaciones\"}},{\"type\":\"overlay-slider_item\",\"props\":{\"image\":\"wp-content\\\/uploads\\\/photo-1595415961896-7809eea97c9e-scaled.jpg\",\"title\":\"Ayuntamientos\"}}]}]}]}]}],\"version\":\"2.7.14\"} --><\/p>\n","protected":false},"excerpt":{"rendered":"<p>Construyendo puentesentre Barcelona e Israel Lishkat Misjar Lishkat Misjar\u00a9 es la c\u00e1mara de comercio privada Barcelona \u2013 Israel (CACOBI). Nuestro objetivo es facilitar las relaciones comerciales, impulsar el crecimiento empresarial y potenciar el desarrollo econ\u00f3mico entre Barcelona e Israel. Somos el punto de referencia y actor de excelencia en las relaciones comerciales y el crecimiento [&hellip;]<\/p>\n","protected":false},"author":1,"featured_media":0,"parent":0,"menu_order":1,"comment_status":"open","ping_status":"closed","template":"","meta":{"footnotes":""},"class_list":["post-1","page","type-page","status-publish","hentry"],"_links":{"self":[{"href":"https:\/\/cacobi.com\/es\/wp-json\/wp\/v2\/pages\/1","targetHints":{"allow":["GET"]}}],"collection":[{"href":"https:\/\/cacobi.com\/es\/wp-json\/wp\/v2\/pages"}],"about":[{"href":"https:\/\/cacobi.com\/es\/wp-json\/wp\/v2\/types\/page"}],"author":[{"embeddable":true,"href":"https:\/\/cacobi.com\/es\/wp-json\/wp\/v2\/users\/1"}],"replies":[{"embeddable":true,"href":"https:\/\/cacobi.com\/es\/wp-json\/wp\/v2\/comments?post=1"}],"version-history":[{"count":5,"href":"https:\/\/cacobi.com\/es\/wp-json\/wp\/v2\/pages\/1\/revisions"}],"predecessor-version":[{"id":2848,"href":"https:\/\/cacobi.com\/es\/wp-json\/wp\/v2\/pages\/1\/revisions\/2848"}],"wp:attachment":[{"href":"https:\/\/cacobi.com\/es\/wp-json\/wp\/v2\/media?parent=1"}],"curies":[{"name":"wp","href":"https:\/\/api.w.org\/{rel}","templated":true}]}}