{"id":2554,"date":"2021-09-20T12:05:33","date_gmt":"2021-09-20T10:05:33","guid":{"rendered":"https:\/\/lishkatmisjar.com\/?page_id=2554"},"modified":"2021-09-20T12:06:45","modified_gmt":"2021-09-20T10:06:45","slug":"avis-legal","status":"publish","type":"page","link":"https:\/\/cacobi.com\/ca\/avis-legal\/","title":{"rendered":"Avis legal"},"content":{"rendered":"<h3>I. INFORMACI\u00d3 GENERAL<\/h3>\n<p>En compliment amb el deure d&#8217;informaci\u00f3 que disposa la Llei 34\/2002 de Serveis de la Societat de la Informaci\u00f3 i el Comer\u00e7 Electr\u00f2nic (LSSI-CE) de 11 de juliol, es faciliten a continuaci\u00f3 les seg\u00fcents dades d&#8217;informaci\u00f3 general d&#8217;aquest lloc web :<\/p>\n<p>La titularitat d&#8217;aquest lloc web,\u00a0\u00a0<a href=\"http:\/\/cacobi.com\/\" target=\"_blank\" rel=\"noopener\" data-saferedirecturl=\"https:\/\/www.google.com\/url?q=http:\/\/cacobi.com\/&amp;source=gmail&amp;ust=1630412933924000&amp;usg=AFQjCNE2R1-Lpa_wgTTeaYBrVV64VlIQIQ\">http:\/\/cacobi.com\/<\/a><wbr \/>\u00a0, (en endavant, lloc web) l&#8217;ostenta:\u00a0, Prove\u00efda de NIF:\u00a0\u00a0B63694830\u00a0\u00a0i inscrita en:\u00a0\u00a0Registre mercantil de Barcelona\u00a0amb les seg\u00fcents dades registrals: Tom 37139, Foli 161, Full B299970, el representant \u00e9s:\u00a0\u00a0Eden Djanashvili\u00a0, i els dades de contacte s\u00f3n:<\/p>\n<p>Direcci\u00f3:\u00a0\u00a0Avgda.\u00a0Diagonal 468, 8\u00e8.\u00a008006 Barcelona<\/p>\n<p>Tel\u00e8fon de contacte:\u00a0\u00a0+34 93 396 20 00<\/p>\n<p>E-mail de contacte:\u00a0\u00a0<a href=\"mailto:info@cacobi.com\" target=\"_blank\" rel=\"noopener\">info @ lishkatmisjar.\u00a0<wbr \/>com<\/a><\/p>\n<h3>II.\u00a0TERMES I CONDICIONS GENERALS D&#8217;\u00daS<\/h3>\n<h4>L&#8217;objecte de les condicions: El lloc web<\/h4>\n<p>L&#8217;objecte de les presents Condicions Generals d&#8217;\u00das (en endavant, Condicions) \u00e9s regular l&#8217;acc\u00e9s i la utilitzaci\u00f3 del Lloc Web.\u00a0A l&#8217;efecte de les presents Condicions s&#8217;entendr\u00e0 com a lloc web: l&#8217;aparen\u00e7a externa de les interf\u00edcies de pantalla, tant de forma est\u00e0tica com de forma din\u00e0mica, \u00e9s a dir, l&#8217;arbre de navegaci\u00f3;\u00a0i tots els elements integrats tant en els interf\u00edcies de pantalla com a l&#8217;arbre de navegaci\u00f3 (en endavant, Continguts) i tots aquells serveis o recursos en l\u00ednia que, si s&#8217;escau ofereixi als Usuaris (en endavant, Serveis).<\/p>\n<p><a href=\"http:\/\/cacobi.com\/\" target=\"_blank\" rel=\"noopener\" data-saferedirecturl=\"https:\/\/www.google.com\/url?q=http:\/\/cacobi.com&amp;source=gmail&amp;ust=1630412933924000&amp;usg=AFQjCNGZEp-i6XfJmC0_8MLNuq7CBQOTlw\">cacobi.com<\/a>\u00a0\u00a0es reserva la facultat de modificar, en qualsevol moment, i sense av\u00eds previ, la presentaci\u00f3 i configuraci\u00f3 del Lloc Web i dels Continguts i Serveis que en ell poguessin estar incorporats.\u00a0L&#8217;Usuari reconeix i accepta que en qualsevol moment\u00a0<a href=\"http:\/\/cacobi.com\/\" target=\"_blank\" rel=\"noopener\" data-saferedirecturl=\"https:\/\/www.google.com\/url?q=http:\/\/cacobi.com&amp;source=gmail&amp;ust=1630412933925000&amp;usg=AFQjCNG3j5Hgzs6w5xgaXl8JEkxpjc-ffg\">\u00a0cacobi.com<\/a>\u00a0<wbr \/>\u00a0pugui interrompre, desactivar i \/ o cancel\u00b7lar qualsevol d&#8217;aquests elements que s&#8217;integren en el Lloc Web o l&#8217;acc\u00e9s als mateixos.<\/p>\n<p>L&#8217;acc\u00e9s a la Web per l&#8217;Usuari t\u00e9 car\u00e0cter lliure i, per regla general, \u00e9s gratu\u00eft sense que l&#8217;Usuari hagi de proporcionar una contraprestaci\u00f3 per poder gaudir-ne, excepte pel que fa a el cost de connexi\u00f3 a trav\u00e9s de la xarxa de telecomunicacions subministrada pel prove\u00efdor d&#8217;acc\u00e9s que hagi contractat l&#8217;Usuari.<\/p>\n<p>La utilitzaci\u00f3 dels Continguts no requereix pr\u00e8via subscripci\u00f3 o registre algun.<\/p>\n<h4>l&#8217;Usuari<\/h4>\n<p>L&#8217;acc\u00e9s, la navegaci\u00f3 i \u00fas del Lloc Web, confereix la condici\u00f3 d&#8217;Usuari, per la que s&#8217;accepten, des que s&#8217;inicia la navegaci\u00f3 pel lloc web, totes les Condicions aqu\u00ed establertes, aix\u00ed com les seves ulteriors modificacions, sense perjudici de la aplicaci\u00f3 de la corresponent normativa legal d&#8217;obligat compliment segons el cas.\u00a0Donada la rellev\u00e0ncia de l&#8217;anterior, es recomana a l&#8217;Usuari llegir-les cada vegada que visiti el Lloc Web.<\/p>\n<p>El lloc web de\u00a0\u00a0<a href=\"http:\/\/cacobi.com\/\" target=\"_blank\" rel=\"noopener\" data-saferedirecturl=\"https:\/\/www.google.com\/url?q=http:\/\/cacobi.com&amp;source=gmail&amp;ust=1630412933925000&amp;usg=AFQjCNG3j5Hgzs6w5xgaXl8JEkxpjc-ffg\">cacobi.com<\/a>\u00a0<wbr \/>\u00a0proporciona gran diversitat d&#8217;informaci\u00f3, serveis i dades.\u00a0L&#8217;Usuari assumeix la seva responsabilitat per fer un \u00fas correcte del Lloc Web.\u00a0Aquesta responsabilitat s&#8217;estendr\u00e0 a:<\/p>\n<ul>\n<li>Un \u00fas de la informaci\u00f3, Continguts i \/ o Serveis i dades ofertes per\u00a0\u00a0<a href=\"http:\/\/cacobi.com\/\" target=\"_blank\" rel=\"noopener\" data-saferedirecturl=\"https:\/\/www.google.com\/url?q=http:\/\/cacobi.com&amp;source=gmail&amp;ust=1630412933925000&amp;usg=AFQjCNG3j5Hgzs6w5xgaXl8JEkxpjc-ffg\">cacobi.com<\/a>\u00a0\u00a0sense que sigui contrari al que disposa per les presents Condicions, la Llei, la moral o l&#8217;ordre p\u00fablic, o que de qualsevol altre forma pugui suposar lesi\u00f3 els drets de tercers o de la mateixa funcionament del Lloc Web.<\/li>\n<li>La veracitat i licitud de les informacions aportades per l&#8217;usuari en els formularis facilitats per\u00a0\u00a0<a href=\"http:\/\/cacobi.com\/\" target=\"_blank\" rel=\"noopener\" data-saferedirecturl=\"https:\/\/www.google.com\/url?q=http:\/\/cacobi.com&amp;source=gmail&amp;ust=1630412933925000&amp;usg=AFQjCNG3j5Hgzs6w5xgaXl8JEkxpjc-ffg\">cacobi.com<\/a>\u00a0\u00a0per a l&#8217;acc\u00e9s a certs continguts o serveis oferts pel lloc web.\u00a0En tot cas, l&#8217;Usuari notificar de forma immediata a\u00a0\u00a0<a href=\"http:\/\/cacobi.com\/\" target=\"_blank\" rel=\"noopener\" data-saferedirecturl=\"https:\/\/www.google.com\/url?q=http:\/\/cacobi.com&amp;source=gmail&amp;ust=1630412933925000&amp;usg=AFQjCNG3j5Hgzs6w5xgaXl8JEkxpjc-ffg\">cacobi.com<\/a>\u00a0\u00a0sobre qualsevol fet que permeti l&#8217;\u00fas indegut de la informaci\u00f3 registrada en aquests formularis, com ara, per\u00f2 no nom\u00e9s, el robatori, p\u00e8rdua, o l&#8217;acc\u00e9s no autoritzat a identificadors i \/ o contrasenyes, per tal de procedir a la seva immediata cancel\u00b7laci\u00f3.<\/li>\n<\/ul>\n<p>El fet d&#8217;accedir a aquest Lloc Web no suposa establir cap tipus de relaci\u00f3 de car\u00e0cter comercial entre\u00a0\u00a0<a href=\"http:\/\/cacobi.com\/\" target=\"_blank\" rel=\"noopener\" data-saferedirecturl=\"https:\/\/www.google.com\/url?q=http:\/\/cacobi.com&amp;source=gmail&amp;ust=1630412933925000&amp;usg=AFQjCNG3j5Hgzs6w5xgaXl8JEkxpjc-ffg\">cacobi.com<\/a>\u00a0\u00a0i l&#8217;Usuari.<\/p>\n<p>Sempre en el respecte de la legislaci\u00f3 vigent, aquest Lloc Web de\u00a0\u00a0<a href=\"http:\/\/cacobi.com\/\" target=\"_blank\" rel=\"noopener\" data-saferedirecturl=\"https:\/\/www.google.com\/url?q=http:\/\/cacobi.com&amp;source=gmail&amp;ust=1630412933925000&amp;usg=AFQjCNG3j5Hgzs6w5xgaXl8JEkxpjc-ffg\">cacobi.com<\/a>\u00a0\u00a0es dirigeix a totes les persones, sense importar la seva edat, que puguin accedir i \/ o navegar per les p\u00e0gines del Lloc Web.<\/p>\n<h3>III.\u00a0ACC\u00c9S I NAVEGACI\u00d3 AL LLOC WEB: EXCLUSI\u00d3 DE GARANTIES I RESPONSABILITAT<\/h3>\n<p><a href=\"http:\/\/cacobi.com\/\" target=\"_blank\" rel=\"noopener\" data-saferedirecturl=\"https:\/\/www.google.com\/url?q=http:\/\/cacobi.com&amp;source=gmail&amp;ust=1630412933925000&amp;usg=AFQjCNG3j5Hgzs6w5xgaXl8JEkxpjc-ffg\">cacobi.com<\/a>\u00a0\u00a0no garanteix la continu\u00eftat, disponibilitat i utilitat del Lloc Web, ni dels Continguts o Serveis.\u00a0<a href=\"http:\/\/cacobi.com\/\" target=\"_blank\" rel=\"noopener\" data-saferedirecturl=\"https:\/\/www.google.com\/url?q=http:\/\/cacobi.com&amp;source=gmail&amp;ust=1630412933925000&amp;usg=AFQjCNG3j5Hgzs6w5xgaXl8JEkxpjc-ffg\">cacobi.com<\/a>\u00a0<wbr \/>\u00a0far\u00e0 tot el possible pel bon funcionament del Lloc Web, per\u00f2, no es responsabilitza ni garanteix que l&#8217;acc\u00e9s a aquest Lloc Web no fos cas ininterromput o que estigui lliure d&#8217;error.<\/p>\n<p>Tampoc es responsabilitza o garanteix que el contingut o programari a qu\u00e8 pugui accedir-se a trav\u00e9s d&#8217;aquest lloc web, estigui lliure d&#8217;error o causi un dany a el sistema inform\u00e0tic (programari i maquinari) de l&#8217;Usuari.\u00a0En cap cas\u00a0\u00a0<a href=\"http:\/\/cacobi.com\/\" target=\"_blank\" rel=\"noopener\" data-saferedirecturl=\"https:\/\/www.google.com\/url?q=http:\/\/cacobi.com&amp;source=gmail&amp;ust=1630412933925000&amp;usg=AFQjCNG3j5Hgzs6w5xgaXl8JEkxpjc-ffg\">cacobi.com<\/a>\u00a0\u00a0ser\u00e0 responsable per les p\u00e8rdues, danys o perjudicis de qualsevol tipus que sorgeixin per l&#8217;acc\u00e9s, navegaci\u00f3 i l&#8217;\u00fas del Lloc Web, incloent, per\u00f2 no limitant-se, als ocasionats als sistemes inform\u00e0tics o els provocats per la introducci\u00f3 de virus.<\/p>\n<p><a href=\"http:\/\/cacobi.com\/\" target=\"_blank\" rel=\"noopener\" data-saferedirecturl=\"https:\/\/www.google.com\/url?q=http:\/\/cacobi.com&amp;source=gmail&amp;ust=1630412933925000&amp;usg=AFQjCNG3j5Hgzs6w5xgaXl8JEkxpjc-ffg\">cacobi.com<\/a>\u00a0\u00a0tampoc es fa responsable dels danys que poguessin ocasionar-se als usuaris per un \u00fas inadequat d&#8217;aquest Lloc Web.\u00a0En particular, no es fa responsable de cap manera de les caigudes, interrupcions, falta o defecte de les telecomunicacions que poguessin oc\u00f3rrer.<\/p>\n<h3>IV.\u00a0POL\u00cdTICA D&#8217;ENLLA\u00c7OS<\/h3>\n<p>S&#8217;informa que el lloc web de\u00a0\u00a0<a href=\"http:\/\/cacobi.com\/\" target=\"_blank\" rel=\"noopener\" data-saferedirecturl=\"https:\/\/www.google.com\/url?q=http:\/\/cacobi.com&amp;source=gmail&amp;ust=1630412933925000&amp;usg=AFQjCNG3j5Hgzs6w5xgaXl8JEkxpjc-ffg\">cacobi.com<\/a>\u00a0\u00a0posa o pot posar a disposici\u00f3 dels Usuaris mitjans d&#8217;enlla\u00e7 (com, entre d&#8217;altres, links, banners, botons), directoris i motors de cerca que permeten als Usuaris accedir a llocs web pertanyents i \/ o gestionats per tercers.<\/p>\n<p>La instal\u00b7laci\u00f3 d&#8217;aquests enlla\u00e7os, directoris i motors de cerca al lloc web t\u00e9 per objecte facilitar als Usuaris la recerca de i acc\u00e9s a la informaci\u00f3 disponible a Internet, sense que es pugui considerar un suggeriment, recomanaci\u00f3 o invitaci\u00f3 per a la visita dels mateixos .<\/p>\n<p><a href=\"http:\/\/cacobi.com\/\" target=\"_blank\" rel=\"noopener\" data-saferedirecturl=\"https:\/\/www.google.com\/url?q=http:\/\/cacobi.com&amp;source=gmail&amp;ust=1630412933925000&amp;usg=AFQjCNG3j5Hgzs6w5xgaXl8JEkxpjc-ffg\">cacobi.com<\/a>\u00a0\u00a0no ofereix ni comercialitza per si ni per mitj\u00e0 de tercers els productes i \/ o serveis disponibles en aquests llocs enlla\u00e7ats.<\/p>\n<p><a href=\"http:\/\/cacobi.com\/\" target=\"_blank\" rel=\"noopener\" data-saferedirecturl=\"https:\/\/www.google.com\/url?q=http:\/\/cacobi.com&amp;source=gmail&amp;ust=1630412933925000&amp;usg=AFQjCNG3j5Hgzs6w5xgaXl8JEkxpjc-ffg\">cacobi.com<\/a>\u00a0\u00a0ofereix continguts patrocinats, anuncis i \/ o enlla\u00e7os d&#8217;afiliats.\u00a0La informaci\u00f3 que apareix en aquests enlla\u00e7os d&#8217;afiliats o els anuncis inserits, s\u00f3n facilitats pels propis anunciants, de manera que\u00a0<a href=\"http:\/\/cacobi.com\/\" target=\"_blank\" rel=\"noopener\" data-saferedirecturl=\"https:\/\/www.google.com\/url?q=http:\/\/cacobi.com&amp;source=gmail&amp;ust=1630412933925000&amp;usg=AFQjCNG3j5Hgzs6w5xgaXl8JEkxpjc-ffg\">\u00a0cacobi.com<\/a>\u00a0\u00a0no es fa responsable de possibles inexactituds o errors que puguin contenir els anuncis, ni garanteix de cap manera l&#8217;experi\u00e8ncia, integritat o responsabilitat dels anunciants o la qualitat dels seus productes i \/ o serveis.<\/p>\n<p>Aix\u00ed mateix, tampoc garantir\u00e0 la disponibilitat t\u00e8cnica, exactitud, veracitat, validesa o legalitat de llocs aliens a la seva propietat als quals es pugui accedir per mitj\u00e0 dels enlla\u00e7os.<\/p>\n<p><a href=\"http:\/\/cacobi.com\/\" target=\"_blank\" rel=\"noopener\" data-saferedirecturl=\"https:\/\/www.google.com\/url?q=http:\/\/cacobi.com&amp;source=gmail&amp;ust=1630412933925000&amp;usg=AFQjCNG3j5Hgzs6w5xgaXl8JEkxpjc-ffg\">cacobi.com<\/a>\u00a0\u00a0en cap cas revisar\u00e0 o controlar\u00e0 el contingut d&#8217;altres llocs web, aix\u00ed com tampoc aprova, examina ni fa propis els productes i serveis, continguts, arxius i qualsevol altre material que en els referits llocs enlla\u00e7ats.<\/p>\n<p><a href=\"http:\/\/cacobi.com\/\" target=\"_blank\" rel=\"noopener\" data-saferedirecturl=\"https:\/\/www.google.com\/url?q=http:\/\/cacobi.com&amp;source=gmail&amp;ust=1630412933925000&amp;usg=AFQjCNG3j5Hgzs6w5xgaXl8JEkxpjc-ffg\">cacobi.com<\/a>\u00a0\u00a0no assumeix cap responsabilitat pels danys i perjudicis que es puguin produir per l&#8217;acc\u00e9s, \u00fas, qualitat o licitud dels continguts, comunicacions, opinions, productes i serveis dels llocs web no gestionats per\u00a0<a href=\"http:\/\/cacobi.com\/\" target=\"_blank\" rel=\"noopener\" data-saferedirecturl=\"https:\/\/www.google.com\/url?q=http:\/\/cacobi.com&amp;source=gmail&amp;ust=1630412933925000&amp;usg=AFQjCNG3j5Hgzs6w5xgaXl8JEkxpjc-ffg\">\u00a0cacobi.com<\/a>\u00a0\u00a0i que siguin enlla\u00e7ats en aquest Lloc Web.<\/p>\n<p>L&#8217;usuari o tercer que realitzi un hipervincle des d&#8217;una p\u00e0gina web d&#8217;un altre, diferent, lloc web a el Lloc Web de\u00a0\u00a0<a href=\"http:\/\/cacobi.com\/\" target=\"_blank\" rel=\"noopener\" data-saferedirecturl=\"https:\/\/www.google.com\/url?q=http:\/\/cacobi.com&amp;source=gmail&amp;ust=1630412933925000&amp;usg=AFQjCNG3j5Hgzs6w5xgaXl8JEkxpjc-ffg\">cacobi.com<\/a>\u00a0\u00a0haur\u00e0 de saber que:<\/p>\n<p>No es permet la reproducci\u00f3 -total o parcialment- de cap dels Continguts i \/ o Serveis del Lloc Web sense autoritzaci\u00f3 expressa de\u00a0\u00a0<a href=\"http:\/\/cacobi.com\/\" target=\"_blank\" rel=\"noopener\" data-saferedirecturl=\"https:\/\/www.google.com\/url?q=http:\/\/cacobi.com&amp;source=gmail&amp;ust=1630412933925000&amp;usg=AFQjCNG3j5Hgzs6w5xgaXl8JEkxpjc-ffg\">cacobi.com<\/a>\u00a0.<\/p>\n<p>No es permet tampoc cap manifestaci\u00f3 falsa, inexacta o incorrecta sobre el lloc web de\u00a0\u00a0<a href=\"http:\/\/cacobi.com\/\" target=\"_blank\" rel=\"noopener\" data-saferedirecturl=\"https:\/\/www.google.com\/url?q=http:\/\/cacobi.com&amp;source=gmail&amp;ust=1630412933925000&amp;usg=AFQjCNG3j5Hgzs6w5xgaXl8JEkxpjc-ffg\">cacobi.com<\/a>\u00a0, ni sobre els Continguts i \/ o Serveis d&#8217;ell mateix.<\/p>\n<p>A excepci\u00f3 de l&#8217;hipervincle, el lloc web en qu\u00e8 s&#8217;estableixi dit hiperenlla\u00e7 no contindr\u00e0 cap element, d&#8217;aquest Lloc Web, protegit com a propietat intel\u00b7lectual per l&#8217;ordenament jur\u00eddic espanyol, llevat autoritzaci\u00f3 expressa de\u00a0\u00a0<a href=\"http:\/\/cacobi.com\/\" target=\"_blank\" rel=\"noopener\" data-saferedirecturl=\"https:\/\/www.google.com\/url?q=http:\/\/cacobi.com&amp;source=gmail&amp;ust=1630412933925000&amp;usg=AFQjCNG3j5Hgzs6w5xgaXl8JEkxpjc-ffg\">cacobi.com<\/a>\u00a0.<\/p>\n<p>L&#8217;establiment de l&#8217;hipervincle no implicar\u00e0 l&#8217;exist\u00e8ncia de relacions entre\u00a0\u00a0<a href=\"http:\/\/cacobi.com\/\" target=\"_blank\" rel=\"noopener\" data-saferedirecturl=\"https:\/\/www.google.com\/url?q=http:\/\/cacobi.com&amp;source=gmail&amp;ust=1630412933925000&amp;usg=AFQjCNG3j5Hgzs6w5xgaXl8JEkxpjc-ffg\">cacobi.com<\/a>\u00a0\u00a0i el titular de la p\u00e0gina web des del qual es realitzi, ni el coneixement i acceptaci\u00f3 de\u00a0\u00a0<a href=\"http:\/\/cacobi.com\/\" target=\"_blank\" rel=\"noopener\" data-saferedirecturl=\"https:\/\/www.google.com\/url?q=http:\/\/cacobi.com&amp;source=gmail&amp;ust=1630412933925000&amp;usg=AFQjCNG3j5Hgzs6w5xgaXl8JEkxpjc-ffg\">cacobi.com<\/a>\u00a0\u00a0dels continguts, serveis i \/ o activitats oferts en aquest lloc web, i viceversa.<\/p>\n<h3>V. PROPIETAT INTEL\u00b7LECTUAL I INDUSTRIAL<\/h3>\n<p><a href=\"http:\/\/cacobi.com\/\" target=\"_blank\" rel=\"noopener\" data-saferedirecturl=\"https:\/\/www.google.com\/url?q=http:\/\/cacobi.com&amp;source=gmail&amp;ust=1630412933925000&amp;usg=AFQjCNG3j5Hgzs6w5xgaXl8JEkxpjc-ffg\">cacobi.com<\/a>\u00a0\u00a0per si o com a part cession\u00e0ria, \u00e9s titular de tots els drets de propietat intel\u00b7lectual i industrial del Lloc Web, aix\u00ed com dels elements continguts en el mateix (a t\u00edtol enunciatiu i no exhaustiu, imatges, so, \u00e0udio, v\u00eddeo, programari o textos, marques o logotips, combinacions de colors, estructura i disseny, selecci\u00f3 de materials usats, programes d&#8217;ordinador necessaris per al seu funcionament, acc\u00e9s i \u00fas, etc.).\u00a0Seran, per tant, obres protegides com a propietat intel\u00b7lectual per l&#8217;ordenament jur\u00eddic espanyol, ser\u00e0 d&#8217;aplicaci\u00f3 tant la normativa espanyola i comunit\u00e0ria en aquest camp, com els tractats internacionals relatius a la mat\u00e8ria i subscrits per Espanya.<\/p>\n<p>Tots els drets reservats.\u00a0En virtut del que disposa la Llei de Propietat Intel\u00b7lectual, queden expressament prohibides la reproducci\u00f3, la distribuci\u00f3 i la comunicaci\u00f3 p\u00fablica, inclosa la seva modalitat de posada a disposici\u00f3, de la totalitat o part dels continguts d&#8217;aquesta p\u00e0gina web, amb fins comercials, en qualsevol suport i per qualsevol mitj\u00e0 t\u00e8cnic, sense l&#8217;autoritzaci\u00f3 de\u00a0\u00a0<a href=\"http:\/\/cacobi.com\/\" target=\"_blank\" rel=\"noopener\" data-saferedirecturl=\"https:\/\/www.google.com\/url?q=http:\/\/cacobi.com&amp;source=gmail&amp;ust=1630412933925000&amp;usg=AFQjCNG3j5Hgzs6w5xgaXl8JEkxpjc-ffg\">cacobi.com<\/a>\u00a0.<\/p>\n<p>L&#8217;Usuari es compromet a respectar els drets de propietat intel\u00b7lectual i industrial de\u00a0\u00a0<a href=\"http:\/\/cacobi.com\/\" target=\"_blank\" rel=\"noopener\" data-saferedirecturl=\"https:\/\/www.google.com\/url?q=http:\/\/cacobi.com&amp;source=gmail&amp;ust=1630412933925000&amp;usg=AFQjCNG3j5Hgzs6w5xgaXl8JEkxpjc-ffg\">cacobi.com<\/a>\u00a0.\u00a0Podr\u00e0 visualitzar els elements del Lloc Web o fins i tot imprimir-los, copiar-los i emmagatzemar-los al disc dur del seu ordinador o en qualsevol altre suport f\u00edsic sempre que sigui, exclusivament, per al seu \u00fas personal.\u00a0L&#8217;Usuari, per\u00f2, no podr\u00e0 suprimir, alterar, o manipular qualsevol dispositiu de protecci\u00f3 o sistema de seguretat que estigu\u00e9s instal\u00b7lat en el Lloc Web.<\/p>\n<p>En cas que l&#8217;Usuari o tercer consideri que qualsevol dels continguts del Lloc Web suposi una violaci\u00f3 dels drets de protecci\u00f3 de la propietat intel\u00b7lectual, haur\u00e0 de comunicar immediatament a\u00a0\u00a0<a href=\"http:\/\/cacobi.com\/\" target=\"_blank\" rel=\"noopener\" data-saferedirecturl=\"https:\/\/www.google.com\/url?q=http:\/\/cacobi.com&amp;source=gmail&amp;ust=1630412933925000&amp;usg=AFQjCNG3j5Hgzs6w5xgaXl8JEkxpjc-ffg\">cacobi.com<\/a>\u00a0\u00a0a trav\u00e9s de les dades de contacte de l&#8217;apartat d&#8217;INFORMACI\u00d3 GENERAL de aquest Av\u00eds Legal i Condicions Generals d&#8217;\u00das.<\/p>\n<h3>VI.\u00a0ACCIONS LEGALS, LEGISLACI\u00d3 APLICABLE I JURISDICCI\u00d3<\/h3>\n<p><a href=\"http:\/\/cacobi.com\/\" target=\"_blank\" rel=\"noopener\" data-saferedirecturl=\"https:\/\/www.google.com\/url?q=http:\/\/cacobi.com&amp;source=gmail&amp;ust=1630412933925000&amp;usg=AFQjCNG3j5Hgzs6w5xgaXl8JEkxpjc-ffg\">cacobi.com<\/a>\u00a0\u00a0es reserva la facultat de presentar les accions civils o penals que consideri necess\u00e0ries per a la utilitzaci\u00f3 indeguda del Lloc Web i Continguts, o per l&#8217;incompliment de les presents Condicions.<\/p>\n<p>La relaci\u00f3 entre l&#8217;Usuari i\u00a0\u00a0<a href=\"http:\/\/cacobi.com\/\" target=\"_blank\" rel=\"noopener\" data-saferedirecturl=\"https:\/\/www.google.com\/url?q=http:\/\/cacobi.com&amp;source=gmail&amp;ust=1630412933925000&amp;usg=AFQjCNG3j5Hgzs6w5xgaXl8JEkxpjc-ffg\">cacobi.com<\/a>\u00a0\u00a0es regir\u00e0 per la normativa vigent i d&#8217;aplicaci\u00f3 en el territori espanyol.\u00a0De sorgir qualsevol controv\u00e8rsia en relaci\u00f3 amb la interpretaci\u00f3 i \/ o l&#8217;aplicaci\u00f3 d&#8217;aquestes Condicions les parts sotmetran els seus conflictes a la jurisdicci\u00f3 ordin\u00e0ria sotmetent-se als jutges i tribunals que corresponguin conforme a dret.<\/p>\n","protected":false},"excerpt":{"rendered":"<p>I. INFORMACI\u00d3 GENERAL En compliment amb el deure d&#8217;informaci\u00f3 que disposa la Llei 34\/2002 de Serveis de la Societat de la Informaci\u00f3 i el Comer\u00e7 Electr\u00f2nic (LSSI-CE) de 11 de juliol, es faciliten a continuaci\u00f3 les seg\u00fcents dades d&#8217;informaci\u00f3 general d&#8217;aquest lloc web : La titularitat d&#8217;aquest lloc web,\u00a0\u00a0http:\/\/cacobi.com\/\u00a0, (en endavant, lloc web) l&#8217;ostenta:\u00a0, Prove\u00efda [&hellip;]<\/p>\n","protected":false},"author":1,"featured_media":0,"parent":0,"menu_order":999,"comment_status":"closed","ping_status":"closed","template":"","meta":{"footnotes":""},"class_list":["post-2554","page","type-page","status-publish","hentry"],"_links":{"self":[{"href":"https:\/\/cacobi.com\/ca\/wp-json\/wp\/v2\/pages\/2554","targetHints":{"allow":["GET"]}}],"collection":[{"href":"https:\/\/cacobi.com\/ca\/wp-json\/wp\/v2\/pages"}],"about":[{"href":"https:\/\/cacobi.com\/ca\/wp-json\/wp\/v2\/types\/page"}],"author":[{"embeddable":true,"href":"https:\/\/cacobi.com\/ca\/wp-json\/wp\/v2\/users\/1"}],"replies":[{"embeddable":true,"href":"https:\/\/cacobi.com\/ca\/wp-json\/wp\/v2\/comments?post=2554"}],"version-history":[{"count":3,"href":"https:\/\/cacobi.com\/ca\/wp-json\/wp\/v2\/pages\/2554\/revisions"}],"predecessor-version":[{"id":2557,"href":"https:\/\/cacobi.com\/ca\/wp-json\/wp\/v2\/pages\/2554\/revisions\/2557"}],"wp:attachment":[{"href":"https:\/\/cacobi.com\/ca\/wp-json\/wp\/v2\/media?parent=2554"}],"curies":[{"name":"wp","href":"https:\/\/api.w.org\/{rel}","templated":true}]}}