{"id":2393,"date":"2021-09-09T10:45:14","date_gmt":"2021-09-09T08:45:14","guid":{"rendered":"https:\/\/lishkatmisjar.com\/?page_id=2393"},"modified":"2021-09-09T13:17:42","modified_gmt":"2021-09-09T11:17:42","slug":"serveis","status":"publish","type":"page","link":"https:\/\/cacobi.com\/ca\/serveis\/","title":{"rendered":"Serveis"},"content":{"rendered":"<h1>Serveis<\/h1>\n<h2>Serveis d&#8217;Activate<\/h2>\n<div>\n<p>El paquet de <strong>serveis d&#8217;Activate<\/strong> permet proporcionar als nostres clients uns serveis b\u00e0sics a trav\u00e9s de el pagament d&#8217;una quota mensual de 100 \u20ac la qual permetr\u00e0 als nostres clients tenir un f\u00e0cil acc\u00e9s a:<\/p>\n<ul>\n<li>Visibilitat<\/li>\n<li>Acc\u00e9s a informaci\u00f3 empresarial<\/li>\n<li>Gesti\u00f3 del proc\u00e9s de Due Diligence<\/li>\n<li>Ajuda a la recerca de finan\u00e7ament<\/li>\n<li>Informes d&#8217;evoluci\u00f3 de mercat i tecnologies<\/li>\n<li>Recerca i coordinaci\u00f3 de fonts de cooperaci\u00f3 a nivell local, nacional i internacional<\/li>\n<\/ul>\n<\/div>\n<div>\n<p>    <a class=\"uk-button uk-button-primary\" href=\"#modal-activate\" uk-toggle=\"\" aria-expanded=\"false\">Sol\u00b7licitar m\u00e9s informaci\u00f3<\/a><\/p>\n<div id=\"modal-activate\" uk-modal>\n<div class=\"uk-modal-dialog uk-modal-body\"><button class=\"uk-modal-close-default\" type=\"button\" uk-close><\/button><div role=\"form\" class=\"wpcf7\" id=\"wpcf7-f2408-o1\" lang=\"ca\" dir=\"ltr\">\n<div class=\"screen-reader-response\"><p role=\"status\" aria-live=\"polite\" aria-atomic=\"true\"><\/p> <ul><\/ul><\/div>\n<form action=\"\/ca\/wp-json\/wp\/v2\/pages\/2393#wpcf7-f2408-o1\" method=\"post\" class=\"wpcf7-form init\" novalidate=\"novalidate\" data-status=\"init\">\n<div style=\"display: none;\">\n<input type=\"hidden\" name=\"_wpcf7\" value=\"2408\" \/>\n<input type=\"hidden\" name=\"_wpcf7_version\" value=\"5.5.6\" \/>\n<input type=\"hidden\" name=\"_wpcf7_locale\" value=\"ca\" \/>\n<input type=\"hidden\" name=\"_wpcf7_unit_tag\" value=\"wpcf7-f2408-o1\" \/>\n<input type=\"hidden\" name=\"_wpcf7_container_post\" value=\"0\" \/>\n<input type=\"hidden\" name=\"_wpcf7_posted_data_hash\" value=\"\" \/>\n<\/div>\n<div class=\"uk-grid-small\" uk-grid>\n<div class=\"uk-width-1-1@m\"><span class=\"wpcf7-form-control-wrap nombre\"><input type=\"text\" name=\"nombre\" value=\"\" size=\"40\" class=\"wpcf7-form-control wpcf7-text wpcf7-validates-as-required uk-input\" aria-required=\"true\" aria-invalid=\"false\" placeholder=\"Nom i cognom *\" \/><\/span><\/div>\n<div class=\"uk-width-1-1@m\"><span class=\"wpcf7-form-control-wrap company\"><input type=\"text\" name=\"company\" value=\"\" size=\"40\" class=\"wpcf7-form-control wpcf7-text wpcf7-validates-as-required uk-input\" aria-required=\"true\" aria-invalid=\"false\" placeholder=\"Empresa *\" \/><\/span><\/div>\n<div class=\"uk-width-1-2@m\"><span class=\"wpcf7-form-control-wrap mail\"><input type=\"email\" name=\"mail\" value=\"\" size=\"40\" class=\"wpcf7-form-control wpcf7-text wpcf7-email wpcf7-validates-as-required wpcf7-validates-as-email uk-input\" aria-required=\"true\" aria-invalid=\"false\" placeholder=\"Correu electr\u00f2nic *\" \/><\/span><\/div>\n<div class=\"uk-width-1-2@m\"><span class=\"wpcf7-form-control-wrap tel\"><input type=\"tel\" name=\"tel-cf7it-national\" value=\"\" class=\"wpcf7-form-control wpcf7-intl-tel wpcf7-intl_tel wpcf7-validates-as-required uk-input\" aria-required=\"true\" aria-invalid=\"false\" placeholder=\"Tel\u00e8fon *\" \/><input type=\"hidden\" name=\"tel\" class=\"wpcf7-intl-tel-full\" \/><input type=\"hidden\" name=\"tel-cf7it-country-name\" class=\"wpcf7-intl-tel-country-name\" \/><input type=\"hidden\" name=\"tel-cf7it-country-code\" class=\"wpcf7-intl-tel-country-code\" \/><input type=\"hidden\" name=\"tel-cf7it-country-iso2\" class=\"wpcf7-intl-tel-country-iso2\" \/><\/span><\/div>\n<div class=\"uk-width-1-1@m\"><span class=\"wpcf7-form-control-wrap mensaje\"><textarea name=\"mensaje\" cols=\"40\" rows=\"6\" class=\"wpcf7-form-control wpcf7-textarea wpcf7-validates-as-required uk-textarea\" aria-required=\"true\" aria-invalid=\"false\" placeholder=\"Missatge *\"><\/textarea><\/span><\/div>\n<div class=\"uk-width-1-1@m uk-text-left uk-text-muted uk-text-small\"><span><span class=\"wpcf7-form-control-wrap acceptance\"><span class=\"wpcf7-form-control wpcf7-acceptance\"><span class=\"wpcf7-list-item\"><input type=\"checkbox\" name=\"acceptance\" value=\"1\" aria-invalid=\"false\" \/><\/span><\/span><\/span> Accepto l'<a target=\"_blank\" rel=\"nofollow\" href=\"\/ca\/avis-legal\/\">av\u00eds legal<\/a> i la <a target=\"_blank\" rel=\"nofollow\" href=\"\/ca\/politica-de-privacitat\/\">pol\u00edtica de privacitat<\/a>.<\/span><\/div>\n<div class=\"uk-width-1-1@m\"><input type=\"submit\" value=\"Enviar\" class=\"wpcf7-form-control has-spinner wpcf7-submit uk-button uk-button-primary\" \/><\/div>\n<\/div>\n<div class=\"wpcf7-response-output\" aria-hidden=\"true\"><\/div><\/form><\/div><\/div>\n<\/div>\n<\/div>\n<div>\n<div id=\"button_off\">\n<img decoding=\"async\" src=\"\/wp-content\/uploads\/button_on.png\">\n<\/div>\n<\/div>\n<h2>Serveis d&#8217;Empower<\/h2>\n<div>\n<p>El paquet de <strong>serveis d&#8217;Empower<\/strong> permet personalitzar i adaptar les necessitats dels nostres clients.<\/p>\n<p>En aquest servei el pressupost est\u00e0 adaptat a cada client en base als seus interessos i als el servei espec\u00edfic que estiguin buscant.<\/p>\n<p>El servei busca facilitar l&#8217;acc\u00e9s a una xarxa comercial nacional i internacional a aquells clients que busquin cr\u00e9ixer, expandir-se, invertir, innovar, explorar noves oportunitats de negoci o busquin un altre tipus concret de servei comercial, de forma m\u00e9s senzilla, r\u00e0pida i professional.<\/p>\n<p>Aquells clients que ja formen part de la nostra xarxa de membres podran beneficiar d&#8217;una bonificaci\u00f3.<\/p>\n<\/div>\n<div>\n<p>    <a class=\"uk-button uk-button-primary\" href=\"#modal-empower\" uk-toggle=\"\" aria-expanded=\"false\">Sol\u00b7licitar m\u00e9s informaci\u00f3<\/a><\/p>\n<div id=\"modal-empower\" uk-modal>\n<div class=\"uk-modal-dialog uk-modal-body\"><button class=\"uk-modal-close-default\" type=\"button\" uk-close><\/button><br \/>\n    <div role=\"form\" class=\"wpcf7\" id=\"wpcf7-f2413-o2\" lang=\"ca\" dir=\"ltr\">\n<div class=\"screen-reader-response\"><p role=\"status\" aria-live=\"polite\" aria-atomic=\"true\"><\/p> <ul><\/ul><\/div>\n<form action=\"\/ca\/wp-json\/wp\/v2\/pages\/2393#wpcf7-f2413-o2\" method=\"post\" class=\"wpcf7-form init\" novalidate=\"novalidate\" data-status=\"init\">\n<div style=\"display: none;\">\n<input type=\"hidden\" name=\"_wpcf7\" value=\"2413\" \/>\n<input type=\"hidden\" name=\"_wpcf7_version\" value=\"5.5.6\" \/>\n<input type=\"hidden\" name=\"_wpcf7_locale\" value=\"ca\" \/>\n<input type=\"hidden\" name=\"_wpcf7_unit_tag\" value=\"wpcf7-f2413-o2\" \/>\n<input type=\"hidden\" name=\"_wpcf7_container_post\" value=\"0\" \/>\n<input type=\"hidden\" name=\"_wpcf7_posted_data_hash\" value=\"\" \/>\n<\/div>\n<div class=\"uk-grid-small\" uk-grid>\n<div class=\"uk-width-1-1@m\"><span class=\"wpcf7-form-control-wrap nombre\"><input type=\"text\" name=\"nombre\" value=\"\" size=\"40\" class=\"wpcf7-form-control wpcf7-text wpcf7-validates-as-required uk-input\" aria-required=\"true\" aria-invalid=\"false\" placeholder=\"Nom i cognom *\" \/><\/span><\/div>\n<div class=\"uk-width-1-1@m\"><span class=\"wpcf7-form-control-wrap company\"><input type=\"text\" name=\"company\" value=\"\" size=\"40\" class=\"wpcf7-form-control wpcf7-text wpcf7-validates-as-required uk-input\" aria-required=\"true\" aria-invalid=\"false\" placeholder=\"Empresa *\" \/><\/span><\/div>\n<div class=\"uk-width-1-2@m\"><span class=\"wpcf7-form-control-wrap mail\"><input type=\"email\" name=\"mail\" value=\"\" size=\"40\" class=\"wpcf7-form-control wpcf7-text wpcf7-email wpcf7-validates-as-required wpcf7-validates-as-email uk-input\" aria-required=\"true\" aria-invalid=\"false\" placeholder=\"Correu electr\u00f2nic *\" \/><\/span><\/div>\n<div class=\"uk-width-1-2@m\"><span class=\"wpcf7-form-control-wrap tel\"><input type=\"tel\" name=\"tel-cf7it-national\" value=\"\" class=\"wpcf7-form-control wpcf7-intl-tel wpcf7-intl_tel wpcf7-validates-as-required uk-input uk-width-1-1\" aria-required=\"true\" aria-invalid=\"false\" placeholder=\"Tel\u00e8fon *\" \/><input type=\"hidden\" name=\"tel\" class=\"wpcf7-intl-tel-full\" \/><input type=\"hidden\" name=\"tel-cf7it-country-name\" class=\"wpcf7-intl-tel-country-name\" \/><input type=\"hidden\" name=\"tel-cf7it-country-code\" class=\"wpcf7-intl-tel-country-code\" \/><input type=\"hidden\" name=\"tel-cf7it-country-iso2\" class=\"wpcf7-intl-tel-country-iso2\" \/><\/span><\/div>\n<div class=\"uk-width-1-1@m\"><span class=\"wpcf7-form-control-wrap mensaje\"><textarea name=\"mensaje\" cols=\"40\" rows=\"6\" class=\"wpcf7-form-control wpcf7-textarea wpcf7-validates-as-required uk-textarea\" aria-required=\"true\" aria-invalid=\"false\" placeholder=\"Missatge *\"><\/textarea><\/span><\/div>\n<div class=\"uk-width-1-1@m uk-text-left uk-text-muted uk-text-small\"><span><span class=\"wpcf7-form-control-wrap acceptance\"><span class=\"wpcf7-form-control wpcf7-acceptance\"><span class=\"wpcf7-list-item\"><input type=\"checkbox\" name=\"acceptance\" value=\"1\" aria-invalid=\"false\" \/><\/span><\/span><\/span> Accepto l'<a target=\"_blank\" rel=\"nofollow\" href=\"\/ca\/avis-legal\/\">av\u00eds legal<\/a> i la <a target=\"_blank\" rel=\"nofollow\" href=\"\/ca\/politica-de-privacitat\/\">pol\u00edtica de privacitat<\/a>.<\/span><\/div>\n<div class=\"uk-width-1-1@m\"><input type=\"submit\" value=\"Enviar\" class=\"wpcf7-form-control has-spinner wpcf7-submit uk-button uk-button-primary\" \/><\/div>\n<\/div>\n<div class=\"wpcf7-response-output\" aria-hidden=\"true\"><\/div><\/form><\/div><\/div>\n<\/div>\n<\/div>\n<div>\n<div class=\"pila_base\">\n  <img decoding=\"async\" src=\"\/wp-content\/uploads\/pila_slot.png\">\n<\/div>\n<\/div>\n<p><!--more--><br \/>\n<!-- {\"name\":\"WPML_servicios\",\"type\":\"layout\",\"children\":[{\"type\":\"section\",\"props\":{\"style\":\"default\",\"width\":\"\",\"vertical_align\":\"middle\",\"title_position\":\"top-left\",\"title_rotation\":\"left\",\"title_breakpoint\":\"xl\",\"image_position\":\"center-center\",\"padding\":\"xlarge\",\"animation\":\"fade\",\"image\":\"wp-content\\\/uploads\\\/photo-1604328698692-f76ea9498e76-scaled.jpg\",\"image_size\":\"cover\",\"class\":\"uk-text-center\",\"media_overlay\":\"rgba(0, 0, 0, 0.5)\",\"header_transparent\":\"light\",\"header_transparent_noplaceholder\":true},\"children\":[{\"type\":\"row\",\"children\":[{\"type\":\"column\",\"props\":{\"image_position\":\"center-center\",\"media_overlay_gradient\":\"\",\"text_color\":\"light\",\"padding\":\"none\",\"image\":\"\",\"width_medium\":\"1-1\"},\"children\":[{\"type\":\"headline\",\"props\":{\"title_element\":\"h1\",\"title_decoration\":\"divider\",\"text_align\":\"center\",\"content\":\"Serveis\",\"class\":\"uk-display-inline-block\"}}]}]}],\"name\":\"header_v1\",\"modified\":\"2021-08-09T09:59:38.498Z\"},{\"type\":\"section\",\"props\":{\"style\":\"default\",\"width\":\"default\",\"vertical_align\":\"middle\",\"title_position\":\"top-left\",\"title_rotation\":\"left\",\"title_breakpoint\":\"xl\",\"image_position\":\"center-center\"},\"children\":[{\"type\":\"row\",\"props\":{\"layout\":\"2-3,1-3\"},\"children\":[{\"type\":\"column\",\"props\":{\"image_position\":\"center-center\",\"media_overlay_gradient\":\"\",\"width_medium\":\"2-3\"},\"children\":[{\"type\":\"headline\",\"props\":{\"title_element\":\"h2\",\"text_align\":\"left\",\"animation\":\"fade\",\"content\":\"Serveis d'Activate\",\"class\":\"\",\"title_color\":\"primary\"}},{\"type\":\"text\",\"props\":{\"margin\":\"default\",\"column_breakpoint\":\"m\",\"content\":\"\n\n<p>El paquet de <strong>serveis d'Activate<\\\/strong> permet proporcionar als nostres clients uns serveis b\\u00e0sics a trav\\u00e9s de el pagament d'una quota mensual de 100 \\u20ac la qual permetr\\u00e0 als nostres clients tenir un f\\u00e0cil acc\\u00e9s a:<\\\/p>\\n\n\n<ul>\\n\n\n<li>Visibilitat<\\\/li>\\n\n\n<li>Acc\\u00e9s a informaci\\u00f3 empresarial<\\\/li>\\n\n\n<li>Gesti\\u00f3 del proc\\u00e9s de Due Diligence<\\\/li>\\n\n\n<li>Ajuda a la recerca de finan\\u00e7ament<\\\/li>\\n\n\n<li>Informes d'evoluci\\u00f3 de mercat i tecnologies<\\\/li>\\n\n\n<li>Recerca i coordinaci\\u00f3 de fonts de cooperaci\\u00f3 a nivell local, nacional i internacional<\\\/li>\\n<\\\/ul>\"}},{\"type\":\"html\",\"props\":{\"content\":\"<a class=\\\"uk-button uk-button-primary\\\" href=\\\"#modal-activate\\\" uk-toggle=\\\"\\\" aria-expanded=\\\"false\\\">Sol\\u00b7licitar m\\u00e9s informaci\\u00f3<\\\/a>\\n\n\n<div id=\\\"modal-activate\\\" uk-modal>\n\n<div class=\\\"uk-modal-dialog uk-modal-body\\\"><button class=\\\"uk-modal-close-default\\\" type=\\\"button\\\" uk-close><\\\/button>[contact-form-7 id=\\\"1983\\\" title=\\\"Form-Activate\\\"]<\\\/div><\\\/div>\"}}]},{\"type\":\"column\",\"props\":{\"image_position\":\"center-center\",\"media_overlay_gradient\":\"\",\"width_medium\":\"1-3\",\"vertical_align\":\"middle\"},\"children\":[{\"type\":\"html\",\"props\":{\"content\":\"\n\n<div id=\\\"button_off\\\">\\n<img src=\\\"\\\/wp-content\\\/uploads\\\/button_on.png\\\">\\n<\\\/div>\"},\"modified\":\"2021-08-27T11:38:40.712Z\",\"name\":\"brujula\"}]}]}],\"modified\":\"2021-08-09T10:00:23.488Z\",\"name\":\"\"},{\"type\":\"section\",\"props\":{\"style\":\"muted\",\"width\":\"default\",\"vertical_align\":\"middle\",\"title_position\":\"top-left\",\"title_rotation\":\"left\",\"title_breakpoint\":\"xl\",\"image_position\":\"center-center\"},\"children\":[{\"type\":\"row\",\"props\":{\"layout\":\"1-3,2-3\"},\"children\":[{\"type\":\"column\",\"props\":{\"image_position\":\"center-center\",\"media_overlay_gradient\":\"\",\"width_medium\":\"2-3\",\"vertical_align\":\"middle\"},\"children\":[{\"type\":\"headline\",\"props\":{\"title_element\":\"h2\",\"text_align\":\"left\",\"animation\":\"fade\",\"content\":\"Serveis d'Empower\",\"class\":\"\",\"title_color\":\"primary\"}},{\"type\":\"text\",\"props\":{\"margin\":\"default\",\"column_breakpoint\":\"m\",\"content\":\"\n\n<p>El paquet de <strong>serveis d'Empower<\\\/strong> permet personalitzar i adaptar les necessitats dels nostres clients.<\\\/p>\\n\n\n<p>En aquest servei el pressupost est\\u00e0 adaptat a cada client en base als seus interessos i als el servei espec\\u00edfic que estiguin buscant.<\\\/p>\\n\n\n<p>El servei busca facilitar l'acc\\u00e9s a una xarxa comercial nacional i internacional a aquells clients que busquin cr\\u00e9ixer, expandir-se, invertir, innovar, explorar noves oportunitats de negoci o busquin un altre tipus concret de servei comercial, de forma m\\u00e9s senzilla, r\\u00e0pida i professional.<\\\/p>\\n\n\n<p>Aquells clients que ja formen part de la nostra xarxa de membres podran beneficiar d'una bonificaci\\u00f3.<\\\/p>\"}},{\"type\":\"html\",\"props\":{\"content\":\"<a class=\\\"uk-button uk-button-primary\\\" href=\\\"#modal-empower\\\" uk-toggle=\\\"\\\" aria-expanded=\\\"false\\\">Sol\\u00b7licitar m\\u00e9s informaci\\u00f3<\\\/a>\\n\n\n<div id=\\\"modal-empower\\\" uk-modal>\n\n<div class=\\\"uk-modal-dialog uk-modal-body\\\"><button class=\\\"uk-modal-close-default\\\" type=\\\"button\\\" uk-close><\\\/button>\\n    [contact-form-7 id=\\\"1985\\\"]<\\\/div><\\\/div>\"}}]},{\"type\":\"column\",\"props\":{\"image_position\":\"center-center\",\"media_overlay_gradient\":\"\",\"width_medium\":\"1-3\",\"vertical_align\":\"middle\",\"order_first\":\"m\"},\"children\":[{\"type\":\"html\",\"props\":{\"content\":\"\n\n<div class=\\\"pila_base\\\">\\n  <img src=\\\"\\\/wp-content\\\/uploads\\\/pila_slot.png\\\">\\n<\\\/div>\",\"css\":\".pila_base{\\n  \\\/*transform: rotate(90deg);*\\\/\\n  max-width:170px;\\n  max-height:170px;\\n  content:'';\\n  margin:auto;\\n   background:url('\\\/wp-content\\\/uploads\\\/pila_base.png');\\n    background-repeat:no-repeat;\\n    background-size:100%;\\n}\\n.pila_base img{\\n  animation: pila 3s infinite linear;\\n}\\n@keyframes pila{\\n  0%,10%,90%,100% { opacity: 1;}\\n  40%,60% { opacity: 0;}\\n}\"}}]}]}],\"modified\":\"2021-08-09T10:00:23.488Z\",\"name\":\"\"}],\"version\":\"2.5.8\"} --><\/p>\n","protected":false},"excerpt":{"rendered":"<p>Serveis Serveis d&#8217;Activate El paquet de serveis d&#8217;Activate permet proporcionar als nostres clients uns serveis b\u00e0sics a trav\u00e9s de el pagament d&#8217;una quota mensual de 100 \u20ac la qual permetr\u00e0 als nostres clients tenir un f\u00e0cil acc\u00e9s a: Visibilitat Acc\u00e9s a informaci\u00f3 empresarial Gesti\u00f3 del proc\u00e9s de Due Diligence Ajuda a la recerca de finan\u00e7ament [&hellip;]<\/p>\n","protected":false},"author":1,"featured_media":0,"parent":0,"menu_order":3,"comment_status":"open","ping_status":"closed","template":"","meta":{"footnotes":""},"class_list":["post-2393","page","type-page","status-publish","hentry"],"_links":{"self":[{"href":"https:\/\/cacobi.com\/ca\/wp-json\/wp\/v2\/pages\/2393","targetHints":{"allow":["GET"]}}],"collection":[{"href":"https:\/\/cacobi.com\/ca\/wp-json\/wp\/v2\/pages"}],"about":[{"href":"https:\/\/cacobi.com\/ca\/wp-json\/wp\/v2\/types\/page"}],"author":[{"embeddable":true,"href":"https:\/\/cacobi.com\/ca\/wp-json\/wp\/v2\/users\/1"}],"replies":[{"embeddable":true,"href":"https:\/\/cacobi.com\/ca\/wp-json\/wp\/v2\/comments?post=2393"}],"version-history":[{"count":5,"href":"https:\/\/cacobi.com\/ca\/wp-json\/wp\/v2\/pages\/2393\/revisions"}],"predecessor-version":[{"id":2437,"href":"https:\/\/cacobi.com\/ca\/wp-json\/wp\/v2\/pages\/2393\/revisions\/2437"}],"wp:attachment":[{"href":"https:\/\/cacobi.com\/ca\/wp-json\/wp\/v2\/media?parent=2393"}],"curies":[{"name":"wp","href":"https:\/\/api.w.org\/{rel}","templated":true}]}}