{"id":2325,"date":"2021-09-07T11:18:41","date_gmt":"2021-09-07T09:18:41","guid":{"rendered":"https:\/\/lishkatmisjar.com\/?page_id=2325"},"modified":"2021-09-07T11:23:53","modified_gmt":"2021-09-07T09:23:53","slug":"empresa","status":"publish","type":"page","link":"https:\/\/cacobi.com\/ca\/empresa\/","title":{"rendered":"Empresa"},"content":{"rendered":"<h1>Lishkat Misjar<\/h1>\n<h2>La nostra hist\u00f2ria<\/h2>\n<div>\n<p>Des de la seva constituci\u00f3 com <strong>Lishkat Misjar<sup>\u00a9<\/sup><\/strong>, el nostre objectiu ha estat sempre el de facilitar les relacions comercials, impulsar el creixement econ\u00f2mic i potenciar el desenvolupament econ\u00f2mic entre <strong>Barcelona &#8211; Israel<\/strong>.<\/p>\n<p>Gr\u00e0cies a la nostra \u00e0mplia xarxa de contactes i connexions empresarials, tant en l&#8217;\u00e0mbit privat com p\u00fablic, el nostre objectiu \u00e9s ajudar als nostres socis i clients a crear noves oportunitats de negoci que enforteixin el seu posicionament dins de l&#8217;mercat i els ajudi a accelerar el seu creixement i expansi\u00f3 de forma intel\u00b7ligent, eficient i efica\u00e7.<\/p>\n<p>El nostre prop\u00f2sit \u00e9s ajudar i guiar a les organitzacions a la transici\u00f3 cap a la nova era que estem experimentant, a enfortir el posicionament de cadascun dels nostres socis i clients i a consolidar el teixit empresarial Barcelona &#8211; Israel.<\/p>\n<\/div>\n<div>\n<figure class=\"book\">\n  <!-- Front --><\/p>\n<ul class=\"paperback_front\">\n<li>\n      <img decoding=\"async\" src=\"https:\/\/cacobi.com\/wp-content\/uploads\/book_portadas.png\" alt=\"\" width=\"100%\" height=\"100%\">\n    <\/li>\n<li><\/li>\n<\/ul>\n<p>  <!-- Pages --><\/p>\n<ul class=\"ruled_paper\">\n<li><\/li>\n<li><\/li>\n<li><\/li>\n<li><\/li>\n<li><\/li>\n<\/ul>\n<p>  <!-- Back --><\/p>\n<ul class=\"paperback_back\">\n<li>\n      <img decoding=\"async\" src=\"https:\/\/cacobi.com\/wp-content\/uploads\/book_portadas.png\" alt=\"\" width=\"100%\" height=\"100%\">\n    <\/li>\n<li><\/li>\n<\/ul>\n<\/figure>\n<\/div>\n<h2>Qu\u00e8 ens diferencia<\/h2>\n<ul>\n<li>\n<h3>Coneixement<\/h3>\n<div>\n<p>En Lishkat Misjar\u00a9 comptem amb un alt grau de coneixement i experi\u00e8ncia en els mercats de Barcelona i Israel, mercats en qu\u00e8 operem a m\u00e9s d&#8217;oferir als nostres socis i clients la possibilitat de crear relacions comercials en mercats aliens.<\/p>\n<\/div>\n<\/li>\n<li>\n<h3>Especialitzaci\u00f3<\/h3>\n<div>\n<p>La nostra especialitzaci\u00f3 rau en la nostra \u00e0mplia xarxa de relacions comercials i en l&#8217;expertise que tenim en els mercats de Barcelona &#8211; Israel la qual cosa ens permet proporcionar els millors serveis i resultats als nostres socis i clients.<\/p>\n<\/div>\n<\/li>\n<li>\n<h3>Confian\u00e7a<\/h3>\n<div>\n<p>Ens responsabilitzem de tot el proc\u00e9s, de manera que oferim tranquil\u00b7litat i confian\u00e7a als nostres socis i clients a trav\u00e9s de la nostra constant supervisi\u00f3 durant tot el projecte.<\/p>\n<\/div>\n<\/li>\n<li>\n<h3>Personalitzaci\u00f3<\/h3>\n<div>\n<p>En el nostre paquet serveis <strong>Empower<\/strong> personalitzem i adaptem les necessitats dels nostres socis i clients en base als seus objectius i interessos.<\/p>\n<\/div>\n<\/li>\n<\/ul>\n<blockquote>\n<p>&#8220;Els homes constru\u00efm massa murs i no suficients ponts&#8221;<\/p>\n<footer>\n<p>                <cite>Isaac Newton<\/cite><\/p>\n<\/footer>\n<\/blockquote>\n<p><!--more--><br \/>\n<!-- {\"name\":\"WPML_empresa\",\"type\":\"layout\",\"children\":[{\"type\":\"section\",\"props\":{\"style\":\"default\",\"width\":\"\",\"vertical_align\":\"middle\",\"title_position\":\"top-left\",\"title_rotation\":\"left\",\"title_breakpoint\":\"xl\",\"image_position\":\"center-center\",\"padding\":\"xlarge\",\"animation\":\"fade\",\"image\":\"wp-content\\\/uploads\\\/photo-1564221710304-0b37c8b9d729-scaled.jpg\",\"image_size\":\"cover\",\"class\":\"uk-text-center\",\"media_overlay\":\"rgba(0, 0, 0, 0.5)\",\"header_transparent\":\"light\",\"header_transparent_noplaceholder\":true},\"children\":[{\"type\":\"row\",\"children\":[{\"type\":\"column\",\"props\":{\"image_position\":\"center-center\",\"media_overlay_gradient\":\"\",\"text_color\":\"light\",\"padding\":\"none\",\"image\":\"\",\"width_medium\":\"1-1\"},\"children\":[{\"type\":\"headline\",\"props\":{\"title_element\":\"h1\",\"title_decoration\":\"divider\",\"text_align\":\"center\",\"content\":\"Lishkat Misjar\",\"class\":\"uk-display-inline-block\"}}]}]}],\"name\":\"Hero\"},{\"type\":\"section\",\"props\":{\"style\":\"default\",\"width\":\"default\",\"vertical_align\":\"middle\",\"title_position\":\"top-left\",\"title_rotation\":\"left\",\"title_breakpoint\":\"xl\",\"image_position\":\"center-center\",\"animation\":\"fade\"},\"children\":[{\"type\":\"row\",\"children\":[{\"type\":\"column\",\"props\":{\"image_position\":\"center-center\",\"media_overlay_gradient\":\"\",\"width_medium\":\"3-4\"},\"children\":[{\"type\":\"headline\",\"props\":{\"title_element\":\"h2\",\"content\":\"La nostra hist\\u00f2ria\",\"title_color\":\"primary\"}},{\"type\":\"text\",\"props\":{\"margin\":\"medium\",\"column_breakpoint\":\"m\",\"animation\":\"none\",\"content\":\"\n\n<p>Des de la seva constituci\\u00f3 com <strong>Lishkat Misjar<sup>\\u00a9<\\\/sup><\\\/strong>, el nostre objectiu ha estat sempre el de facilitar les relacions comercials, impulsar el creixement econ\\u00f2mic i potenciar el desenvolupament econ\\u00f2mic entre <strong>Barcelona - Israel<\\\/strong>.<\\\/p>\\n\n\n<p>Gr\\u00e0cies a la nostra \\u00e0mplia xarxa de contactes i connexions empresarials, tant en l'\\u00e0mbit privat com p\\u00fablic, el nostre objectiu \\u00e9s ajudar als nostres socis i clients a crear noves oportunitats de negoci que enforteixin el seu posicionament dins de l'mercat i els ajudi a accelerar el seu creixement i expansi\\u00f3 de forma intel\\u00b7ligent, eficient i efica\\u00e7.<\\\/p>\\n\n\n<p>El nostre prop\\u00f2sit \\u00e9s ajudar i guiar a les organitzacions a la transici\\u00f3 cap a la nova era que estem experimentant, a enfortir el posicionament de cadascun dels nostres socis i clients i a consolidar el teixit empresarial Barcelona - Israel.<\\\/p>\"}}]},{\"type\":\"column\",\"props\":{\"image_position\":\"center-center\",\"media_overlay_gradient\":\"\",\"width_medium\":\"1-4\",\"vertical_align\":\"bottom\"},\"children\":[{\"type\":\"html\",\"props\":{\"content\":\"\n\n<figure class=\\\"book\\\">\\n  <!-- Front -->\\n  <\/p>\n<ul class=\\\"paperback_front\\\">\\n    <\/p>\n<li>\\n      <img src=\\\"https:\\\/\\\/cacobi.com\\\/wp-content\\\/uploads\\\/book_portadas.png\\\" alt=\\\"\\\" width=\\\"100%\\\" height=\\\"100%\\\">\\n    <\\\/li>\\n\n<li><\\\/li>\\n  <\\\/ul>\\n  <!-- Pages -->\\n\n<ul class=\\\"ruled_paper\\\">\\n    <\/p>\n<li><\\\/li>\\n\n<li><\\\/li>\\n\n<li><\\\/li>\\n\n<li><\\\/li>\\n\n<li><\\\/li>\\n  <\\\/ul>\\n  <!-- Back -->\\n\n<ul class=\\\"paperback_back\\\">\\n    <\/p>\n<li>\\n      <img src=\\\"https:\\\/\\\/cacobi.com\\\/wp-content\\\/uploads\\\/book_portadas.png\\\" alt=\\\"\\\" width=\\\"100%\\\" height=\\\"100%\\\">\\n    <\\\/li>\\n\n<li><\\\/li>\\n  <\\\/ul>\\n<\\\/figure>&#8220;,&#8221;css&#8221;:&#8221;.book{\\ntransform: scale(0.7);\\n}\\n\\n\\n.book ul {\\n\\tmargin: 0;\\n\\tpadding: 0;\\n\\tlist-style: none;\\n}\\n.book .btn {\\n\\tdisplay: inline-block;\\n\\tmargin-top: 100px; \\n\\tfont-size: 1.2em;\\n\\tfont-weight: 700;\\n\\tpadding: 0.1em 0.8em;\\n\\ttext-align: center;\\n\\t-webkit-transform: rotate(20deg);\\n\\t-moz-transform: rotate(20deg);\\n\\ttransform: rotate(20deg);\\n\\tfont-family: \\&#8221;Indie Flower\\&#8221;, serif;\\n\\t-webkit-transition: color 0.3s;\\n\\t-moz-transition: color 0.3s;\\n\\ttransition: color 0.3s;\\n}\\n.book .btn:hover {\\n\\tcolor: #16a085;\\n}\\n.book .align {\\n\\tclear: both;\\n\\tmargin: 90px auto 20px;\\n\\twidth: 100%;\\n\\tmax-width: 1170px;\\n\\ttext-align: center;\\n}\\n.book .align > li {\\n\\twidth: 500px;\\n\\tmin-height: 300px;\\n\\tdisplay: inline-block;\\n\\tmargin: 30px 20px 30px 60px;\\n\\tpadding: 0 0 0 60px;\\n\\tvertical-align: top;\\n}\\n\\n\\\/*\\n\\t1. container\\n*\\\/\\n\\n.book {\\n\\tposition: relative;\\n\\twidth: 160px; \\n\\theight: 220px;\\n\\t-webkit-perspective: 1000px;\\n\\t-moz-perspective: 1000px;\\n\\tperspective: 1000px;\\n\\t-webkit-transform-style: preserve-3d;\\n\\t-moz-transform-style: preserve-3d;\\n\\ttransform-style: preserve-3d;\\n}\\n\\n\\\/*\\n\\t2. background &#038; color\\n*\\\/\\n\\n\\\/* HARDCOVER FRONT *\\\/\\n\\n.book .paperback_front {\\n\\tbackground-color: #000;\\n}\\n\\n.book .paperback_front::after{\\n\\tbackground-image: -webkit-linear-gradient( -135deg, rgba(255, 255, 255, 0.45) 0%, transparent 100%);\\n\\tbackground-image: -moz-linear-gradient( -135deg, rgba(255, 255, 255, 0.45) 0%, transparent 100%);\\n\\tbackground-image: linear-gradient( -135deg, rgba(255, 255, 255, 0.45) 0%, transparent 100%);\\n\\tposition: absolute;\\n\\ttop: 0;\\n\\tleft: 0;\\n\\tbottom: 0;\\n\\tright: 0;\\n}\\n\\n.book .paperback_back {\\n\\tbackground-color: #333;\\n}\\n\\n\\\/* page *\\\/\\n\\n.book .ruled_paper > li {\\n\\tbackground-color: #fff;\\n\\tbackground-image: -webkit-linear-gradient(rgba(200, 200, 200, 0.1) 0.1em, transparent 0.1em), -webkit-linear-gradient(left, #e1ddd8 0%, #fffbf6 100%);\\n\\tbackground-image: -moz-linear-gradient(rgba(200, 200, 200, 0.1) 0.1em, transparent 0.1em), -moz-linear-gradient(left, #e1ddd8 0%, #fffbf6 100%);\\n\\tbackground-image: -ms-linear-gradient(rgba(200, 200, 200, 0.1) 0.1em, transparent 0.1em), -moz-linear-gradient(left, #e1ddd8 0%, #fffbf6 100%);\\n\\tbackground-image: linear-gradient(rgba(200, 200, 200, 0.1) 0.1em, transparent 0.1em), linear-gradient(left, #e1ddd8 0%, #fffbf6 100%);\\n\\tbackground-size: 100% 0.6em;\\n\\tbox-shadow: inset 0px -1px 2px rgba(50, 50, 50, 0.1), inset -1px 0px 1px rgba(150, 150, 150, 0.2);\\n\\tborder-radius: 0px 10px 10px 0px;\\n}\\n.book .ruled_paper>li:nth-child(1){background:url(&#8216;https:\\\/\\\/cacobi.com\\\/wp-content\\\/uploads\\\/book_pag_1.png&#8217;);}\\n.book .ruled_paper>li:nth-child(2){background:url(&#8216;https:\\\/\\\/cacobi.com\\\/wp-content\\\/uploads\\\/book_pag_2.png&#8217;);}\\n.book .ruled_paper>li:nth-child(3){background:url(&#8216;https:\\\/\\\/cacobi.com\\\/wp-content\\\/uploads\\\/book_pag_3.png&#8217;);}\\n.book .ruled_paper>li:nth-child(4){background:url(&#8216;https:\\\/\\\/cacobi.com\\\/wp-content\\\/uploads\\\/book_pag_1.png&#8217;);}\\n.book .ruled_paper>li:nth-child(5){background:url(&#8216;https:\\\/\\\/cacobi.com\\\/wp-content\\\/uploads\\\/book_pag_2.png&#8217;);}\\n\\n\\\/*\\n\\t3. opening cover, back cover and pages\\n*\\\/\\n\\n.book .paperback_front {\\n\\t-webkit-transform: rotateY(-38deg) translateZ(0px);\\n\\t-moz-transform: rotateY(-38deg) translateZ(0px);\\n\\ttransform: rotateY(-38deg) translateZ(0px);\\n\\tz-index: 100;\\n}\\n\\n.book .paperback_back {\\n\\t-webkit-transform: rotateY(-25deg);\\n\\t-moz-transform: rotateY(-25deg);\\n\\ttransform: rotateY(-25deg);\\n}\\n\\n.book .ruled_paper li:nth-child(1) {\\n\\t-webkit-transform: rotateY(-27deg);\\n\\t-moz-transform: rotateY(-27deg);\\n\\ttransform: rotateY(-27deg);\\n}\\n\\n.book .ruled_paper li:nth-child(2) {\\n\\t-webkit-transform: rotateY(-29deg);\\n\\t-moz-transform: rotateY(-29deg);\\n\\ttransform: rotateY(-29deg);\\n}\\n\\n.book .ruled_paper li:nth-child(3) {\\n\\t-webkit-transform: rotateY(-31deg);\\n\\t-moz-transform: rotateY(-31deg);\\n\\ttransform: rotateY(-31deg);\\n}\\n\\n.book .ruled_paper li:nth-child(4) {\\n\\t-webkit-transform: rotateY(-33deg);\\n\\t-moz-transform: rotateY(-33deg);\\n\\ttransform: rotateY(-33deg);\\n}\\n\\n.book .ruled_paper li:nth-child(5) {\\n\\t-webkit-transform: rotateY(-35deg);\\n\\t-moz-transform: rotateY(-35deg);\\n\\ttransform: rotateY(-35deg);\\n}\\n\\n\\\/*\\n\\t4. position, transform y transition\\n*\\\/\\n\\n.book .paperback_front,\\n.book .paperback_back,\\n.book .paperback_front li,\\n.book .paperback_back li {\\n\\tborder-radius: 2px 8px 8px 2px;\\n\\tposition: absolute;\\n\\ttop: 0;\\n\\tleft: 0px;\\n\\twidth: 100%;\\n\\theight: 100%;\\n\\t-webkit-transform-style: preserve-3d;\\n\\t-moz-transform-style: preserve-3d;\\n\\ttransform-style: preserve-3d;\\n}\\n\\n.book .paperback_front,\\n.book .paperback_back {\\n\\t-webkit-transform-origin: 0% 100%;\\n\\t-moz-transform-origin: 0% 100%;\\n\\ttransform-origin: 0% 100%;\\n}\\n\\n.book .paperback_front{\\n\\t-webkit-transition: all 0.5s ease, z-index 0.6s;\\n\\t-moz-transition: all 0.5s ease, z-index 0.6s;\\n\\ttransition: all 0.5s ease, z-index 0.6s;\\n}\\n\\n.book .paperback_front li img,\\n.book .paperback_back li img {\\n\\tborder-radius: 2px 8px 8px 2px;\\n\\tposition: absolute;\\n\\ttop: 0;\\n\\tleft: 0;\\n}\\n\\n\\\/* Ruled paper *\\\/\\n\\n.book .ruled_paper,\\n.book .ruled_paper > li {\\n\\tposition: absolute;\\n\\t-webkit-transform-style: preserve-3d;\\n\\t-moz-transform-style: preserve-3d;\\n\\ttransform-style: preserve-3d;\\n}\\n\\n.book .ruled_paper {\\n\\twidth: 98%;\\n\\theight: 98%;\\n\\ttop: 1%;\\n\\tleft: 1%;\\n\\tz-index: 10;\\n}\\n\\n.book .ruled_paper > li {\\n\\ttop: 0;\\n\\tleft: 0;\\n\\twidth: 100%;\\n\\theight: 100%;\\n}\\n\\n.book .ruled_paper > li {\\n\\t-webkit-transform-origin: left center;\\n\\t-moz-transform-origin: left center;\\n\\ttransform-origin: left center;\\n\\t-webkit-transition-property: transform;\\n\\t-moz-transition-property: transform;\\n\\ttransition-property: transform;\\n\\t-webkit-transition-timing-function: ease;\\n\\t-moz-transition-timing-function: ease;\\n\\ttransition-timing-function: ease;\\n}\\n\\n.book .ruled_paper li:nth-child(1) {\\n\\t-webkit-transition-duration: 0.6s;\\n\\t-moz-transition-duration: 0.6s;\\n\\ttransition-duration: 0.6s;\\n}\\n\\n.book .ruled_paper li:nth-child(2) {\\n\\t-webkit-transition-duration: 0.6s;\\n\\t-moz-transition-duration: 0.6s;\\n\\ttransition-duration: 0.6s;\\n}\\n\\n.book .ruled_paper li:nth-child(3) {\\n\\t-webkit-transition-duration: 0.4s;\\n\\t-moz-transition-duration: 0.4s;\\n\\ttransition-duration: 0.4s;\\n}\\n\\n.book .ruled_paper li:nth-child(4) {\\n\\t-webkit-transition-duration: 0.5s;\\n\\t-moz-transition-duration: 0.5s;\\n\\ttransition-duration: 0.5s;\\n}\\n\\n.book .ruled_paper li:nth-child(5) {\\n\\t-webkit-transition-duration: 0.5s;\\n\\t-moz-transition-duration: 0.5s;\\n\\ttransition-duration: 0.5s;\\n}\\n\\n\\\/*\\n\\t5. events\\n*\\\/\\n\\n.book:hover > .paperback_front {\\n\\t-webkit-transform: rotateY(-125deg) translateZ(0px);\\n\\t-moz-transform: rotateY(-125deg) translateZ(0px);\\n\\ttransform: rotateY(-125deg) translateZ(0px);\\n\\tz-index: 0;\\n}\\n\\n.book:hover > .ruled_paper li:nth-child(1) {\\n\\t-webkit-transform: rotateY(-30deg);\\n\\t-moz-transform: rotateY(-30deg);\\n\\ttransform: rotateY(-30deg);\\n\\t-webkit-transition-duration: 1.5s;\\n\\t-moz-transition-duration: 1.5s;\\n\\ttransition-duration: 1.5s;\\n}\\n\\n.book:hover > .ruled_paper li:nth-child(2) {\\n\\t-webkit-transform: rotateY(-35deg);\\n\\t-moz-transform: rotateY(-35deg);\\n\\ttransform: rotateY(-35deg);\\n\\t-webkit-transition-duration: 1.8s;\\n\\t-moz-transition-duration: 1.8s;\\n\\ttransition-duration: 1.8s;\\n}\\n\\n.book:hover > .ruled_paper li:nth-child(3) {\\n\\t-webkit-transform: rotateY(-110deg);\\n\\t-moz-transform: rotateY(-110deg);\\n\\ttransform: rotateY(-110deg);\\n\\t-webkit-transition-duration: 2.2s;\\n\\t-moz-transition-duration: 2.2s;\\n\\ttransition-duration: 2.2s;\\n}\\n\\n.book:hover > .ruled_paper li:nth-child(4) {\\n\\t-webkit-transform: rotateY(-115deg);\\n\\t-moz-transform: rotateY(-115deg);\\n\\ttransform: rotateY(-115deg);\\n\\t-webkit-transition-duration: 1.8s;\\n\\t-moz-transition-duration: 1.8s;\\n\\ttransition-duration: 1.8s;\\n}\\n\\n.book:hover > .ruled_paper li:nth-child(5) {\\n\\t-webkit-transform: rotateY(-120deg);\\n\\t-moz-transform: rotateY(-120deg);\\n\\ttransform: rotateY(-120deg);\\n\\t-webkit-transition-duration: 1.2s;\\n\\t-moz-transition-duration: 1.2s;\\n\\ttransition-duration: 1.2s;\\n}\\n\\n\\\/* Media Queries *\\\/\\n@media screen and (min-width: 37.8125em) {\\n\\t.book .align > li {\\n\\t\\twidth: 100%;\\n\\t\\tmin-height: 440px;\\n\\t\\theight: auto;\\n\\t\\tpadding: 0;\\n\\t\\tmargin: 0 0 30px 0;\\n\\t}\\n\\n\\t.book {\\n\\t\\tmargin: 30px auto 0;\\n\\t}\\n}&#8221;},&#8221;modified&#8221;:&#8221;2021-08-27T11:38:40.712Z&#8221;,&#8221;name&#8221;:&#8221;book&#8221;}]}],&#8221;props&#8221;:{&#8220;layout&#8221;:&#8221;3-4,1-4&#8243;}}],&#8221;name&#8221;:&#8221;&#8221;},{&#8220;type&#8221;:&#8221;section&#8221;,&#8221;props&#8221;:{&#8220;style&#8221;:&#8221;secondary&#8221;,&#8221;width&#8221;:&#8221;&#8221;,&#8221;vertical_align&#8221;:&#8221;middle&#8221;,&#8221;title_position&#8221;:&#8221;top-left&#8221;,&#8221;title_rotation&#8221;:&#8221;left&#8221;,&#8221;title_breakpoint&#8221;:&#8221;xl&#8221;,&#8221;image_position&#8221;:&#8221;center-center&#8221;,&#8221;image&#8221;:&#8221;&#8221;,&#8221;image_size&#8221;:&#8221;cover&#8221;,&#8221;image_effect&#8221;:&#8221;fixed&#8221;,&#8221;class&#8221;:&#8221;uk-pattern&#8221;,&#8221;animation&#8221;:&#8221;fade&#8221;,&#8221;animation_delay&#8221;:&#8221;400&#8243;,&#8221;padding&#8221;:&#8221;none&#8221;,&#8221;status&#8221;:&#8221;&#8221;,&#8221;css&#8221;:&#8221;.el-section{\\nbackground:#112656;}&#8221;},&#8221;children&#8221;:[{&#8220;type&#8221;:&#8221;row&#8221;,&#8221;children&#8221;:[{&#8220;type&#8221;:&#8221;column&#8221;,&#8221;props&#8221;:{&#8220;image_position&#8221;:&#8221;center-center&#8221;,&#8221;media_overlay_gradient&#8221;:&#8221;&#8221;,&#8221;width_medium&#8221;:&#8221;&#8221;},&#8221;children&#8221;:[]}],&#8221;props&#8221;:{&#8220;id&#8221;:&#8221;particles-js&#8221;,&#8221;margin&#8221;:&#8221;remove-vertical&#8221;}},{&#8220;type&#8221;:&#8221;row&#8221;,&#8221;children&#8221;:[{&#8220;type&#8221;:&#8221;column&#8221;,&#8221;props&#8221;:{&#8220;image_position&#8221;:&#8221;center-center&#8221;,&#8221;media_overlay_gradient&#8221;:&#8221;&#8221;,&#8221;width_medium&#8221;:&#8221;&#8221;},&#8221;children&#8221;:[{&#8220;type&#8221;:&#8221;headline&#8221;,&#8221;props&#8221;:{&#8220;title_element&#8221;:&#8221;h2&#8243;,&#8221;text_align&#8221;:&#8221;left&#8221;,&#8221;animation&#8221;:&#8221;fade&#8221;,&#8221;content&#8221;:&#8221;Qu\\u00e8 ens diferencia&#8221;,&#8221;class&#8221;:&#8221;&#8221;}},{&#8220;type&#8221;:&#8221;grid&#8221;,&#8221;props&#8221;:{&#8220;show_title&#8221;:true,&#8221;show_meta&#8221;:true,&#8221;show_content&#8221;:true,&#8221;show_image&#8221;:true,&#8221;show_link&#8221;:true,&#8221;grid_default&#8221;:&#8221;1&#8243;,&#8221;grid_medium&#8221;:&#8221;4&#8243;,&#8221;filter_style&#8221;:&#8221;tab&#8221;,&#8221;filter_all&#8221;:true,&#8221;filter_position&#8221;:&#8221;top&#8221;,&#8221;filter_align&#8221;:&#8221;left&#8221;,&#8221;filter_grid_width&#8221;:&#8221;auto&#8221;,&#8221;filter_grid_breakpoint&#8221;:&#8221;m&#8221;,&#8221;title_hover_style&#8221;:&#8221;reset&#8221;,&#8221;title_element&#8221;:&#8221;h3&#8243;,&#8221;title_align&#8221;:&#8221;top&#8221;,&#8221;title_grid_width&#8221;:&#8221;1-2&#8243;,&#8221;title_grid_breakpoint&#8221;:&#8221;m&#8221;,&#8221;meta_style&#8221;:&#8221;meta&#8221;,&#8221;meta_align&#8221;:&#8221;below-title&#8221;,&#8221;meta_element&#8221;:&#8221;div&#8221;,&#8221;content_column_breakpoint&#8221;:&#8221;m&#8221;,&#8221;icon_width&#8221;:80,&#8221;image_align&#8221;:&#8221;top&#8221;,&#8221;image_grid_width&#8221;:&#8221;1-2&#8243;,&#8221;image_grid_breakpoint&#8221;:&#8221;m&#8221;,&#8221;image_svg_color&#8221;:&#8221;emphasis&#8221;,&#8221;link_text&#8221;:&#8221;Read more&#8221;,&#8221;link_style&#8221;:&#8221;default&#8221;,&#8221;margin&#8221;:&#8221;default&#8221;,&#8221;item_animation&#8221;:true,&#8221;panel_style&#8221;:&#8221;card-default&#8221;,&#8221;panel_size&#8221;:&#8221;small&#8221;,&#8221;title_style&#8221;:&#8221;h4&#8243;,&#8221;class&#8221;:&#8221;servicios&#8221;,&#8221;title_color&#8221;:&#8221;primary&#8221;},&#8221;children&#8221;:[{&#8220;type&#8221;:&#8221;grid_item&#8221;,&#8221;props&#8221;:{&#8220;title&#8221;:&#8221;Coneixement&#8221;,&#8221;content&#8221;:&#8221;\n<p>En Lishkat Misjar\\u00a9 comptem amb un alt grau de coneixement i experi\\u00e8ncia en els mercats de Barcelona i Israel, mercats en qu\\u00e8 operem a m\\u00e9s d&#8217;oferir als nostres socis i clients la possibilitat de crear relacions comercials en mercats aliens.<\\\/p>&#8220;}},{&#8220;type&#8221;:&#8221;grid_item&#8221;,&#8221;props&#8221;:{&#8220;title&#8221;:&#8221;Especialitzaci\\u00f3&#8243;,&#8221;content&#8221;:&#8221;<\/p>\n<p>La nostra especialitzaci\\u00f3 rau en la nostra \\u00e0mplia xarxa de relacions comercials i en l&#8217;expertise que tenim en els mercats de Barcelona &#8211; Israel la qual cosa ens permet proporcionar els millors serveis i resultats als nostres socis i clients.<\\\/p>&#8220;}},{&#8220;type&#8221;:&#8221;grid_item&#8221;,&#8221;props&#8221;:{&#8220;title&#8221;:&#8221;Confian\\u00e7a&#8221;,&#8221;content&#8221;:&#8221;<\/p>\n<p>Ens responsabilitzem de tot el proc\\u00e9s, de manera que oferim tranquil\\u00b7litat i confian\\u00e7a als nostres socis i clients a trav\\u00e9s de la nostra constant supervisi\\u00f3 durant tot el projecte.<\\\/p>&#8220;}},{&#8220;type&#8221;:&#8221;grid_item&#8221;,&#8221;props&#8221;:{&#8220;title&#8221;:&#8221;Personalitzaci\\u00f3&#8243;,&#8221;content&#8221;:&#8221;<\/p>\n<p>En el nostre paquet serveis <strong>Empower<\\\/strong> personalitzem i adaptem les necessitats dels nostres socis i clients en base als seus objectius i interessos.<\\\/p>&#8220;}}]}]}],&#8221;props&#8221;:{&#8220;width&#8221;:&#8221;default&#8221;,&#8221;class&#8221;:&#8221;uk-margin-large-bottom&#8221;}}],&#8221;modified&#8221;:&#8221;2021-08-25T11:51:25.049Z&#8221;,&#8221;name&#8221;:&#8221;XP_particles&#8221;},{&#8220;type&#8221;:&#8221;section&#8221;,&#8221;props&#8221;:{&#8220;style&#8221;:&#8221;muted&#8221;,&#8221;width&#8221;:&#8221;&#8221;,&#8221;vertical_align&#8221;:&#8221;middle&#8221;,&#8221;title_position&#8221;:&#8221;top-left&#8221;,&#8221;title_rotation&#8221;:&#8221;left&#8221;,&#8221;title_breakpoint&#8221;:&#8221;xl&#8221;,&#8221;image_position&#8221;:&#8221;center-center&#8221;,&#8221;padding&#8221;:&#8221;none&#8221;,&#8221;animation&#8221;:&#8221;fade&#8221;},&#8221;children&#8221;:[{&#8220;type&#8221;:&#8221;row&#8221;,&#8221;props&#8221;:{&#8220;margin&#8221;:&#8221;xlarge&#8221;},&#8221;children&#8221;:[{&#8220;type&#8221;:&#8221;column&#8221;,&#8221;props&#8221;:{&#8220;image_position&#8221;:&#8221;center-center&#8221;,&#8221;media_overlay_gradient&#8221;:&#8221;&#8221;,&#8221;style&#8221;:&#8221;muted&#8221;,&#8221;padding&#8221;:&#8221;large&#8221;,&#8221;width_medium&#8221;:&#8221;1-1&#8243;},&#8221;children&#8221;:[{&#8220;type&#8221;:&#8221;quotation&#8221;,&#8221;props&#8221;:{&#8220;text_align&#8221;:&#8221;center&#8221;,&#8221;animation&#8221;:&#8221;slide-left-small&#8221;,&#8221;content&#8221;:&#8221;<\/p>\n<p>\\&#8221;Els homes constru\\u00efm massa murs i no suficients ponts\\&#8221;<\\\/p>&#8220;,&#8221;author&#8221;:&#8221;Isaac Newton&#8221;,&#8221;css&#8221;:&#8221;.el-author{\\n    color: #676767;\\n    font-size: 23px;\\n}&#8221;}}]}]}],&#8221;name&#8221;:&#8221;&#8221;}],&#8221;version&#8221;:&#8221;2.5.8&#8243;} &#8211;><\/p>\n","protected":false},"excerpt":{"rendered":"<p>Lishkat Misjar La nostra hist\u00f2ria Des de la seva constituci\u00f3 com Lishkat Misjar\u00a9, el nostre objectiu ha estat sempre el de facilitar les relacions comercials, impulsar el creixement econ\u00f2mic i potenciar el desenvolupament econ\u00f2mic entre Barcelona &#8211; Israel. Gr\u00e0cies a la nostra \u00e0mplia xarxa de contactes i connexions empresarials, tant en l&#8217;\u00e0mbit privat com p\u00fablic, [&hellip;]<\/p>\n","protected":false},"author":1,"featured_media":0,"parent":0,"menu_order":2,"comment_status":"open","ping_status":"closed","template":"","meta":{"footnotes":""},"class_list":["post-2325","page","type-page","status-publish","hentry"],"_links":{"self":[{"href":"https:\/\/cacobi.com\/ca\/wp-json\/wp\/v2\/pages\/2325","targetHints":{"allow":["GET"]}}],"collection":[{"href":"https:\/\/cacobi.com\/ca\/wp-json\/wp\/v2\/pages"}],"about":[{"href":"https:\/\/cacobi.com\/ca\/wp-json\/wp\/v2\/types\/page"}],"author":[{"embeddable":true,"href":"https:\/\/cacobi.com\/ca\/wp-json\/wp\/v2\/users\/1"}],"replies":[{"embeddable":true,"href":"https:\/\/cacobi.com\/ca\/wp-json\/wp\/v2\/comments?post=2325"}],"version-history":[{"count":4,"href":"https:\/\/cacobi.com\/ca\/wp-json\/wp\/v2\/pages\/2325\/revisions"}],"predecessor-version":[{"id":2330,"href":"https:\/\/cacobi.com\/ca\/wp-json\/wp\/v2\/pages\/2325\/revisions\/2330"}],"wp:attachment":[{"href":"https:\/\/cacobi.com\/ca\/wp-json\/wp\/v2\/media?parent=2325"}],"curies":[{"name":"wp","href":"https:\/\/api.w.org\/{rel}","templated":true}]}}