{"id":2169,"date":"2021-08-31T10:05:50","date_gmt":"2021-08-31T08:05:50","guid":{"rendered":"https:\/\/lishkatmisjar.com\/?page_id=2169"},"modified":"2022-01-07T10:19:10","modified_gmt":"2022-01-07T09:19:10","slug":"inici","status":"publish","type":"page","link":"https:\/\/cacobi.com\/ca\/","title":{"rendered":"Inici"},"content":{"rendered":"<h1>Construint ponts<br \/>entre Barcelona i Israel<\/h1>\n<h2>Lishkat Misjar<\/h2>\n<div>\n<p><strong>Lishkat Misjar<sup>\u00a9 <\/sup><\/strong>\u00e9s la <strong>cambra de comer\u00e7 privada Barcelona &#8211; Israel<\/strong> <strong>(CACOBI)<\/strong>. El nostre objectiu \u00e9s facilitar les relacions comercials, impulsar el creixement empresarial i potenciar el desenvolupament econ\u00f2mic entre Barcelona &#8211; Israel.<\/p>\n<p>Som el punt de refer\u00e8ncia i actor d&#8217;excel\u00b7l\u00e8ncia en les relacions comercials i el creixement empresarial entre Barcelona &#8211; Israel. El nostre objectiu \u00e9s refor\u00e7ar el teixit empresarial i enfortir la competitivitat dels nostres socis i clients a trav\u00e9s de la nostra expertesa i els nostres serveis oferts.<\/p>\n<p>El nostre treball ens ha convertit en una refer\u00e8ncia nacional i internacional a l&#8217;hora de crear ponts entre els dos pa\u00efsos i d&#8217;expandir aquests ponts a nivell internacional.<\/p>\n<\/div>\n<p>\n    <a href=\"\/ca\/empresa\/\">Veure m\u00e9s <\/a>\n<\/p>\n<div>\n<div id=\"brujula_base_silver\">\n<img decoding=\"async\" src=\"\/wp-content\/uploads\/brujula_flecha_blue.png\">\n<\/div>\n<\/div>\n<h2>Els nostres serveis<\/h2>\n<ul>\n<li>\n<h3>Serveis de Activate<\/h3>\n<p>Des de 100\u20ac al mes<\/p>\n<div>\n<ul>\n<li>Visibilitat<\/li>\n<li>Acc\u00e9s a informaci\u00f3 empresarial<\/li>\n<li>Gesti\u00f3 de l&#8217;proc\u00e9s de Due Diligence<\/li>\n<li>Ajuda a la recerca de finan\u00e7ament<\/li>\n<li>Informes d&#8217;evoluci\u00f3 de mercat i tecnologies<\/li>\n<li>Recerca i coordinaci\u00f3 de fonts de cooperaci\u00f3 a nivell local, nacional i internacional<\/li>\n<\/ul>\n<\/div>\n<p><a href=\"\/ca\/serveis\/\">Veure m\u00e9s<\/a><\/p>\n<\/li>\n<li>\n<h3>Serveis de Empower<\/h3>\n<p>Pressupost personalitzat en funci\u00f3 de necessitats<\/p>\n<div>\n<p>Permet personalitzar i adaptar les necessitats dels nostres clients.<\/p>\n<p>En aquest servei el pressupost est\u00e0 adaptat a cada client en base als seus interessos i als el servei espec\u00edfic que estiguin buscant.<\/p>\n<\/div>\n<p><a href=\"\/ca\/serveis\/\">Veure m\u00e9s<\/a><\/p>\n<\/li>\n<\/ul>\n<h2>Perfil de clients<\/h2>\n<ul>\n<li>\n<p>        <img decoding=\"async\" src=\"\/wp-content\/uploads\/photo-1544148103-0773bf10d330-scaled.jpg\" alt=\"\"><\/p>\n<h3>PYMES<\/h3>\n<\/li>\n<li>\n<p>        <img decoding=\"async\" src=\"\/wp-content\/uploads\/photo-1590650516494-0c8e4a4dd67e.jpg\" alt=\"\"><\/p>\n<h3>Corporacions<\/h3>\n<\/li>\n<li>\n<p>        <img decoding=\"async\" src=\"\/wp-content\/uploads\/photo-1519074002996-a69e7ac46a42-scaled.jpg\" alt=\"\"><\/p>\n<h3>Startups<\/h3>\n<\/li>\n<li>\n<p>        <img decoding=\"async\" src=\"\/wp-content\/uploads\/photo-1460925895917-afdab827c52f.jpg\" alt=\"\"><\/p>\n<h3>Inversors<\/h3>\n<\/li>\n<li>\n<p>        <img decoding=\"async\" src=\"\/wp-content\/uploads\/photo-1577896851231-70ef18881754.jpg\" alt=\"\"><\/p>\n<h3>Escoles<\/h3>\n<\/li>\n<li>\n<p>        <img decoding=\"async\" src=\"\/wp-content\/uploads\/photo-1524178232363-1fb2b075b655-scaled.jpg\" alt=\"\"><\/p>\n<h3>Universitats<\/h3>\n<\/li>\n<li>\n<p>        <img decoding=\"async\" src=\"\/wp-content\/uploads\/photo-1578496480240-32d3e0c04525-scaled.jpg\" alt=\"\"><\/p>\n<h3>Centres Transf. Tech<\/h3>\n<\/li>\n<li>\n<p>        <img decoding=\"async\" src=\"\/wp-content\/uploads\/photo-1473649085228-583485e6e4d7-scaled.jpg\" alt=\"\"><\/p>\n<h3>ONGs<\/h3>\n<\/li>\n<li>\n<p>        <img decoding=\"async\" src=\"\/wp-content\/uploads\/pexels-markus-winkler-3532527-scaled.jpg\" alt=\"\"><\/p>\n<h3>Comunitats aut\u00f2nomes<\/h3>\n<\/li>\n<li>\n<p>        <img decoding=\"async\" src=\"\/wp-content\/uploads\/photo-1603201667141-5a2d4c673378-scaled.jpg\" alt=\"\"><\/p>\n<h3>Org. empresarials p\u00fabliques<\/h3>\n<\/li>\n<li>\n<p>        <img decoding=\"async\" src=\"\/wp-content\/uploads\/diputacio-de-barcelona.jpeg\" alt=\"\"><\/p>\n<h3>Diputacions<\/h3>\n<\/li>\n<li>\n<p>        <img decoding=\"async\" src=\"\/wp-content\/uploads\/photo-1595415961896-7809eea97c9e-scaled.jpg\" alt=\"\"><\/p>\n<h3>Ajuntaments<\/h3>\n<\/li>\n<\/ul>\n<p><!--more--><br \/>\n<!-- {\"name\":\"WPML_inicio\",\"type\":\"layout\",\"children\":[{\"type\":\"section\",\"props\":{\"style\":\"secondary\",\"width\":\"default\",\"vertical_align\":\"middle\",\"title_position\":\"top-left\",\"title_rotation\":\"left\",\"title_breakpoint\":\"xl\",\"image_position\":\"center-center\",\"image\":\"\",\"image_size\":\"cover\",\"padding\":\"xlarge\",\"media_overlay\":\"rgba(0, 0, 0, 0.5)\",\"header_transparent\":\"light\",\"video\":\"wp-content\\\/uploads\\\/prova_video.mp4\",\"status\":\"\"},\"children\":[{\"type\":\"row\",\"children\":[{\"type\":\"column\",\"props\":{\"image_position\":\"center-center\",\"media_overlay_gradient\":\"\",\"position_sticky_breakpoint\":\"m\"},\"children\":[{\"type\":\"headline\",\"props\":{\"title_element\":\"h1\",\"content\":\"Construint ponts<br \\\/>entre Barcelona i Israel\",\"text_align\":\"center\"}}]}]}]},{\"type\":\"section\",\"props\":{\"style\":\"default\",\"width\":\"default\",\"vertical_align\":\"middle\",\"title_position\":\"top-left\",\"title_rotation\":\"left\",\"title_breakpoint\":\"xl\",\"image_position\":\"center-center\"},\"children\":[{\"type\":\"row\",\"props\":{\"layout\":\"3-4,1-4\"},\"children\":[{\"type\":\"column\",\"props\":{\"image_position\":\"center-center\",\"media_overlay_gradient\":\"\",\"width_medium\":\"3-4\",\"position_sticky_breakpoint\":\"m\"},\"children\":[{\"type\":\"headline\",\"props\":{\"title_element\":\"h2\",\"text_align\":\"left\",\"animation\":\"fade\",\"content\":\"Lishkat Misjar\",\"class\":\"\",\"title_color\":\"primary\"}},{\"type\":\"text\",\"props\":{\"margin\":\"default\",\"column_breakpoint\":\"m\",\"content\":\"\n\n<p><strong>Lishkat Misjar<sup>\\u00a9 <\\\/sup><\\\/strong>\\u00e9s la <strong>cambra de comer\\u00e7 privada Barcelona - Israel<\\\/strong> <strong>(CACOBI)<\\\/strong>. El nostre objectiu \\u00e9s facilitar les relacions comercials, impulsar el creixement empresarial i potenciar el desenvolupament econ\\u00f2mic entre Barcelona - Israel.<\\\/p>\\n\n\n<p>Som el punt de refer\\u00e8ncia i actor d'excel\\u00b7l\\u00e8ncia en les relacions comercials i el creixement empresarial entre Barcelona - Israel. El nostre objectiu \\u00e9s refor\\u00e7ar el teixit empresarial i enfortir la competitivitat dels nostres socis i clients a trav\\u00e9s de la nostra expertesa i els nostres serveis oferts.<\\\/p>\\n\n\n<p>El nostre treball ens ha convertit en una refer\\u00e8ncia nacional i internacional a l'hora de crear ponts entre els dos pa\\u00efsos i d'expandir aquests ponts a nivell internacional.<\\\/p>\"}},{\"type\":\"button\",\"props\":{\"grid_column_gap\":\"small\",\"grid_row_gap\":\"small\",\"margin\":\"default\"},\"children\":[{\"type\":\"button_item\",\"props\":{\"button_style\":\"primary\",\"icon_align\":\"right\",\"content\":\"Veure m\\u00e9s \",\"link\":\"\\\/ca\\\/empresa\\\/\",\"icon\":\"chevron-right\"}}]}]},{\"type\":\"column\",\"props\":{\"image_position\":\"center-center\",\"media_overlay_gradient\":\"\",\"width_medium\":\"1-4\",\"vertical_align\":\"middle\",\"position_sticky_breakpoint\":\"m\"},\"children\":[{\"type\":\"html\",\"props\":{\"content\":\"\n\n<div id=\\\"brujula_base_silver\\\">\\n<img src=\\\"\\\/wp-content\\\/uploads\\\/brujula_flecha_blue.png\\\">\\n<\\\/div>\",\"css\":\"#brujula_base_silver{\\nbackground-image:url('\\\/wp-content\\\/uploads\\\/brujula_base_silver.png');\\nbackground-size:100%;\\nmax-width:200px;\\nmax-height:200px;\\nmargin:auto;\\n}\\n#brujula_base_silver img{\\nanimation: brujula 6s infinite linear;\\n}\\n@keyframes brujula{\\n  0% { transform: rotate(0deg);}\\n  10% { transform: rotate(5deg);}\\n  20% { transform: rotate(-5deg);}\\n  30% { transform: rotate(3deg);}\\n  40% { transform: rotate(-8deg);}\\n  50% { transform: rotate(5deg);}\\n  60% { transform: rotate(-5deg);}\\n  70% { transform: rotate(10deg);}\\n  80% { transform: rotate(-5deg);}\\n  90% { transform: rotate(15deg);}\\n  100% { transform: rotate(0deg);}\\n}\"}}]}]}]},{\"type\":\"section\",\"props\":{\"style\":\"secondary\",\"width\":\"\",\"vertical_align\":\"middle\",\"title_position\":\"top-left\",\"title_rotation\":\"left\",\"title_breakpoint\":\"xl\",\"image_position\":\"center-center\",\"image\":\"\",\"image_size\":\"cover\",\"image_effect\":\"fixed\",\"class\":\"uk-pattern\",\"animation\":\"fade\",\"animation_delay\":\"400\",\"padding\":\"none\",\"status\":\"\",\"css\":\".el-section{\\nbackground:#112656;}\"},\"children\":[{\"type\":\"row\",\"children\":[{\"type\":\"column\",\"props\":{\"image_position\":\"center-center\",\"media_overlay_gradient\":\"\",\"width_medium\":\"\",\"position_sticky_breakpoint\":\"m\"},\"children\":[]}],\"props\":{\"id\":\"particles-js\",\"margin\":\"remove-vertical\"}},{\"type\":\"row\",\"children\":[{\"type\":\"column\",\"props\":{\"image_position\":\"center-center\",\"media_overlay_gradient\":\"\",\"width_medium\":\"\",\"position_sticky_breakpoint\":\"m\"},\"children\":[{\"type\":\"headline\",\"props\":{\"title_element\":\"h2\",\"text_align\":\"left\",\"animation\":\"fade\",\"content\":\"Els nostres serveis\",\"class\":\"\"}},{\"type\":\"grid\",\"props\":{\"show_title\":true,\"show_meta\":true,\"show_content\":true,\"show_image\":true,\"show_link\":true,\"grid_default\":\"1\",\"grid_medium\":\"2\",\"filter_style\":\"tab\",\"filter_all\":true,\"filter_position\":\"top\",\"filter_align\":\"left\",\"filter_grid_width\":\"auto\",\"filter_grid_breakpoint\":\"m\",\"title_hover_style\":\"reset\",\"title_element\":\"h3\",\"title_align\":\"top\",\"title_grid_width\":\"1-2\",\"title_grid_breakpoint\":\"m\",\"meta_style\":\"meta\",\"meta_align\":\"below-title\",\"meta_element\":\"div\",\"content_column_breakpoint\":\"m\",\"icon_width\":80,\"image_align\":\"top\",\"image_grid_width\":\"1-2\",\"image_grid_breakpoint\":\"m\",\"image_svg_color\":\"emphasis\",\"link_text\":\"Veure m\\u00e9s\",\"link_style\":\"primary\",\"margin\":\"default\",\"item_animation\":true,\"panel_style\":\"card-default\",\"panel_link\":true,\"class\":\"servicios\",\"css\":\".el-title{color: #111;}\\n.el-meta{color: #aaa;}\\n.el-content{color: #111;}\\n.el-link{color: #111;}\\n.el-link:hover{color: #fff;}\",\"meta_margin\":\"small\",\"title_color\":\"primary\",\"panel_image_no_padding\":true,\"panel_padding\":\"default\"},\"children\":[{\"type\":\"grid_item\",\"props\":{\"title\":\"Serveis de Activate\",\"meta\":\"Des de 100\\u20ac al mes\",\"content\":\"\n\n<ul>\\n\n\n<li>Visibilitat<\\\/li>\\n\n\n<li>Acc\\u00e9s a informaci\\u00f3 empresarial<\\\/li>\\n\n\n<li>Gesti\\u00f3 de l'proc\\u00e9s de Due Diligence<\\\/li>\\n\n\n<li>Ajuda a la recerca de finan\\u00e7ament<\\\/li>\\n\n\n<li>Informes d'evoluci\\u00f3 de mercat i tecnologies<\\\/li>\\n\n\n<li>Recerca i coordinaci\\u00f3 de fonts de cooperaci\\u00f3 a nivell local, nacional i internacional<\\\/li>\\n<\\\/ul>\",\"image\":\"\",\"link\":\"\\\/ca\\\/serveis\\\/\"}},{\"type\":\"grid_item\",\"props\":{\"title\":\"Serveis de Empower\",\"meta\":\"Pressupost personalitzat en funci\\u00f3 de necessitats\",\"content\":\"\n\n<p>Permet personalitzar i adaptar les necessitats dels nostres clients.<\\\/p>\\n\n\n<p>En aquest servei el pressupost est\\u00e0 adaptat a cada client en base als seus interessos i als el servei espec\\u00edfic que estiguin buscant.<\\\/p>\",\"image\":\"\",\"link\":\"\\\/ca\\\/serveis\\\/\"}}]}]}],\"props\":{\"width\":\"default\",\"class\":\"uk-margin-large-bottom\"}}]},{\"type\":\"section\",\"props\":{\"style\":\"muted\",\"width\":\"default\",\"vertical_align\":\"middle\",\"title_position\":\"top-left\",\"title_rotation\":\"left\",\"title_breakpoint\":\"xl\",\"image_position\":\"center-center\"},\"children\":[{\"type\":\"row\",\"children\":[{\"type\":\"column\",\"props\":{\"image_position\":\"center-center\",\"media_overlay_gradient\":\"\",\"position_sticky_breakpoint\":\"m\"},\"children\":[{\"type\":\"headline\",\"props\":{\"title_element\":\"h2\",\"text_align\":\"left\",\"animation\":\"fade\",\"content\":\"Perfil de clients\",\"class\":\"\",\"title_color\":\"primary\"}},{\"type\":\"overlay-slider\",\"props\":{\"show_title\":true,\"show_meta\":true,\"show_content\":true,\"show_link\":true,\"slider_width\":\"fixed\",\"slider_width_default\":\"1-1\",\"slider_width_medium\":\"1-3\",\"slider_gap\":\"default\",\"slider_autoplay_pause\":false,\"nav\":\"\",\"nav_align\":\"center\",\"nav_breakpoint\":\"s\",\"slidenav\":\"outside\",\"slidenav_margin\":\"\",\"slidenav_breakpoint\":\"s\",\"slidenav_outside_breakpoint\":\"s\",\"overlay_mode\":\"caption\",\"overlay_position\":\"bottom\",\"overlay_transition\":\"fade\",\"title_hover_style\":\"reset\",\"title_element\":\"h3\",\"meta_style\":\"meta\",\"meta_align\":\"below-title\",\"meta_element\":\"div\",\"link_text\":\"Read more\",\"link_style\":\"default\",\"text_align\":\"center\",\"margin\":\"default\",\"slider_autoplay\":true,\"overlay_hover\":false,\"overlay_style\":\"overlay-default\",\"image_width\":\"400\",\"image_height\":\"300\",\"overlay_padding\":\"small\",\"slidenav_color\":\"dark\",\"slidenav_large\":true,\"slidenav_outside_color\":\"dark\",\"title_style\":\"h4\",\"show_hover_image\":true},\"children\":[{\"type\":\"overlay-slider_item\",\"props\":{\"image\":\"wp-content\\\/uploads\\\/photo-1544148103-0773bf10d330-scaled.jpg\",\"title\":\"PYMES\"}},{\"type\":\"overlay-slider_item\",\"props\":{\"image\":\"wp-content\\\/uploads\\\/photo-1590650516494-0c8e4a4dd67e.jpg\",\"title\":\"Corporacions\"}},{\"type\":\"overlay-slider_item\",\"props\":{\"image\":\"wp-content\\\/uploads\\\/photo-1519074002996-a69e7ac46a42-scaled.jpg\",\"title\":\"Startups\"}},{\"type\":\"overlay-slider_item\",\"props\":{\"image\":\"wp-content\\\/uploads\\\/photo-1460925895917-afdab827c52f.jpg\",\"title\":\"Inversors\"}},{\"type\":\"overlay-slider_item\",\"props\":{\"image\":\"wp-content\\\/uploads\\\/photo-1577896851231-70ef18881754.jpg\",\"title\":\"Escoles\"}},{\"type\":\"overlay-slider_item\",\"props\":{\"image\":\"wp-content\\\/uploads\\\/photo-1524178232363-1fb2b075b655-scaled.jpg\",\"title\":\"Universitats\"}},{\"type\":\"overlay-slider_item\",\"props\":{\"image\":\"wp-content\\\/uploads\\\/photo-1578496480240-32d3e0c04525-scaled.jpg\",\"title\":\"Centres Transf. Tech\"}},{\"type\":\"overlay-slider_item\",\"props\":{\"image\":\"wp-content\\\/uploads\\\/photo-1473649085228-583485e6e4d7-scaled.jpg\",\"title\":\"ONGs\"}},{\"type\":\"overlay-slider_item\",\"props\":{\"image\":\"wp-content\\\/uploads\\\/pexels-markus-winkler-3532527-scaled.jpg\",\"title\":\"Comunitats aut\\u00f2nomes\"}},{\"type\":\"overlay-slider_item\",\"props\":{\"image\":\"wp-content\\\/uploads\\\/photo-1603201667141-5a2d4c673378-scaled.jpg\",\"title\":\"Org. empresarials p\\u00fabliques\"}},{\"type\":\"overlay-slider_item\",\"props\":{\"image\":\"wp-content\\\/uploads\\\/diputacio-de-barcelona.jpeg\",\"title\":\"Diputacions\"}},{\"type\":\"overlay-slider_item\",\"props\":{\"image\":\"wp-content\\\/uploads\\\/photo-1595415961896-7809eea97c9e-scaled.jpg\",\"title\":\"Ajuntaments\"}}]}]}]}]}],\"version\":\"2.7.14\"} --><\/p>\n","protected":false},"excerpt":{"rendered":"<p>Construint pontsentre Barcelona i Israel Lishkat Misjar Lishkat Misjar\u00a9 \u00e9s la cambra de comer\u00e7 privada Barcelona &#8211; Israel (CACOBI). El nostre objectiu \u00e9s facilitar les relacions comercials, impulsar el creixement empresarial i potenciar el desenvolupament econ\u00f2mic entre Barcelona &#8211; Israel. Som el punt de refer\u00e8ncia i actor d&#8217;excel\u00b7l\u00e8ncia en les relacions comercials i el creixement [&hellip;]<\/p>\n","protected":false},"author":1,"featured_media":0,"parent":0,"menu_order":1,"comment_status":"open","ping_status":"closed","template":"","meta":{"footnotes":""},"class_list":["post-2169","page","type-page","status-publish","hentry"],"_links":{"self":[{"href":"https:\/\/cacobi.com\/ca\/wp-json\/wp\/v2\/pages\/2169","targetHints":{"allow":["GET"]}}],"collection":[{"href":"https:\/\/cacobi.com\/ca\/wp-json\/wp\/v2\/pages"}],"about":[{"href":"https:\/\/cacobi.com\/ca\/wp-json\/wp\/v2\/types\/page"}],"author":[{"embeddable":true,"href":"https:\/\/cacobi.com\/ca\/wp-json\/wp\/v2\/users\/1"}],"replies":[{"embeddable":true,"href":"https:\/\/cacobi.com\/ca\/wp-json\/wp\/v2\/comments?post=2169"}],"version-history":[{"count":5,"href":"https:\/\/cacobi.com\/ca\/wp-json\/wp\/v2\/pages\/2169\/revisions"}],"predecessor-version":[{"id":2849,"href":"https:\/\/cacobi.com\/ca\/wp-json\/wp\/v2\/pages\/2169\/revisions\/2849"}],"wp:attachment":[{"href":"https:\/\/cacobi.com\/ca\/wp-json\/wp\/v2\/media?parent=2169"}],"curies":[{"name":"wp","href":"https:\/\/api.w.org\/{rel}","templated":true}]}}